{"id":13342,"date":"2026-02-27T00:17:32","date_gmt":"2026-02-27T00:17:32","guid":{"rendered":"https:\/\/nordicmart.andreevmaster.com\/product\/ekho-collection-barstolar-2-pack-barstolar-i-barhojd-syntetiskt-lader-med-sommar-mid-century-modern-counter-stools-26-tum-kichen-home-bar-ruokailutila\/"},"modified":"2026-02-27T08:10:48","modified_gmt":"2026-02-27T08:10:48","slug":"ekho-collection-barstolar-2-pack-barstolar-i-barhojd-syntetiskt-lader-med-sommar-mid-century-modern-counter-stools-26-tum-kichen-home-bar-ruokailutila","status":"publish","type":"product","link":"https:\/\/nordicmart.andreevmaster.com\/sv\/produkt\/ekho-collection-barstolar-2-pack-barstolar-i-barhojd-syntetiskt-lader-med-sommar-mid-century-modern-counter-stools-26-tum-kichen-home-bar-ruokailutila\/","title":{"rendered":"EKHO Collection &#8211; Barstolar, 2-pack, barstolar i barh\u00f6jd, syntetiskt l\u00e4der med s\u00f6mmar, Mid-Century Modern Counter Stools, 26 tum, Kichen Home Bar Ruokailutila"},"content":{"rendered":"<p>[Stil som talar] Dessa barstolar ing\u00e5r i VASAGLE EKHO-kollektionen, en m\u00f6belserie som kombinerar m\u00f6nstrat konstl\u00e4der med elegant s\u00f6mnad. Det \u00e4r en konkret hyllning till hantverket och hj\u00e4lper till att skapa ett hem som talar om stil.[Sitt bekv\u00e4mt] Dessa k\u00f6ksstolar har en rymlig sittyta p\u00e5 15&#8243; D x 17,7&#8243; W, som \u00e4r kl\u00e4dd med ett sl\u00e4tt \u00f6verdrag och fylld med en 3,9&#8243; tjock skumplastkudde med h\u00f6g densitet, vilket ger utm\u00e4rkt st\u00f6d. Upplev h\u00e5llbar komfort som st\u00e5r emot tidens tand. [Dolda justerbara ben] Njut av stabilitet och stil. Dessa pallar med dolda justerbara ben erbjuder stabila sittytor \u00e4ven p\u00e5 n\u00e5got oj\u00e4mna golv och beh\u00e5ller samtidigt ett str\u00f6mlinjeformat utseende som \u00f6kar deras estetiska attraktionskraft.[Enkel montering, m\u00e5ngsidig anv\u00e4ndning] Med tydliga instruktioner och det medf\u00f6ljande monteringsverktyget \u00e4r det barnsligt enkelt att montera dessa k\u00f6kspallar. P\u00e5 nolltid \u00e4r de redo att f\u00f6rh\u00f6ja ditt k\u00f6k, din matsal eller fungera som snygga tillf\u00e4lliga sittplatser.[Enkel att reng\u00f6ra och elegant] Oavsiktliga spill? Ingen fara! Det vattent\u00e5liga \u00f6verdraget i syntetiskt l\u00e4der kan torkas rent p\u00e5 nolltid. De mattlackerade st\u00e5lbenen \u00e4r rept\u00e5liga och beh\u00e5ller sin eleganta charm \u00e4ven vid daglig anv\u00e4ndning.Tekniska uppgifter: F\u00e4rg: F\u00e4rger: F\u00e4rgerna \u00e4r mm: Duvgr\u00e5 Material: PU (polyuretan) l\u00e4der, plywood. Produktens storlek: 15 &#8221;D x 17,7&#8221; B x 26 &#8221;H (38 x 45 x 66 cm).Totalvikt: 11,2 kg (24,7 lb). Max. Statisk belastningskapacitet per pall: 120 kg (265 lb)<\/p>\n","protected":false},"excerpt":{"rendered":"<p>[Stil som talar] Dessa barstolar ing\u00e5r i VASAGLE EKHO-kollektionen, en m\u00f6belserie som kombinerar m\u00f6nstrat konstl\u00e4der med elegant s\u00f6mnad. Det \u00e4r en konkret hyllning till hantverket och hj\u00e4lper till att skapa ett hem som talar om stil.[Sitt bekv\u00e4mt] Dessa k\u00f6ksstolar har en rymlig sittyta p\u00e5 15&#8243; D x 17,7&#8243; W, som \u00e4r kl\u00e4dd med ett sl\u00e4tt [&hellip;]<\/p>\n","protected":false},"featured_media":0,"comment_status":"open","ping_status":"closed","template":"","meta":[],"product_brand":[],"product_cat":[33],"product_tag":[],"class_list":{"0":"post-13342","1":"product","2":"type-product","3":"status-publish","5":"product_cat-okategoriserad","7":"first","8":"instock","9":"shipping-taxable","10":"product-type-simple"},"_links":{"self":[{"href":"https:\/\/nordicmart.andreevmaster.com\/sv\/wp-json\/wp\/v2\/product\/13342","targetHints":{"allow":["GET"]}}],"collection":[{"href":"https:\/\/nordicmart.andreevmaster.com\/sv\/wp-json\/wp\/v2\/product"}],"about":[{"href":"https:\/\/nordicmart.andreevmaster.com\/sv\/wp-json\/wp\/v2\/types\/product"}],"replies":[{"embeddable":true,"href":"https:\/\/nordicmart.andreevmaster.com\/sv\/wp-json\/wp\/v2\/comments?post=13342"}],"wp:attachment":[{"href":"https:\/\/nordicmart.andreevmaster.com\/sv\/wp-json\/wp\/v2\/media?parent=13342"}],"wp:term":[{"taxonomy":"product_brand","embeddable":true,"href":"https:\/\/nordicmart.andreevmaster.com\/sv\/wp-json\/wp\/v2\/product_brand?post=13342"},{"taxonomy":"product_cat","embeddable":true,"href":"https:\/\/nordicmart.andreevmaster.com\/sv\/wp-json\/wp\/v2\/product_cat?post=13342"},{"taxonomy":"product_tag","embeddable":true,"href":"https:\/\/nordicmart.andreevmaster.com\/sv\/wp-json\/wp\/v2\/product_tag?post=13342"}],"curies":[{"name":"wp","href":"https:\/\/api.w.org\/{rel}","templated":true}]}}