{"id":13341,"date":"2026-02-27T00:17:31","date_gmt":"2026-02-27T00:17:31","guid":{"rendered":"https:\/\/nordicmart.andreevmaster.com\/product\/barstolar-2-st-koksstolar-konstlader-dekorativa-knappar-och-nitar-massiva-traben-66-cm-hoga-hemmabar-matsal-latt-att-montera-kaffebrun\/"},"modified":"2026-02-27T08:10:48","modified_gmt":"2026-02-27T08:10:48","slug":"barstolar-2-st-koksstolar-konstlader-dekorativa-knappar-och-nitar-massiva-traben-66-cm-hoga-hemmabar-matsal-latt-att-montera-kaffebrun","status":"publish","type":"product","link":"https:\/\/nordicmart.andreevmaster.com\/sv\/produkt\/barstolar-2-st-koksstolar-konstlader-dekorativa-knappar-och-nitar-massiva-traben-66-cm-hoga-hemmabar-matsal-latt-att-montera-kaffebrun\/","title":{"rendered":"Barstolar 2 st, k\u00f6ksstolar, konstl\u00e4der, dekorativa knappar och nitar, massiva tr\u00e4ben, 66 cm h\u00f6ga, hemmabar, matsal, l\u00e4tt att montera, kaffebrun"},"content":{"rendered":"<p>[\u00d6verg\u00e5ngsestetik] Denna barstol med dekorativa knoppar och spikar utstr\u00e5lar klassisk elegans. De unikt formade benen ger dem ett visuellt tilltalande utseende och g\u00f6r dem till ett i\u00f6gonfallande tillskott i vilket hem som helst.[V\u00e4lkommen till komfort] Varf\u00f6r v\u00e4lja mellan stil och komfort? Med ett gener\u00f6st vadderat s\u00e4te tillverkat av t\u00e4t, formbest\u00e4ndig skumplast och integrerade fotst\u00f6d som \u00f6kar komforten kan du f\u00e5 b\u00e5da![Uppm\u00e4rksamhet p\u00e5 detaljer] Varje frukostpall har ett metallskyddat fotst\u00f6d som garanterar h\u00e5llbarhet och enkel reng\u00f6ring, \u00e4ven om du trampar p\u00e5 dem med skor.[Stabil och s\u00e4ker] Massiva ben med justerbara f\u00f6tter garanterar stabilitet p\u00e5 n\u00e5got oj\u00e4mna golv och skyddar samtidigt golvet fr\u00e5n repor. K\u00f6kspallen \u00e4r tillr\u00e4ckligt stark f\u00f6r att t\u00e5la en vikt p\u00e5 upp till 120 kg.[Enkel montering] Det \u00e4r barnsligt enkelt att montera k\u00f6ksstolen. F\u00f6lj bara de tydliga instruktionerna s\u00e5 \u00e4r stolen klar att anv\u00e4ndas p\u00e5 nolltid. Tekniska uppgifter: Modellnummer: Modell: Stolen \u00e4r utrustad med en stol som inte \u00e4r utrustad med en stol: LBC085K01 F\u00e4rg: Brun<br \/>\nProduktens m\u00e5tt: 32 x 44 x 66 cm: 32 x 44 x 66 cm<br \/>\nProduktens vikt: 8,8 kg<\/p>\n","protected":false},"excerpt":{"rendered":"<p>[\u00d6verg\u00e5ngsestetik] Denna barstol med dekorativa knoppar och spikar utstr\u00e5lar klassisk elegans. De unikt formade benen ger dem ett visuellt tilltalande utseende och g\u00f6r dem till ett i\u00f6gonfallande tillskott i vilket hem som helst.[V\u00e4lkommen till komfort] Varf\u00f6r v\u00e4lja mellan stil och komfort? Med ett gener\u00f6st vadderat s\u00e4te tillverkat av t\u00e4t, formbest\u00e4ndig skumplast och integrerade fotst\u00f6d som [&hellip;]<\/p>\n","protected":false},"featured_media":0,"comment_status":"open","ping_status":"closed","template":"","meta":[],"product_brand":[],"product_cat":[33],"product_tag":[],"class_list":{"0":"post-13341","1":"product","2":"type-product","3":"status-publish","5":"product_cat-okategoriserad","7":"first","8":"instock","9":"shipping-taxable","10":"product-type-simple"},"_links":{"self":[{"href":"https:\/\/nordicmart.andreevmaster.com\/sv\/wp-json\/wp\/v2\/product\/13341","targetHints":{"allow":["GET"]}}],"collection":[{"href":"https:\/\/nordicmart.andreevmaster.com\/sv\/wp-json\/wp\/v2\/product"}],"about":[{"href":"https:\/\/nordicmart.andreevmaster.com\/sv\/wp-json\/wp\/v2\/types\/product"}],"replies":[{"embeddable":true,"href":"https:\/\/nordicmart.andreevmaster.com\/sv\/wp-json\/wp\/v2\/comments?post=13341"}],"wp:attachment":[{"href":"https:\/\/nordicmart.andreevmaster.com\/sv\/wp-json\/wp\/v2\/media?parent=13341"}],"wp:term":[{"taxonomy":"product_brand","embeddable":true,"href":"https:\/\/nordicmart.andreevmaster.com\/sv\/wp-json\/wp\/v2\/product_brand?post=13341"},{"taxonomy":"product_cat","embeddable":true,"href":"https:\/\/nordicmart.andreevmaster.com\/sv\/wp-json\/wp\/v2\/product_cat?post=13341"},{"taxonomy":"product_tag","embeddable":true,"href":"https:\/\/nordicmart.andreevmaster.com\/sv\/wp-json\/wp\/v2\/product_tag?post=13341"}],"curies":[{"name":"wp","href":"https:\/\/api.w.org\/{rel}","templated":true}]}}