{"id":13340,"date":"2026-02-27T00:17:31","date_gmt":"2026-02-27T00:17:31","guid":{"rendered":"https:\/\/nordicmart.andreevmaster.com\/product\/baarijakkarat-2-kpl-counter-height-bar-stools-26-tuumainen-keittio-counter-jakkarat-puujalkojen-kanssa-pu-nahkaiset-baarijakkarat-pehmustetut-jakkarat-keittiosaarelle-ruokailuhuoneeseen-ink-black-2\/"},"modified":"2026-02-27T08:10:48","modified_gmt":"2026-02-27T08:10:48","slug":"baarijakkarat-2-kpl-counter-height-bar-stools-26-tuumainen-keittio-counter-jakkarat-puujalkojen-kanssa-pu-nahkaiset-baarijakkarat-pehmustetut-jakkarat-keittiosaarelle-ruokailuhuoneeseen-ink-black-2","status":"publish","type":"product","link":"https:\/\/nordicmart.andreevmaster.com\/sv\/produkt\/baarijakkarat-2-kpl-counter-height-bar-stools-26-tuumainen-keittio-counter-jakkarat-puujalkojen-kanssa-pu-nahkaiset-baarijakkarat-pehmustetut-jakkarat-keittiosaarelle-ruokailuhuoneeseen-ink-black-2\/","title":{"rendered":"Baarijakkarat 2 kpl, Counter Height Bar Stools, 26-tuumainen keitti\u00f6 Counter jakkarat puujalkojen kanssa, PU-nahkaiset baarijakkarat pehmustetut jakkarat keitti\u00f6saarelle ruokailuhuoneeseen, Ink Black"},"content":{"rendered":"<p>[\u00d6verg\u00e5ngsestetik] Dessa barstolar, som \u00e4r dekorerade med tuftade knappar och spikar, utstr\u00e5lar klassisk elegans. De unikt formade benen \u00f6kar den visuella attraktionen, vilket g\u00f6r dem till ett i\u00f6gonfallande tillskott till vilket hem som helst.[Omfamna komfort] Varf\u00f6r v\u00e4lja mellan stil och komfort? Den gener\u00f6st vadderade sitsen \u00e4r tillverkad av h\u00f6gdensitetsskum som t\u00e5l formf\u00f6r\u00e4ndringar, och de inbyggda fotst\u00f6den \u00f6kar komforten, s\u00e5 du kan f\u00e5 b\u00e5da![Uppm\u00e4rksamma detaljerna] Varje frukostpall har ett metallskyddat fotst\u00f6d som \u00e4r utformat f\u00f6r att vara h\u00e5llbart och l\u00e4tt att reng\u00f6ra, \u00e4ven om man trampar p\u00e5 det med skor.[Stabil och s\u00e4ker] Massiva tr\u00e4ben med justerbara f\u00f6tter ger stabilitet p\u00e5 n\u00e5got oj\u00e4mna golv och skyddar samtidigt golvet fr\u00e5n repor. Varje k\u00f6kspall \u00e4r tillr\u00e4ckligt stark f\u00f6r att h\u00e5lla en vikt p\u00e5 upp till 265 lb.[Enkel montering] Att montera ett nytt par barstolar \u00e4r barnsligt enkelt. F\u00f6lj bara de enkla instruktionerna s\u00e5 \u00e4r de klara att anv\u00e4ndas p\u00e5 nolltid. Tekniska specifikationer: F\u00e4rg: Svart Material: PU (polyuretan) l\u00e4der.Produktens storlek: 12,6&#8243; D x 17,3&#8243; B x 26&#8243; H (32 x 44 x 66 cm)<br \/>\nProduktens totalvikt: 8,8 kg (19,4 lb).Max. statisk belastningskapacitet per pall: 120 kg (265 lb)<\/p>\n<p>F\u00f6rpackningens inneh\u00e5ll:<br \/>\n2 x barpall<br \/>\n1 x tillbeh\u00f6rssats<br \/>\n1 x instruktioner<\/p>\n","protected":false},"excerpt":{"rendered":"<p>[\u00d6verg\u00e5ngsestetik] Dessa barstolar, som \u00e4r dekorerade med tuftade knappar och spikar, utstr\u00e5lar klassisk elegans. De unikt formade benen \u00f6kar den visuella attraktionen, vilket g\u00f6r dem till ett i\u00f6gonfallande tillskott till vilket hem som helst.[Omfamna komfort] Varf\u00f6r v\u00e4lja mellan stil och komfort? Den gener\u00f6st vadderade sitsen \u00e4r tillverkad av h\u00f6gdensitetsskum som t\u00e5l formf\u00f6r\u00e4ndringar, och de inbyggda [&hellip;]<\/p>\n","protected":false},"featured_media":0,"comment_status":"open","ping_status":"closed","template":"","meta":[],"product_brand":[],"product_cat":[33],"product_tag":[],"class_list":{"0":"post-13340","1":"product","2":"type-product","3":"status-publish","5":"product_cat-okategoriserad","7":"first","8":"instock","9":"shipping-taxable","10":"product-type-simple"},"_links":{"self":[{"href":"https:\/\/nordicmart.andreevmaster.com\/sv\/wp-json\/wp\/v2\/product\/13340","targetHints":{"allow":["GET"]}}],"collection":[{"href":"https:\/\/nordicmart.andreevmaster.com\/sv\/wp-json\/wp\/v2\/product"}],"about":[{"href":"https:\/\/nordicmart.andreevmaster.com\/sv\/wp-json\/wp\/v2\/types\/product"}],"replies":[{"embeddable":true,"href":"https:\/\/nordicmart.andreevmaster.com\/sv\/wp-json\/wp\/v2\/comments?post=13340"}],"wp:attachment":[{"href":"https:\/\/nordicmart.andreevmaster.com\/sv\/wp-json\/wp\/v2\/media?parent=13340"}],"wp:term":[{"taxonomy":"product_brand","embeddable":true,"href":"https:\/\/nordicmart.andreevmaster.com\/sv\/wp-json\/wp\/v2\/product_brand?post=13340"},{"taxonomy":"product_cat","embeddable":true,"href":"https:\/\/nordicmart.andreevmaster.com\/sv\/wp-json\/wp\/v2\/product_cat?post=13340"},{"taxonomy":"product_tag","embeddable":true,"href":"https:\/\/nordicmart.andreevmaster.com\/sv\/wp-json\/wp\/v2\/product_tag?post=13340"}],"curies":[{"name":"wp","href":"https:\/\/api.w.org\/{rel}","templated":true}]}}