{"id":13337,"date":"2026-02-27T00:17:30","date_gmt":"2026-02-27T00:17:30","guid":{"rendered":"https:\/\/nordicmart.andreevmaster.com\/product\/echo-collection-ulbc080k01-barstolar-2-st-koksstolar-frukoststolar-sydda-i-konstlader-248-tum-hoga-hemmabar-matsal-enkla-att-montera-karamellbruna\/"},"modified":"2026-02-27T08:10:47","modified_gmt":"2026-02-27T08:10:47","slug":"echo-collection-ulbc080k01-barstolar-2-st-koksstolar-frukoststolar-sydda-i-konstlader-248-tum-hoga-hemmabar-matsal-enkla-att-montera-karamellbruna","status":"publish","type":"product","link":"https:\/\/nordicmart.andreevmaster.com\/sv\/produkt\/echo-collection-ulbc080k01-barstolar-2-st-koksstolar-frukoststolar-sydda-i-konstlader-248-tum-hoga-hemmabar-matsal-enkla-att-montera-karamellbruna\/","title":{"rendered":"Echo Collection ULBC080K01 Barstolar, 2 st, k\u00f6ksstolar, frukoststolar, sydda i konstl\u00e4der, 24,8 tum h\u00f6ga, hemmabar, matsal, enkla att montera, karamellbruna"},"content":{"rendered":"","protected":false},"excerpt":{"rendered":"","protected":false},"featured_media":0,"comment_status":"open","ping_status":"closed","template":"","meta":[],"product_brand":[],"product_cat":[33],"product_tag":[],"class_list":{"0":"post-13337","1":"product","2":"type-product","3":"status-publish","5":"product_cat-okategoriserad","7":"first","8":"instock","9":"shipping-taxable","10":"product-type-simple"},"_links":{"self":[{"href":"https:\/\/nordicmart.andreevmaster.com\/sv\/wp-json\/wp\/v2\/product\/13337","targetHints":{"allow":["GET"]}}],"collection":[{"href":"https:\/\/nordicmart.andreevmaster.com\/sv\/wp-json\/wp\/v2\/product"}],"about":[{"href":"https:\/\/nordicmart.andreevmaster.com\/sv\/wp-json\/wp\/v2\/types\/product"}],"replies":[{"embeddable":true,"href":"https:\/\/nordicmart.andreevmaster.com\/sv\/wp-json\/wp\/v2\/comments?post=13337"}],"wp:attachment":[{"href":"https:\/\/nordicmart.andreevmaster.com\/sv\/wp-json\/wp\/v2\/media?parent=13337"}],"wp:term":[{"taxonomy":"product_brand","embeddable":true,"href":"https:\/\/nordicmart.andreevmaster.com\/sv\/wp-json\/wp\/v2\/product_brand?post=13337"},{"taxonomy":"product_cat","embeddable":true,"href":"https:\/\/nordicmart.andreevmaster.com\/sv\/wp-json\/wp\/v2\/product_cat?post=13337"},{"taxonomy":"product_tag","embeddable":true,"href":"https:\/\/nordicmart.andreevmaster.com\/sv\/wp-json\/wp\/v2\/product_tag?post=13337"}],"curies":[{"name":"wp","href":"https:\/\/api.w.org\/{rel}","templated":true}]}}