{"id":13335,"date":"2026-02-27T00:17:30","date_gmt":"2026-02-27T00:17:30","guid":{"rendered":"https:\/\/nordicmart.andreevmaster.com\/product\/echo-collection-ulbc080c01-barstolar-2-st-koksstolar-frukoststolar-sytt-konstlader-24-8-hog-hemmabar-matsal-enkel-montering-skogsgron\/"},"modified":"2026-02-27T08:10:47","modified_gmt":"2026-02-27T08:10:47","slug":"echo-collection-ulbc080c01-barstolar-2-st-koksstolar-frukoststolar-sytt-konstlader-24-8-hog-hemmabar-matsal-enkel-montering-skogsgron","status":"publish","type":"product","link":"https:\/\/nordicmart.andreevmaster.com\/sv\/produkt\/echo-collection-ulbc080c01-barstolar-2-st-koksstolar-frukoststolar-sytt-konstlader-24-8-hog-hemmabar-matsal-enkel-montering-skogsgron\/","title":{"rendered":"Echo Collection ULBC080C01 Barstolar, 2 st., k\u00f6ksstolar, frukoststolar, sytt konstl\u00e4der, 24.8&#8243; h\u00f6g, hemmabar, matsal, enkel montering, skogsgr\u00f6n"},"content":{"rendered":"<p>[Lyft ditt rum] Upplev den tilldragande blandningen av konstl\u00e4der, sofistikerad s\u00f6mnad och stilfulla koniska ben i dessa ECHO Collection barstolar, en konkret hyllning till hantverkets anda, som lyfter hemmet till nya h\u00f6jder av elegans.<br \/>\nKomfort \u00f6verallt: F\u00f6r handen \u00f6ver den lena kl\u00e4dseln och njut sedan av den stadiga lyxen fr\u00e5n 3,1 tum tjockt, extra elastiskt skumgummi. Dessa barstolar erbjuder en bekv\u00e4m sittupplevelse som h\u00e5ller i sig och st\u00e5r emot tidens tand.<br \/>\n[Anpassningsbar elegans] Denna upps\u00e4ttning av 2 barstolar, med unika stegvisa fotst\u00f6d, \u00e4r den senaste spelf\u00f6r\u00e4ndraren. De passar enkelt f\u00f6r v\u00e4nner i alla l\u00e4ngder och erbjuder en o\u00f6vertr\u00e4ffad kombination av komfort och m\u00e5ngsidighet.<br \/>\nStabil stabilitet, mjuk mot golvet: Dessa k\u00f6ksstolar garanterar stabilitet p\u00e5 oj\u00e4mna ytor och en j\u00e4mn, repfri kontakt, vilket ger sinnesro f\u00f6r lugna drinkar eller livliga fester.<br \/>\n[Enkel att reng\u00f6ra och stilfull] Tillf\u00e4lliga spill? Oroa dig inte! Det vattenavvisande \u00f6verdraget av syntetiskt l\u00e4der kan reng\u00f6ras p\u00e5 ett \u00f6gonblick. Mattfinishade st\u00e5lben t\u00e5l repor och beh\u00e5ller sin sofistikerade charm \u00e4ven vid daglig anv\u00e4ndning.<\/p>\n","protected":false},"excerpt":{"rendered":"<p>[Lyft ditt rum] Upplev den tilldragande blandningen av konstl\u00e4der, sofistikerad s\u00f6mnad och stilfulla koniska ben i dessa ECHO Collection barstolar, en konkret hyllning till hantverkets anda, som lyfter hemmet till nya h\u00f6jder av elegans. Komfort \u00f6verallt: F\u00f6r handen \u00f6ver den lena kl\u00e4dseln och njut sedan av den stadiga lyxen fr\u00e5n 3,1 tum tjockt, extra elastiskt [&hellip;]<\/p>\n","protected":false},"featured_media":0,"comment_status":"open","ping_status":"closed","template":"","meta":[],"product_brand":[],"product_cat":[33],"product_tag":[],"class_list":{"0":"post-13335","1":"product","2":"type-product","3":"status-publish","5":"product_cat-okategoriserad","7":"first","8":"instock","9":"shipping-taxable","10":"product-type-simple"},"_links":{"self":[{"href":"https:\/\/nordicmart.andreevmaster.com\/sv\/wp-json\/wp\/v2\/product\/13335","targetHints":{"allow":["GET"]}}],"collection":[{"href":"https:\/\/nordicmart.andreevmaster.com\/sv\/wp-json\/wp\/v2\/product"}],"about":[{"href":"https:\/\/nordicmart.andreevmaster.com\/sv\/wp-json\/wp\/v2\/types\/product"}],"replies":[{"embeddable":true,"href":"https:\/\/nordicmart.andreevmaster.com\/sv\/wp-json\/wp\/v2\/comments?post=13335"}],"wp:attachment":[{"href":"https:\/\/nordicmart.andreevmaster.com\/sv\/wp-json\/wp\/v2\/media?parent=13335"}],"wp:term":[{"taxonomy":"product_brand","embeddable":true,"href":"https:\/\/nordicmart.andreevmaster.com\/sv\/wp-json\/wp\/v2\/product_brand?post=13335"},{"taxonomy":"product_cat","embeddable":true,"href":"https:\/\/nordicmart.andreevmaster.com\/sv\/wp-json\/wp\/v2\/product_cat?post=13335"},{"taxonomy":"product_tag","embeddable":true,"href":"https:\/\/nordicmart.andreevmaster.com\/sv\/wp-json\/wp\/v2\/product_tag?post=13335"}],"curies":[{"name":"wp","href":"https:\/\/api.w.org\/{rel}","templated":true}]}}