{"id":13334,"date":"2026-02-27T00:17:29","date_gmt":"2026-02-27T00:17:29","guid":{"rendered":"https:\/\/nordicmart.andreevmaster.com\/product\/vasagle-ekho-kollektion-barstolar-2-pack-enkel-montering-63-cm-hoga\/"},"modified":"2026-02-27T08:10:47","modified_gmt":"2026-02-27T08:10:47","slug":"vasagle-ekho-kollektion-barstolar-2-pack-enkel-montering-63-cm-hoga","status":"publish","type":"product","link":"https:\/\/nordicmart.andreevmaster.com\/sv\/produkt\/vasagle-ekho-kollektion-barstolar-2-pack-enkel-montering-63-cm-hoga\/","title":{"rendered":"VASAGLE EKHO-kollektion \u2013 Barstolar, 2-pack, enkel montering, 63 cm h\u00f6ga"},"content":{"rendered":"<p>VASAGLE Echo-kollektion barstolar, 2-pack, barstol, k\u00f6ksstol, konstl\u00e4der, 76,2 cm h\u00f6g, f\u00f6r k\u00f6k, matsal, enkel montering<br \/>\nF\u00e4rg: Svart<br \/>\nMaterial: st\u00e5l, h\u00f6gelastiskt skum, PU-konstl\u00e4der (polyuretan), plywood<br \/>\nStorlek per pall: 49,5 x 49,5 x 63 cm (D x B x H\uff09<br \/>\nTotalvikt: 7,3 kg<br \/>\nMax. statisk belastningskapacitet per pall: 120 kg<\/p>\n","protected":false},"excerpt":{"rendered":"<p>VASAGLE Echo-kollektion barstolar, 2-pack, barstol, k\u00f6ksstol, konstl\u00e4der, 76,2 cm h\u00f6g, f\u00f6r k\u00f6k, matsal, enkel montering<\/p>\n","protected":false},"featured_media":0,"comment_status":"open","ping_status":"closed","template":"","meta":[],"product_brand":[],"product_cat":[33],"product_tag":[],"class_list":{"0":"post-13334","1":"product","2":"type-product","3":"status-publish","5":"product_cat-okategoriserad","7":"first","8":"instock","9":"shipping-taxable","10":"purchasable","11":"product-type-simple"},"_links":{"self":[{"href":"https:\/\/nordicmart.andreevmaster.com\/sv\/wp-json\/wp\/v2\/product\/13334","targetHints":{"allow":["GET"]}}],"collection":[{"href":"https:\/\/nordicmart.andreevmaster.com\/sv\/wp-json\/wp\/v2\/product"}],"about":[{"href":"https:\/\/nordicmart.andreevmaster.com\/sv\/wp-json\/wp\/v2\/types\/product"}],"replies":[{"embeddable":true,"href":"https:\/\/nordicmart.andreevmaster.com\/sv\/wp-json\/wp\/v2\/comments?post=13334"}],"wp:attachment":[{"href":"https:\/\/nordicmart.andreevmaster.com\/sv\/wp-json\/wp\/v2\/media?parent=13334"}],"wp:term":[{"taxonomy":"product_brand","embeddable":true,"href":"https:\/\/nordicmart.andreevmaster.com\/sv\/wp-json\/wp\/v2\/product_brand?post=13334"},{"taxonomy":"product_cat","embeddable":true,"href":"https:\/\/nordicmart.andreevmaster.com\/sv\/wp-json\/wp\/v2\/product_cat?post=13334"},{"taxonomy":"product_tag","embeddable":true,"href":"https:\/\/nordicmart.andreevmaster.com\/sv\/wp-json\/wp\/v2\/product_tag?post=13334"}],"curies":[{"name":"wp","href":"https:\/\/api.w.org\/{rel}","templated":true}]}}