{"id":13333,"date":"2026-02-27T00:17:29","date_gmt":"2026-02-27T00:17:29","guid":{"rendered":"https:\/\/nordicmart.andreevmaster.com\/product\/vasagle-barstolar-2-pack-med-ryggstod-vete-brun-molnvit\/"},"modified":"2026-02-27T08:10:47","modified_gmt":"2026-02-27T08:10:47","slug":"vasagle-barstolar-2-pack-med-ryggstod-vete-brun-molnvit","status":"publish","type":"product","link":"https:\/\/nordicmart.andreevmaster.com\/sv\/produkt\/vasagle-barstolar-2-pack-med-ryggstod-vete-brun-molnvit\/","title":{"rendered":"VASAGLE barstolar, 2-pack med ryggst\u00f6d, vete-brun-molnvit"},"content":{"rendered":"<p>VASAGLE barstolar, 2-pack, barstolar, k\u00f6ksstolar, med ryggst\u00f6d, st\u00e5lstativ, enkel montering, industriell design, vintagebrun-svart LBC078B01<br \/>\nF\u00e4rg: Vete-brun-molnvit<br \/>\nMaterial: sp\u00e5nskiva, st\u00e5l<br \/>\nStorlek per pall: 45,4 x 45,4 x 102,2 cm (D x B x H)<br \/>\nSitsens storlek: 34 x 34 cm (D x B)<br \/>\nSitsh\u00f6jd (fr\u00e5n golvet): 74 cm<br \/>\nH\u00f6jd p\u00e5 fotst\u00f6d (fr\u00e5n golvet): 30,5 cm<br \/>\nRyggst\u00f6dets h\u00f6jd (fr\u00e5n sitsen): 28,2 cm<br \/>\nStorlek p\u00e5 ryggst\u00f6det: 34 x 15 cm (B x H)<br \/>\nRyggst\u00f6dets lutningsvinkel: 103\u00b0<br \/>\nVikt per pall: 14,4 kg<br \/>\nMax. statisk belastningskapacitet per pall: 110 kg<\/p>\n","protected":false},"excerpt":{"rendered":"<p>VASAGLE barstolar, 2-pack, barstolar, k\u00f6ksstolar, med ryggst\u00f6d, st\u00e5lstativ, enkel montering, industriell design, vintagebrun-svart LBC078B01<\/p>\n","protected":false},"featured_media":41494,"comment_status":"open","ping_status":"closed","template":"","meta":[],"product_brand":[],"product_cat":[33],"product_tag":[],"class_list":{"0":"post-13333","1":"product","2":"type-product","3":"status-publish","4":"has-post-thumbnail","6":"product_cat-okategoriserad","8":"first","9":"instock","10":"shipping-taxable","11":"purchasable","12":"product-type-simple"},"_links":{"self":[{"href":"https:\/\/nordicmart.andreevmaster.com\/sv\/wp-json\/wp\/v2\/product\/13333","targetHints":{"allow":["GET"]}}],"collection":[{"href":"https:\/\/nordicmart.andreevmaster.com\/sv\/wp-json\/wp\/v2\/product"}],"about":[{"href":"https:\/\/nordicmart.andreevmaster.com\/sv\/wp-json\/wp\/v2\/types\/product"}],"replies":[{"embeddable":true,"href":"https:\/\/nordicmart.andreevmaster.com\/sv\/wp-json\/wp\/v2\/comments?post=13333"}],"wp:featuredmedia":[{"embeddable":true,"href":"https:\/\/nordicmart.andreevmaster.com\/sv\/wp-json\/wp\/v2\/media\/41494"}],"wp:attachment":[{"href":"https:\/\/nordicmart.andreevmaster.com\/sv\/wp-json\/wp\/v2\/media?parent=13333"}],"wp:term":[{"taxonomy":"product_brand","embeddable":true,"href":"https:\/\/nordicmart.andreevmaster.com\/sv\/wp-json\/wp\/v2\/product_brand?post=13333"},{"taxonomy":"product_cat","embeddable":true,"href":"https:\/\/nordicmart.andreevmaster.com\/sv\/wp-json\/wp\/v2\/product_cat?post=13333"},{"taxonomy":"product_tag","embeddable":true,"href":"https:\/\/nordicmart.andreevmaster.com\/sv\/wp-json\/wp\/v2\/product_tag?post=13333"}],"curies":[{"name":"wp","href":"https:\/\/api.w.org\/{rel}","templated":true}]}}