{"id":13331,"date":"2026-02-27T00:17:29","date_gmt":"2026-02-27T00:17:29","guid":{"rendered":"https:\/\/nordicmart.andreevmaster.com\/product\/vasagle-2-pack-barstolar-med-ryggstod\/"},"modified":"2026-02-27T08:10:46","modified_gmt":"2026-02-27T08:10:46","slug":"vasagle-2-pack-barstolar-med-ryggstod","status":"publish","type":"product","link":"https:\/\/nordicmart.andreevmaster.com\/sv\/produkt\/vasagle-2-pack-barstolar-med-ryggstod\/","title":{"rendered":"VASAGLE 2-pack barstolar med ryggst\u00f6d"},"content":{"rendered":"<p>Produktdetaljer: &#8211; F\u00e4rg: Vintagebrun-svart &#8211; Material: Sp\u00e5nskiva, st\u00e5l &#8211; Storlek per pall: 45,4 x 45,4 x 102,2 cm (D x B x H) &#8211; Storlek p\u00e5 sittytan: 34 x 34 cm (D x B) &#8211; H\u00f6jd p\u00e5 sittytan (fr\u00e5n golvet): 74 cm &#8211; Fotst\u00f6dets h\u00f6jd (fr\u00e5n golvet): 30,5 cm &#8211; Ryggst\u00f6dets h\u00f6jd (fr\u00e5n sitsen): 28,2 cm &#8211; Ryggst\u00f6dets storlek: 34 x 15 cm (D x B) &#8211; Ryggst\u00f6dets lutningsvinkel: 103\u00b0 &#8211; Vikt per pall: 13,8 kg &#8211; Max. statisk belastningskapacitet per pall: 136 kg Leveransomfattning: &#8211; 2 x barpallar &#8211; 1 x tillbeh\u00f6rspaket &#8211; 1 x bruksanvisning VASAGLE Anm\u00e4rkningar: &#8211; Av s\u00e4kerhetssk\u00e4l \u00e4r det f\u00f6rbjudet f\u00f6r barn att kl\u00e4ttra p\u00e5 eller leka med produkten. &#8211; Den maximala statiska belastningskapaciteten f\u00f6r b\u00e4nken \u00e4r 136 kg. \u00d6verskrid inte denna maximala vikt.<\/p>\n","protected":false},"excerpt":{"rendered":"<p>VASAGLE barstolar, 2-pack, barstolar, k\u00f6ksstolar, med ryggst\u00f6d, st\u00e5lstativ, enkel montering, industriell design, vintagebrun-svart LBC078B01<\/p>\n","protected":false},"featured_media":41492,"comment_status":"open","ping_status":"closed","template":"","meta":[],"product_brand":[],"product_cat":[33],"product_tag":[],"class_list":{"0":"post-13331","1":"product","2":"type-product","3":"status-publish","4":"has-post-thumbnail","6":"product_cat-okategoriserad","8":"first","9":"instock","10":"shipping-taxable","11":"purchasable","12":"product-type-simple"},"_links":{"self":[{"href":"https:\/\/nordicmart.andreevmaster.com\/sv\/wp-json\/wp\/v2\/product\/13331","targetHints":{"allow":["GET"]}}],"collection":[{"href":"https:\/\/nordicmart.andreevmaster.com\/sv\/wp-json\/wp\/v2\/product"}],"about":[{"href":"https:\/\/nordicmart.andreevmaster.com\/sv\/wp-json\/wp\/v2\/types\/product"}],"replies":[{"embeddable":true,"href":"https:\/\/nordicmart.andreevmaster.com\/sv\/wp-json\/wp\/v2\/comments?post=13331"}],"wp:featuredmedia":[{"embeddable":true,"href":"https:\/\/nordicmart.andreevmaster.com\/sv\/wp-json\/wp\/v2\/media\/41492"}],"wp:attachment":[{"href":"https:\/\/nordicmart.andreevmaster.com\/sv\/wp-json\/wp\/v2\/media?parent=13331"}],"wp:term":[{"taxonomy":"product_brand","embeddable":true,"href":"https:\/\/nordicmart.andreevmaster.com\/sv\/wp-json\/wp\/v2\/product_brand?post=13331"},{"taxonomy":"product_cat","embeddable":true,"href":"https:\/\/nordicmart.andreevmaster.com\/sv\/wp-json\/wp\/v2\/product_cat?post=13331"},{"taxonomy":"product_tag","embeddable":true,"href":"https:\/\/nordicmart.andreevmaster.com\/sv\/wp-json\/wp\/v2\/product_tag?post=13331"}],"curies":[{"name":"wp","href":"https:\/\/api.w.org\/{rel}","templated":true}]}}