{"id":13327,"date":"2026-02-27T00:17:28","date_gmt":"2026-02-27T00:17:28","guid":{"rendered":"https:\/\/nordicmart.andreevmaster.com\/product\/vasagle-vagghylla-med-5-hyllplan-for-vaxter-och-cd-skivor\/"},"modified":"2026-02-27T08:10:46","modified_gmt":"2026-02-27T08:10:46","slug":"vasagle-vagghylla-med-5-hyllplan-for-vaxter-och-cd-skivor","status":"publish","type":"product","link":"https:\/\/nordicmart.andreevmaster.com\/sv\/produkt\/vasagle-vagghylla-med-5-hyllplan-for-vaxter-och-cd-skivor\/","title":{"rendered":"VASAGLE V\u00e4gghylla med 5 hyllplan f\u00f6r v\u00e4xter och CD-skivor"},"content":{"rendered":"<p>VASAGLE h\u00f6rnhylla, v\u00e4gghylla med 5 hyllplan, flytande hylla f\u00f6r k\u00f6k, sovrum, vardagsrum, arbetsrum, v\u00e4xter, CD-skivor, dekoration<\/p>\n","protected":false},"excerpt":{"rendered":"<p>VASAGLE h\u00f6rnhylla, v\u00e4gghylla med 5 hyllplan, flytande hylla f\u00f6r k\u00f6k, sovrum, vardagsrum, arbetsrum, v\u00e4xter, CD-skivor, dekoration<\/p>\n","protected":false},"featured_media":41488,"comment_status":"open","ping_status":"closed","template":"","meta":[],"product_brand":[],"product_cat":[33],"product_tag":[],"class_list":{"0":"post-13327","1":"product","2":"type-product","3":"status-publish","4":"has-post-thumbnail","6":"product_cat-okategoriserad","8":"first","9":"instock","10":"shipping-taxable","11":"purchasable","12":"product-type-simple"},"_links":{"self":[{"href":"https:\/\/nordicmart.andreevmaster.com\/sv\/wp-json\/wp\/v2\/product\/13327","targetHints":{"allow":["GET"]}}],"collection":[{"href":"https:\/\/nordicmart.andreevmaster.com\/sv\/wp-json\/wp\/v2\/product"}],"about":[{"href":"https:\/\/nordicmart.andreevmaster.com\/sv\/wp-json\/wp\/v2\/types\/product"}],"replies":[{"embeddable":true,"href":"https:\/\/nordicmart.andreevmaster.com\/sv\/wp-json\/wp\/v2\/comments?post=13327"}],"wp:featuredmedia":[{"embeddable":true,"href":"https:\/\/nordicmart.andreevmaster.com\/sv\/wp-json\/wp\/v2\/media\/41488"}],"wp:attachment":[{"href":"https:\/\/nordicmart.andreevmaster.com\/sv\/wp-json\/wp\/v2\/media?parent=13327"}],"wp:term":[{"taxonomy":"product_brand","embeddable":true,"href":"https:\/\/nordicmart.andreevmaster.com\/sv\/wp-json\/wp\/v2\/product_brand?post=13327"},{"taxonomy":"product_cat","embeddable":true,"href":"https:\/\/nordicmart.andreevmaster.com\/sv\/wp-json\/wp\/v2\/product_cat?post=13327"},{"taxonomy":"product_tag","embeddable":true,"href":"https:\/\/nordicmart.andreevmaster.com\/sv\/wp-json\/wp\/v2\/product_tag?post=13327"}],"curies":[{"name":"wp","href":"https:\/\/api.w.org\/{rel}","templated":true}]}}