{"id":13325,"date":"2026-02-27T00:17:27","date_gmt":"2026-02-27T00:17:27","guid":{"rendered":"https:\/\/nordicmart.andreevmaster.com\/product\/vasagle-barstolar-i-industriell-design-2-pack-antracit-och-svart\/"},"modified":"2026-02-27T08:10:45","modified_gmt":"2026-02-27T08:10:45","slug":"vasagle-barstolar-i-industriell-design-2-pack-antracit-och-svart","status":"publish","type":"product","link":"https:\/\/nordicmart.andreevmaster.com\/sv\/produkt\/vasagle-barstolar-i-industriell-design-2-pack-antracit-och-svart\/","title":{"rendered":"VASAGLE barstolar i industriell design, 2-pack, antracit och svart"},"content":{"rendered":"<p>VASAGLE Barstolar, 2-pack, barstolar, k\u00f6ksstolar, f\u00f6r k\u00f6k, vardagsrum, matsal, industriell design, vintagebrun-svart LBC070B01<br \/>\n&#8211; F\u00e4rg: antracit, svart.<br \/>\nMaterial: sp\u00e5nskiva, st\u00e5l.<br \/>\n&#8211; Storlek p\u00e5 varje pall: 50,7 x 43,1 x 97,2 cm (D x B x H).<br \/>\n&#8211; Vikt per pall: 12,8 kg.<br \/>\n&#8211; Max. statisk belastning per pall: 130 kg.<\/p>\n","protected":false},"excerpt":{"rendered":"<p>VASAGLE Barstolar, 2-pack, barstolar, k\u00f6ksstolar, f\u00f6r k\u00f6k, vardagsrum, matsal, industriell design, vintagebrun-svart LBC070B01<\/p>\n","protected":false},"featured_media":41486,"comment_status":"open","ping_status":"closed","template":"","meta":[],"product_brand":[],"product_cat":[33],"product_tag":[],"class_list":{"0":"post-13325","1":"product","2":"type-product","3":"status-publish","4":"has-post-thumbnail","6":"product_cat-okategoriserad","8":"first","9":"instock","10":"shipping-taxable","11":"purchasable","12":"product-type-simple"},"_links":{"self":[{"href":"https:\/\/nordicmart.andreevmaster.com\/sv\/wp-json\/wp\/v2\/product\/13325","targetHints":{"allow":["GET"]}}],"collection":[{"href":"https:\/\/nordicmart.andreevmaster.com\/sv\/wp-json\/wp\/v2\/product"}],"about":[{"href":"https:\/\/nordicmart.andreevmaster.com\/sv\/wp-json\/wp\/v2\/types\/product"}],"replies":[{"embeddable":true,"href":"https:\/\/nordicmart.andreevmaster.com\/sv\/wp-json\/wp\/v2\/comments?post=13325"}],"wp:featuredmedia":[{"embeddable":true,"href":"https:\/\/nordicmart.andreevmaster.com\/sv\/wp-json\/wp\/v2\/media\/41486"}],"wp:attachment":[{"href":"https:\/\/nordicmart.andreevmaster.com\/sv\/wp-json\/wp\/v2\/media?parent=13325"}],"wp:term":[{"taxonomy":"product_brand","embeddable":true,"href":"https:\/\/nordicmart.andreevmaster.com\/sv\/wp-json\/wp\/v2\/product_brand?post=13325"},{"taxonomy":"product_cat","embeddable":true,"href":"https:\/\/nordicmart.andreevmaster.com\/sv\/wp-json\/wp\/v2\/product_cat?post=13325"},{"taxonomy":"product_tag","embeddable":true,"href":"https:\/\/nordicmart.andreevmaster.com\/sv\/wp-json\/wp\/v2\/product_tag?post=13325"}],"curies":[{"name":"wp","href":"https:\/\/api.w.org\/{rel}","templated":true}]}}