{"id":13322,"date":"2026-02-27T00:17:26","date_gmt":"2026-02-27T00:17:26","guid":{"rendered":"https:\/\/nordicmart.andreevmaster.com\/product\/vasagle-barstolar-2-pack-med-fotstod-klassiskt-svart-kaffebrunt\/"},"modified":"2026-02-27T08:10:45","modified_gmt":"2026-02-27T08:10:45","slug":"vasagle-barstolar-2-pack-med-fotstod-klassiskt-svart-kaffebrunt","status":"publish","type":"product","link":"https:\/\/nordicmart.andreevmaster.com\/sv\/produkt\/vasagle-barstolar-2-pack-med-fotstod-klassiskt-svart-kaffebrunt\/","title":{"rendered":"VASAGLE Barstolar, 2-pack med fotst\u00f6d, klassiskt svart-kaffebrunt"},"content":{"rendered":"<p>VASAGLE barstolar, 2-pack, barstolar, 39 x 39 x 100 cm, med fotst\u00f6d, PU-kl\u00e4dsel, enkel montering, f\u00f6r matsal, k\u00f6k, disk, bar, vintagebrun-svart LBC069B81<br \/>\nF\u00e4rg: klassiskt svart-kaffebrunt<br \/>\nMaterial: sp\u00e5nskiva, PU, skumplast, st\u00e5l<br \/>\nStorlek: 39 x 39 x 100 cm (D x B x H)<br \/>\nSitsh\u00f6jd (fr\u00e5n golvet): 75,5 cm<br \/>\nVikt: 10,4 kg<br \/>\nMax. statisk belastningskapacitet per pall: 100 kg<\/p>\n","protected":false},"excerpt":{"rendered":"<p>VASAGLE barstolar, 2-pack, barstolar, 39 x 39 x 100 cm, med fotst\u00f6d, PU-kl\u00e4dsel, enkel montering, f\u00f6r matsal, k\u00f6k, disk, bar, vintagebrun-svart LBC069B81<\/p>\n","protected":false},"featured_media":41483,"comment_status":"open","ping_status":"closed","template":"","meta":[],"product_brand":[],"product_cat":[33],"product_tag":[],"class_list":{"0":"post-13322","1":"product","2":"type-product","3":"status-publish","4":"has-post-thumbnail","6":"product_cat-okategoriserad","8":"first","9":"instock","10":"shipping-taxable","11":"purchasable","12":"product-type-simple"},"_links":{"self":[{"href":"https:\/\/nordicmart.andreevmaster.com\/sv\/wp-json\/wp\/v2\/product\/13322","targetHints":{"allow":["GET"]}}],"collection":[{"href":"https:\/\/nordicmart.andreevmaster.com\/sv\/wp-json\/wp\/v2\/product"}],"about":[{"href":"https:\/\/nordicmart.andreevmaster.com\/sv\/wp-json\/wp\/v2\/types\/product"}],"replies":[{"embeddable":true,"href":"https:\/\/nordicmart.andreevmaster.com\/sv\/wp-json\/wp\/v2\/comments?post=13322"}],"wp:featuredmedia":[{"embeddable":true,"href":"https:\/\/nordicmart.andreevmaster.com\/sv\/wp-json\/wp\/v2\/media\/41483"}],"wp:attachment":[{"href":"https:\/\/nordicmart.andreevmaster.com\/sv\/wp-json\/wp\/v2\/media?parent=13322"}],"wp:term":[{"taxonomy":"product_brand","embeddable":true,"href":"https:\/\/nordicmart.andreevmaster.com\/sv\/wp-json\/wp\/v2\/product_brand?post=13322"},{"taxonomy":"product_cat","embeddable":true,"href":"https:\/\/nordicmart.andreevmaster.com\/sv\/wp-json\/wp\/v2\/product_cat?post=13322"},{"taxonomy":"product_tag","embeddable":true,"href":"https:\/\/nordicmart.andreevmaster.com\/sv\/wp-json\/wp\/v2\/product_tag?post=13322"}],"curies":[{"name":"wp","href":"https:\/\/api.w.org\/{rel}","templated":true}]}}