{"id":13315,"date":"2026-02-27T00:17:25","date_gmt":"2026-02-27T00:17:25","guid":{"rendered":"https:\/\/nordicmart.andreevmaster.com\/product\/vasagle-justerbar-skohylla-vit\/"},"modified":"2026-02-27T08:10:43","modified_gmt":"2026-02-27T08:10:43","slug":"vasagle-justerbar-skohylla-vit","status":"publish","type":"product","link":"https:\/\/nordicmart.andreevmaster.com\/sv\/produkt\/vasagle-justerbar-skohylla-vit\/","title":{"rendered":"VASAGLE Justerbar skohylla Vit"},"content":{"rendered":"<p>Det \u00e4r inte l\u00e4tt att h\u00e5lla ordning p\u00e5 alla sina skor. Knappt har man st\u00e4llt undan dem f\u00f6rr\u00e4n de ligger i oordning i hallen igen. F\u00f6rvara dem d\u00e4rf\u00f6r i denna skosk\u00e5p fr\u00e5n VASAGLE s\u00e5 att de inte l\u00e4ngre vandrar runt i huset som genom ett trollslag. F\u00f6r alla typer av skor M\u00f6ten, fester, regniga dagar, vandringsturer \u2013 vi beh\u00f6ver olika typer av skor f\u00f6r olika tillf\u00e4llen. F\u00f6r detta \u00e4ndam\u00e5l har denna skohylla fack i olika storlekar p\u00e5 b\u00e5da sidor samt h\u00f6j- och s\u00e4nkbara hyllplan i mitten. P\u00e5 s\u00e5 s\u00e4tt kan \u00e4ven h\u00f6gklackade skor, st\u00f6vlar, k\u00e4ngor och sportskor f\u00f6rvaras snyggt. Underbart m\u00e5ngsidig Anv\u00e4nd denna 92 x 30 x 88,5 cm stora skoorganiserare som en multifunktionell hallhylla. St\u00e4ll dina skor p\u00e5 hyllplan i mitten och placera v\u00e4skor, nycklar, hattar och m\u00e5nga andra f\u00f6rem\u00e5l i facken p\u00e5 sidorna. P\u00e5 s\u00e5 s\u00e4tt gl\u00f6mmer du dem inte n\u00e4r du l\u00e4mnar huset. Produktdetaljer \u2013 F\u00e4rg: Vit \u2013 Material: Sp\u00e5nskiva med melaminbel\u00e4ggning \u2013 Storlek: 92 x 30 x 88,5 cm (L x B x H) &#8211; Vikt: 27 kg &#8211; Max. statisk belastningskapacitet: 29 kg Leveransomfattning &#8211; 1 x skohylla &#8211; 1 x beh\u00e5llare med tillbeh\u00f6r &#8211; 1 x bruksanvisning (DE, EN, FR, IT, ES) VASAGLE Anvisningar &#8211; Montera produkten enligt bruksanvisningen. &#8211; F\u00e4st produkten p\u00e5 v\u00e4ggen med hj\u00e4lp av den medf\u00f6ljande tippskyddet. &#8211; Barn f\u00e5r inte kl\u00e4ttra p\u00e5 eller leka med produkten. &#8211; Produkten f\u00e5r inte komma i kontakt med vatten. &#8211; H\u00e5ll produkten borta fr\u00e5n vassa eller skarpa f\u00f6rem\u00e5l f\u00f6r att undvika skador.<\/p>\n","protected":false},"excerpt":{"rendered":"<p>VASAGLE skohylla, sko-organiserare med justerbara hyllplan, hallhylla, skof\u00f6rvaring, l\u00e4ttsk\u00f6tt melaminbel\u00e4ggning, 92 x 30 x 88,5 cm, vit LBC05WT<\/p>\n","protected":false},"featured_media":41476,"comment_status":"open","ping_status":"closed","template":"","meta":[],"product_brand":[],"product_cat":[33],"product_tag":[],"class_list":{"0":"post-13315","1":"product","2":"type-product","3":"status-publish","4":"has-post-thumbnail","6":"product_cat-okategoriserad","8":"first","9":"instock","10":"shipping-taxable","11":"purchasable","12":"product-type-simple"},"_links":{"self":[{"href":"https:\/\/nordicmart.andreevmaster.com\/sv\/wp-json\/wp\/v2\/product\/13315","targetHints":{"allow":["GET"]}}],"collection":[{"href":"https:\/\/nordicmart.andreevmaster.com\/sv\/wp-json\/wp\/v2\/product"}],"about":[{"href":"https:\/\/nordicmart.andreevmaster.com\/sv\/wp-json\/wp\/v2\/types\/product"}],"replies":[{"embeddable":true,"href":"https:\/\/nordicmart.andreevmaster.com\/sv\/wp-json\/wp\/v2\/comments?post=13315"}],"wp:featuredmedia":[{"embeddable":true,"href":"https:\/\/nordicmart.andreevmaster.com\/sv\/wp-json\/wp\/v2\/media\/41476"}],"wp:attachment":[{"href":"https:\/\/nordicmart.andreevmaster.com\/sv\/wp-json\/wp\/v2\/media?parent=13315"}],"wp:term":[{"taxonomy":"product_brand","embeddable":true,"href":"https:\/\/nordicmart.andreevmaster.com\/sv\/wp-json\/wp\/v2\/product_brand?post=13315"},{"taxonomy":"product_cat","embeddable":true,"href":"https:\/\/nordicmart.andreevmaster.com\/sv\/wp-json\/wp\/v2\/product_cat?post=13315"},{"taxonomy":"product_tag","embeddable":true,"href":"https:\/\/nordicmart.andreevmaster.com\/sv\/wp-json\/wp\/v2\/product_tag?post=13315"}],"curies":[{"name":"wp","href":"https:\/\/api.w.org\/{rel}","templated":true}]}}