{"id":13313,"date":"2026-02-27T00:17:24","date_gmt":"2026-02-27T00:17:24","guid":{"rendered":"https:\/\/nordicmart.andreevmaster.com\/product\/vasagle-barstolar-pu-kladsel-enkel-montering-industridesign\/"},"modified":"2026-02-27T08:10:43","modified_gmt":"2026-02-27T08:10:43","slug":"vasagle-barstolar-pu-kladsel-enkel-montering-industridesign","status":"publish","type":"product","link":"https:\/\/nordicmart.andreevmaster.com\/sv\/produkt\/vasagle-barstolar-pu-kladsel-enkel-montering-industridesign\/","title":{"rendered":"VASAGLE Barstolar PU-kl\u00e4dsel Enkel montering Industridesign"},"content":{"rendered":"<p>VASAGLE Barstolar, 2-pack, barstolar, PU-kl\u00e4dsel, med fotst\u00f6d, enkel montering, industriell design, f\u00f6r matsal, k\u00f6k, disk, barBarstolar<br \/>\nF\u00e4rg: Bl\u00e4ck svart-kaffebrun<br \/>\nMaterial: sp\u00e5nskiva, PU, skumplast, st\u00e5l<br \/>\nStorlek: 39 x 39 x 82 cm (D x B x H)<br \/>\nSitsh\u00f6jd (fr\u00e5n golvet): 62 cm<br \/>\nTotalvikt: 9,4 kg<br \/>\nMax. statisk belastningskapacitet per pall: 100 kg<\/p>\n","protected":false},"excerpt":{"rendered":"<p>VASAGLE Barstolar, 2-pack, barstolar, PU-kl\u00e4dsel, med fotst\u00f6d, enkel montering, industriell design, f\u00f6r matsal, k\u00f6k, disk, barBarstolar<\/p>\n","protected":false},"featured_media":41474,"comment_status":"open","ping_status":"closed","template":"","meta":[],"product_brand":[],"product_cat":[33],"product_tag":[],"class_list":{"0":"post-13313","1":"product","2":"type-product","3":"status-publish","4":"has-post-thumbnail","6":"product_cat-okategoriserad","8":"first","9":"instock","10":"shipping-taxable","11":"purchasable","12":"product-type-simple"},"_links":{"self":[{"href":"https:\/\/nordicmart.andreevmaster.com\/sv\/wp-json\/wp\/v2\/product\/13313","targetHints":{"allow":["GET"]}}],"collection":[{"href":"https:\/\/nordicmart.andreevmaster.com\/sv\/wp-json\/wp\/v2\/product"}],"about":[{"href":"https:\/\/nordicmart.andreevmaster.com\/sv\/wp-json\/wp\/v2\/types\/product"}],"replies":[{"embeddable":true,"href":"https:\/\/nordicmart.andreevmaster.com\/sv\/wp-json\/wp\/v2\/comments?post=13313"}],"wp:featuredmedia":[{"embeddable":true,"href":"https:\/\/nordicmart.andreevmaster.com\/sv\/wp-json\/wp\/v2\/media\/41474"}],"wp:attachment":[{"href":"https:\/\/nordicmart.andreevmaster.com\/sv\/wp-json\/wp\/v2\/media?parent=13313"}],"wp:term":[{"taxonomy":"product_brand","embeddable":true,"href":"https:\/\/nordicmart.andreevmaster.com\/sv\/wp-json\/wp\/v2\/product_brand?post=13313"},{"taxonomy":"product_cat","embeddable":true,"href":"https:\/\/nordicmart.andreevmaster.com\/sv\/wp-json\/wp\/v2\/product_cat?post=13313"},{"taxonomy":"product_tag","embeddable":true,"href":"https:\/\/nordicmart.andreevmaster.com\/sv\/wp-json\/wp\/v2\/product_tag?post=13313"}],"curies":[{"name":"wp","href":"https:\/\/api.w.org\/{rel}","templated":true}]}}