{"id":13309,"date":"2026-02-27T00:17:23","date_gmt":"2026-02-27T00:17:23","guid":{"rendered":"https:\/\/nordicmart.andreevmaster.com\/product\/vasagle-skohylla-med-2-luckor-vit-naturfargad\/"},"modified":"2026-02-27T08:10:42","modified_gmt":"2026-02-27T08:10:42","slug":"vasagle-skohylla-med-2-luckor-vit-naturfargad","status":"publish","type":"product","link":"https:\/\/nordicmart.andreevmaster.com\/sv\/produkt\/vasagle-skohylla-med-2-luckor-vit-naturfargad\/","title":{"rendered":"VASAGLE Skohylla med 2 luckor, vit-naturf\u00e4rgad"},"content":{"rendered":"<p>Det \u00e4r inte l\u00e4tt att h\u00e5lla ordning p\u00e5 alla sina skor. Knappt har man st\u00e4llt undan dem f\u00f6rr\u00e4n de st\u00e5r i oordning i hallen igen. F\u00f6rvara dem d\u00e4rf\u00f6r i denna skosk\u00e5p fr\u00e5n VASAGLE s\u00e5 att de inte l\u00e4ngre vandrar runt i huset som genom ett trollslag.L\u00e4mplig f\u00f6r alla typer av skor Denna skoorganiserare, som m\u00e4ter 60 x 24 x 102 cm, har 2 f\u00e4llbara fack f\u00f6r pumps, st\u00f6vlar och k\u00e4ngor. Dela dessa fack p\u00e5 mitten med hj\u00e4lp av de medf\u00f6ljande skiljev\u00e4ggarna om du vill f\u00f6rvara platta skor som sneakers, tofflor eller ballerinaskor i dem. P\u00e5 s\u00e5 s\u00e4tt f\u00e5r du plats med \u00e4nnu fler skor i det praktiska sk\u00e5pet. Extra f\u00f6rvaringsutrymme Detta sk\u00e5p har dessutom ett \u00f6ppet fack d\u00e4r du kan f\u00f6rvara nycklar, anteckningar, en halsduk, m\u00f6ssor eller handskar. Tid \u00e4r dyrbar Vi vill inte att du ska beh\u00f6va spendera en hel dag p\u00e5 att montera detta sk\u00e5p! Tack vare en l\u00e4ttf\u00f6rst\u00e5elig monteringsanvisning och numrerade delar \u00e4r det dock inte n\u00f6dv\u00e4ndigt. Monteringen g\u00e5r p\u00e5 nolltid! Produktdetaljer: &#8211; F\u00e4rg: Vit-natur &#8211; Material: Sp\u00e5nskiva med melaminbel\u00e4ggning &#8211; Storlek: 60 x 24 x 102 cm (L x B x H) &#8211; Vikt: 17 kg &#8211; Max. statisk belastningskapacitet: 19 kgLeveransomfattning: &#8211; 1 x skosk\u00e5p &#8211; 1 x beh\u00e5llare med tillbeh\u00f6r &#8211; 1 x instruktioner (DE, EN, FR, IT, ES)VASAGLE Anm\u00e4rkningar: &#8211; Montera produkten enligt instruktionerna. &#8211; F\u00e4st produkten p\u00e5 v\u00e4ggen med hj\u00e4lp av den medf\u00f6ljande tippskyddet. &#8211; Barn f\u00e5r inte kl\u00e4ttra p\u00e5 eller leka med produkten. &#8211; Produkten f\u00e5r inte komma i kontakt med vatten. &#8211; H\u00e5ll produkten borta fr\u00e5n vassa eller skarpa f\u00f6rem\u00e5l f\u00f6r att undvika skador.<\/p>\n","protected":false},"excerpt":{"rendered":"<p>VASAGLE Skosk\u00e5pa med 2 luckor, skohylla med extra fack, skof\u00f6rvaring, skoorganiserare, l\u00e4ttsk\u00f6tt melaminbel\u00e4ggning, 60 x 24 x 102 cm, vit-natur LBC04NW<\/p>\n","protected":false},"featured_media":41470,"comment_status":"open","ping_status":"closed","template":"","meta":[],"product_brand":[],"product_cat":[33],"product_tag":[],"class_list":{"0":"post-13309","1":"product","2":"type-product","3":"status-publish","4":"has-post-thumbnail","6":"product_cat-okategoriserad","8":"first","9":"instock","10":"shipping-taxable","11":"purchasable","12":"product-type-simple"},"_links":{"self":[{"href":"https:\/\/nordicmart.andreevmaster.com\/sv\/wp-json\/wp\/v2\/product\/13309","targetHints":{"allow":["GET"]}}],"collection":[{"href":"https:\/\/nordicmart.andreevmaster.com\/sv\/wp-json\/wp\/v2\/product"}],"about":[{"href":"https:\/\/nordicmart.andreevmaster.com\/sv\/wp-json\/wp\/v2\/types\/product"}],"replies":[{"embeddable":true,"href":"https:\/\/nordicmart.andreevmaster.com\/sv\/wp-json\/wp\/v2\/comments?post=13309"}],"wp:featuredmedia":[{"embeddable":true,"href":"https:\/\/nordicmart.andreevmaster.com\/sv\/wp-json\/wp\/v2\/media\/41470"}],"wp:attachment":[{"href":"https:\/\/nordicmart.andreevmaster.com\/sv\/wp-json\/wp\/v2\/media?parent=13309"}],"wp:term":[{"taxonomy":"product_brand","embeddable":true,"href":"https:\/\/nordicmart.andreevmaster.com\/sv\/wp-json\/wp\/v2\/product_brand?post=13309"},{"taxonomy":"product_cat","embeddable":true,"href":"https:\/\/nordicmart.andreevmaster.com\/sv\/wp-json\/wp\/v2\/product_cat?post=13309"},{"taxonomy":"product_tag","embeddable":true,"href":"https:\/\/nordicmart.andreevmaster.com\/sv\/wp-json\/wp\/v2\/product_tag?post=13309"}],"curies":[{"name":"wp","href":"https:\/\/api.w.org\/{rel}","templated":true}]}}