{"id":13308,"date":"2026-02-27T00:17:23","date_gmt":"2026-02-27T00:17:23","guid":{"rendered":"https:\/\/nordicmart.andreevmaster.com\/product\/vasagle-skoskapa-3-nivaer-boho-stil-ekbeige\/"},"modified":"2026-02-27T08:10:42","modified_gmt":"2026-02-27T08:10:42","slug":"vasagle-skoskapa-3-nivaer-boho-stil-ekbeige","status":"publish","type":"product","link":"https:\/\/nordicmart.andreevmaster.com\/sv\/produkt\/vasagle-skoskapa-3-nivaer-boho-stil-ekbeige\/","title":{"rendered":"VASAGLE Skosk\u00e5pa 3 niv\u00e5er Boho-stil ekbeige"},"content":{"rendered":"<p>VASAGLE skosk\u00e5p, skohylla med 3 niv\u00e5er, skof\u00f6rvaring, med d\u00f6rrar i rottinglook, h\u00f6jdjusterbar hylla, sk\u00e5p, f\u00f6rvaringssk\u00e5p med st\u00e5lben, boho-stil, ekbeige LBC049N01<br \/>\nF\u00e4rg: Eikbeige<br \/>\nMaterial: sp\u00e5nskiva, PVC-plast (polyvinylklorid), st\u00e5l<br \/>\nStorlek: 35 x 80 x 70 cm (D x B x H)<br \/>\nVikt: 20,7 kg<br \/>\nMax. statisk totalbelastning: 75 kg<\/p>\n","protected":false},"excerpt":{"rendered":"<p>VASAGLE skosk\u00e5p, skohylla med 3 niv\u00e5er, skof\u00f6rvaring, med d\u00f6rrar i rottinglook, h\u00f6jdjusterbar hylla, sk\u00e5p, f\u00f6rvaringssk\u00e5p med st\u00e5lben, boho-stil, ekbeige LBC049N01<\/p>\n","protected":false},"featured_media":41469,"comment_status":"open","ping_status":"closed","template":"","meta":[],"product_brand":[],"product_cat":[33],"product_tag":[],"class_list":{"0":"post-13308","1":"product","2":"type-product","3":"status-publish","4":"has-post-thumbnail","6":"product_cat-okategoriserad","8":"first","9":"instock","10":"shipping-taxable","11":"purchasable","12":"product-type-simple"},"_links":{"self":[{"href":"https:\/\/nordicmart.andreevmaster.com\/sv\/wp-json\/wp\/v2\/product\/13308","targetHints":{"allow":["GET"]}}],"collection":[{"href":"https:\/\/nordicmart.andreevmaster.com\/sv\/wp-json\/wp\/v2\/product"}],"about":[{"href":"https:\/\/nordicmart.andreevmaster.com\/sv\/wp-json\/wp\/v2\/types\/product"}],"replies":[{"embeddable":true,"href":"https:\/\/nordicmart.andreevmaster.com\/sv\/wp-json\/wp\/v2\/comments?post=13308"}],"wp:featuredmedia":[{"embeddable":true,"href":"https:\/\/nordicmart.andreevmaster.com\/sv\/wp-json\/wp\/v2\/media\/41469"}],"wp:attachment":[{"href":"https:\/\/nordicmart.andreevmaster.com\/sv\/wp-json\/wp\/v2\/media?parent=13308"}],"wp:term":[{"taxonomy":"product_brand","embeddable":true,"href":"https:\/\/nordicmart.andreevmaster.com\/sv\/wp-json\/wp\/v2\/product_brand?post=13308"},{"taxonomy":"product_cat","embeddable":true,"href":"https:\/\/nordicmart.andreevmaster.com\/sv\/wp-json\/wp\/v2\/product_cat?post=13308"},{"taxonomy":"product_tag","embeddable":true,"href":"https:\/\/nordicmart.andreevmaster.com\/sv\/wp-json\/wp\/v2\/product_tag?post=13308"}],"curies":[{"name":"wp","href":"https:\/\/api.w.org\/{rel}","templated":true}]}}