{"id":13303,"date":"2026-02-27T00:17:21","date_gmt":"2026-02-27T00:17:21","guid":{"rendered":"https:\/\/nordicmart.andreevmaster.com\/product\/vasagle-skoskap-oppet-fack-justerbart-ebenholts-svart\/"},"modified":"2026-02-27T08:10:41","modified_gmt":"2026-02-27T08:10:41","slug":"vasagle-skoskap-oppet-fack-justerbart-ebenholts-svart","status":"publish","type":"product","link":"https:\/\/nordicmart.andreevmaster.com\/sv\/produkt\/vasagle-skoskap-oppet-fack-justerbart-ebenholts-svart\/","title":{"rendered":"VASAGLE skosk\u00e5p \u00f6ppet fack justerbart ebenholts svart"},"content":{"rendered":"<p>VASAGLE skosk\u00e5p 3 luckor, skohylla, skost\u00e4ll, skof\u00f6rvaring, \u00f6ppet fack, justerbar skiljev\u00e4gg, f\u00f6r 14\u201318 par skor, hall<br \/>\nF\u00e4rg: ebenholts<br \/>\nMaterial: Sp\u00e5nskiva<br \/>\nStorlek: 24 x 60 x 139 cm (D x B x H)<br \/>\nVikt: 24,7 kg<br \/>\nMax. statisk belastningskapacitet: 75 kg<\/p>\n","protected":false},"excerpt":{"rendered":"<p>VASAGLE skosk\u00e5p 3 luckor, skohylla, skost\u00e4ll, skof\u00f6rvaring, \u00f6ppet fack, justerbar skiljev\u00e4gg, f\u00f6r 14\u201318 par skor, hall<\/p>\n","protected":false},"featured_media":41465,"comment_status":"open","ping_status":"closed","template":"","meta":[],"product_brand":[],"product_cat":[33],"product_tag":[],"class_list":{"0":"post-13303","1":"product","2":"type-product","3":"status-publish","4":"has-post-thumbnail","6":"product_cat-okategoriserad","8":"first","9":"instock","10":"shipping-taxable","11":"purchasable","12":"product-type-simple"},"_links":{"self":[{"href":"https:\/\/nordicmart.andreevmaster.com\/sv\/wp-json\/wp\/v2\/product\/13303","targetHints":{"allow":["GET"]}}],"collection":[{"href":"https:\/\/nordicmart.andreevmaster.com\/sv\/wp-json\/wp\/v2\/product"}],"about":[{"href":"https:\/\/nordicmart.andreevmaster.com\/sv\/wp-json\/wp\/v2\/types\/product"}],"replies":[{"embeddable":true,"href":"https:\/\/nordicmart.andreevmaster.com\/sv\/wp-json\/wp\/v2\/comments?post=13303"}],"wp:featuredmedia":[{"embeddable":true,"href":"https:\/\/nordicmart.andreevmaster.com\/sv\/wp-json\/wp\/v2\/media\/41465"}],"wp:attachment":[{"href":"https:\/\/nordicmart.andreevmaster.com\/sv\/wp-json\/wp\/v2\/media?parent=13303"}],"wp:term":[{"taxonomy":"product_brand","embeddable":true,"href":"https:\/\/nordicmart.andreevmaster.com\/sv\/wp-json\/wp\/v2\/product_brand?post=13303"},{"taxonomy":"product_cat","embeddable":true,"href":"https:\/\/nordicmart.andreevmaster.com\/sv\/wp-json\/wp\/v2\/product_cat?post=13303"},{"taxonomy":"product_tag","embeddable":true,"href":"https:\/\/nordicmart.andreevmaster.com\/sv\/wp-json\/wp\/v2\/product_tag?post=13303"}],"curies":[{"name":"wp","href":"https:\/\/api.w.org\/{rel}","templated":true}]}}