{"id":13300,"date":"2026-02-27T00:17:21","date_gmt":"2026-02-27T00:17:21","guid":{"rendered":"https:\/\/nordicmart.andreevmaster.com\/product\/vasagle-skoskapa-i-lantlig-stil-35-x-120-x-70-cm-skiffergra\/"},"modified":"2026-02-27T08:10:40","modified_gmt":"2026-02-27T08:10:40","slug":"vasagle-skoskapa-i-lantlig-stil-35-x-120-x-70-cm-skiffergra","status":"publish","type":"product","link":"https:\/\/nordicmart.andreevmaster.com\/sv\/produkt\/vasagle-skoskapa-i-lantlig-stil-35-x-120-x-70-cm-skiffergra\/","title":{"rendered":"VASAGLE Skosk\u00e5pa i lantlig stil 35 x 120 x 70 cm skiffergr\u00e5"},"content":{"rendered":"<p>VASAGLE skosk\u00e5p, skohylla, skof\u00f6rvaring, modern lantlig stil, frist\u00e5ende sk\u00e5p med h\u00f6j- och s\u00e4nkbara hyllor, 35 x 80 x 70 cm, hall, skiffergr\u00e5 LBC044G01<br \/>\nF\u00e4rg: Skiffergr\u00e5<br \/>\nMaterial: MDF (medeldensitetsfiberplatta)<br \/>\nStorlek: 35 x 120 x 70 cm (D x B x H)<br \/>\nVikt: 29,1 kg<br \/>\nMax. total statisk belastningskapacitet: 75 kg<\/p>\n","protected":false},"excerpt":{"rendered":"<p>VASAGLE skosk\u00e5p, skohylla, skof\u00f6rvaring, modern lantlig stil, frist\u00e5ende sk\u00e5p med h\u00f6j- och s\u00e4nkbara hyllor, 35 x 80 x 70 cm, hall, skiffergr\u00e5 LBC044G01<\/p>\n","protected":false},"featured_media":41463,"comment_status":"open","ping_status":"closed","template":"","meta":[],"product_brand":[],"product_cat":[33],"product_tag":[],"class_list":{"0":"post-13300","1":"product","2":"type-product","3":"status-publish","4":"has-post-thumbnail","6":"product_cat-okategoriserad","8":"first","9":"instock","10":"shipping-taxable","11":"purchasable","12":"product-type-simple"},"_links":{"self":[{"href":"https:\/\/nordicmart.andreevmaster.com\/sv\/wp-json\/wp\/v2\/product\/13300","targetHints":{"allow":["GET"]}}],"collection":[{"href":"https:\/\/nordicmart.andreevmaster.com\/sv\/wp-json\/wp\/v2\/product"}],"about":[{"href":"https:\/\/nordicmart.andreevmaster.com\/sv\/wp-json\/wp\/v2\/types\/product"}],"replies":[{"embeddable":true,"href":"https:\/\/nordicmart.andreevmaster.com\/sv\/wp-json\/wp\/v2\/comments?post=13300"}],"wp:featuredmedia":[{"embeddable":true,"href":"https:\/\/nordicmart.andreevmaster.com\/sv\/wp-json\/wp\/v2\/media\/41463"}],"wp:attachment":[{"href":"https:\/\/nordicmart.andreevmaster.com\/sv\/wp-json\/wp\/v2\/media?parent=13300"}],"wp:term":[{"taxonomy":"product_brand","embeddable":true,"href":"https:\/\/nordicmart.andreevmaster.com\/sv\/wp-json\/wp\/v2\/product_brand?post=13300"},{"taxonomy":"product_cat","embeddable":true,"href":"https:\/\/nordicmart.andreevmaster.com\/sv\/wp-json\/wp\/v2\/product_cat?post=13300"},{"taxonomy":"product_tag","embeddable":true,"href":"https:\/\/nordicmart.andreevmaster.com\/sv\/wp-json\/wp\/v2\/product_tag?post=13300"}],"curies":[{"name":"wp","href":"https:\/\/api.w.org\/{rel}","templated":true}]}}