{"id":13295,"date":"2026-02-27T00:17:19","date_gmt":"2026-02-27T00:17:19","guid":{"rendered":"https:\/\/nordicmart.andreevmaster.com\/product\/vasagle-skoskap-med-3-luckor-vitt\/"},"modified":"2026-02-27T08:10:39","modified_gmt":"2026-02-27T08:10:39","slug":"vasagle-skoskap-med-3-luckor-vitt","status":"publish","type":"product","link":"https:\/\/nordicmart.andreevmaster.com\/sv\/produkt\/vasagle-skoskap-med-3-luckor-vitt\/","title":{"rendered":"VASAGLE skosk\u00e5p med 3 luckor, vitt"},"content":{"rendered":"<p>Skosk\u00e5pa med 3 luckor Ordna om dina staplade skor. \u00c4r du tr\u00f6tt p\u00e5 att varje morgon leta efter ett par skor som passar till din outfit? Med denna 3-v\u00e5ningars skosk\u00e5pa kan du f\u00f6rvara alla dina skor p\u00e5 ett organiserat s\u00e4tt p\u00e5 ett st\u00e4lle. Tack vare de justerbara skiljev\u00e4ggarna inuti \u00e4r detta skosk\u00e5p flexibelt och passar f\u00f6r 12\u201318 par skor upp till storlek 46 (EU-storlek). F\u00f6r att underl\u00e4tta monteringen har alla delar i detta sk\u00e5p numrerats. F\u00f6r \u00f6kad stabilitet medf\u00f6ljer dessutom ett tippskydd. Produktdetaljer: F\u00e4rg: vit Material: sp\u00e5nskiva Storlek: 60 x 120 x 24 cm Vikt: 21,5 kg<\/p>\n","protected":false},"excerpt":{"rendered":"<p>VASAGLE skosk\u00e5p Skokommod med 2 luckor av sp\u00e5nskiva, 60 x 83,5 x 24 cm (B x H x D), ek-look LBC602H<\/p>\n","protected":false},"featured_media":41458,"comment_status":"open","ping_status":"closed","template":"","meta":[],"product_brand":[],"product_cat":[33],"product_tag":[],"class_list":{"0":"post-13295","1":"product","2":"type-product","3":"status-publish","4":"has-post-thumbnail","6":"product_cat-okategoriserad","8":"first","9":"instock","10":"shipping-taxable","11":"purchasable","12":"product-type-simple"},"_links":{"self":[{"href":"https:\/\/nordicmart.andreevmaster.com\/sv\/wp-json\/wp\/v2\/product\/13295","targetHints":{"allow":["GET"]}}],"collection":[{"href":"https:\/\/nordicmart.andreevmaster.com\/sv\/wp-json\/wp\/v2\/product"}],"about":[{"href":"https:\/\/nordicmart.andreevmaster.com\/sv\/wp-json\/wp\/v2\/types\/product"}],"replies":[{"embeddable":true,"href":"https:\/\/nordicmart.andreevmaster.com\/sv\/wp-json\/wp\/v2\/comments?post=13295"}],"wp:featuredmedia":[{"embeddable":true,"href":"https:\/\/nordicmart.andreevmaster.com\/sv\/wp-json\/wp\/v2\/media\/41458"}],"wp:attachment":[{"href":"https:\/\/nordicmart.andreevmaster.com\/sv\/wp-json\/wp\/v2\/media?parent=13295"}],"wp:term":[{"taxonomy":"product_brand","embeddable":true,"href":"https:\/\/nordicmart.andreevmaster.com\/sv\/wp-json\/wp\/v2\/product_brand?post=13295"},{"taxonomy":"product_cat","embeddable":true,"href":"https:\/\/nordicmart.andreevmaster.com\/sv\/wp-json\/wp\/v2\/product_cat?post=13295"},{"taxonomy":"product_tag","embeddable":true,"href":"https:\/\/nordicmart.andreevmaster.com\/sv\/wp-json\/wp\/v2\/product_tag?post=13295"}],"curies":[{"name":"wp","href":"https:\/\/api.w.org\/{rel}","templated":true}]}}