{"id":13292,"date":"2026-02-27T00:17:18","date_gmt":"2026-02-27T00:17:18","guid":{"rendered":"https:\/\/nordicmart.andreevmaster.com\/product\/vasagle-skoskap-3-luckor-for-upp-till-18-par-skor-duvgra\/"},"modified":"2026-02-27T08:10:39","modified_gmt":"2026-02-27T08:10:39","slug":"vasagle-skoskap-3-luckor-for-upp-till-18-par-skor-duvgra","status":"publish","type":"product","link":"https:\/\/nordicmart.andreevmaster.com\/sv\/produkt\/vasagle-skoskap-3-luckor-for-upp-till-18-par-skor-duvgra\/","title":{"rendered":"VASAGLE skosk\u00e5p 3 luckor f\u00f6r upp till 18 par skor duvgr\u00e5"},"content":{"rendered":"<p>VASAGLE skosk\u00e5p med 3 luckor, skohylla, skof\u00f6rvaring, \u00f6verplatta, justerbar skiljev\u00e4gg, f\u00f6r upp till 18 par skor, hall, 24 x 60 x 108 cm, duvgr\u00e5 LBC036G01<br \/>\nF\u00e4rg: duvgr\u00e5<br \/>\nMaterial: Sp\u00e5nskiva<br \/>\nStorlek: 24 x 60 x 108 cm (D x B x H)<br \/>\nVikt: 18,4 kg<br \/>\nMax. statisk belastningskapacitet f\u00f6r \u00f6verplattan: 10 kg<br \/>\nMax. statisk belastningskapacitet per lucka: 5 kg<\/p>\n","protected":false},"excerpt":{"rendered":"<p>VASAGLE skosk\u00e5p med 3 luckor, skohylla, skof\u00f6rvaring, \u00f6verplatta, justerbar skiljev\u00e4gg, f\u00f6r upp till 18 par skor, hall, 24 x 60 x 108 cm, duvgr\u00e5 LBC036G01<\/p>\n","protected":false},"featured_media":41455,"comment_status":"open","ping_status":"closed","template":"","meta":[],"product_brand":[],"product_cat":[33],"product_tag":[],"class_list":{"0":"post-13292","1":"product","2":"type-product","3":"status-publish","4":"has-post-thumbnail","6":"product_cat-okategoriserad","8":"first","9":"instock","10":"shipping-taxable","11":"purchasable","12":"product-type-simple"},"_links":{"self":[{"href":"https:\/\/nordicmart.andreevmaster.com\/sv\/wp-json\/wp\/v2\/product\/13292","targetHints":{"allow":["GET"]}}],"collection":[{"href":"https:\/\/nordicmart.andreevmaster.com\/sv\/wp-json\/wp\/v2\/product"}],"about":[{"href":"https:\/\/nordicmart.andreevmaster.com\/sv\/wp-json\/wp\/v2\/types\/product"}],"replies":[{"embeddable":true,"href":"https:\/\/nordicmart.andreevmaster.com\/sv\/wp-json\/wp\/v2\/comments?post=13292"}],"wp:featuredmedia":[{"embeddable":true,"href":"https:\/\/nordicmart.andreevmaster.com\/sv\/wp-json\/wp\/v2\/media\/41455"}],"wp:attachment":[{"href":"https:\/\/nordicmart.andreevmaster.com\/sv\/wp-json\/wp\/v2\/media?parent=13292"}],"wp:term":[{"taxonomy":"product_brand","embeddable":true,"href":"https:\/\/nordicmart.andreevmaster.com\/sv\/wp-json\/wp\/v2\/product_brand?post=13292"},{"taxonomy":"product_cat","embeddable":true,"href":"https:\/\/nordicmart.andreevmaster.com\/sv\/wp-json\/wp\/v2\/product_cat?post=13292"},{"taxonomy":"product_tag","embeddable":true,"href":"https:\/\/nordicmart.andreevmaster.com\/sv\/wp-json\/wp\/v2\/product_tag?post=13292"}],"curies":[{"name":"wp","href":"https:\/\/api.w.org\/{rel}","templated":true}]}}