{"id":13291,"date":"2026-02-27T00:17:18","date_gmt":"2026-02-27T00:17:18","guid":{"rendered":"https:\/\/nordicmart.andreevmaster.com\/product\/vasagle-skoskap-med-4-luckor-och-justerbar-skiljevagg-snovit\/"},"modified":"2026-02-27T08:10:39","modified_gmt":"2026-02-27T08:10:39","slug":"vasagle-skoskap-med-4-luckor-och-justerbar-skiljevagg-snovit","status":"publish","type":"product","link":"https:\/\/nordicmart.andreevmaster.com\/sv\/produkt\/vasagle-skoskap-med-4-luckor-och-justerbar-skiljevagg-snovit\/","title":{"rendered":"VASAGLE skosk\u00e5p med 4 luckor och justerbar skiljev\u00e4gg, sn\u00f6vit"},"content":{"rendered":"<p>VASAGLE Skosk\u00e5pa 4 luckor, skokorg, skohylla, skof\u00f6rvaring, justerbar skiljev\u00e4gg, f\u00f6r 16\u201328 par skor, hall, 24 x 105,5 x 82,7 cm, ebenholts svart LBC035B01<br \/>\nF\u00e4rg: Sn\u00f6vit<br \/>\nMaterial: Sp\u00e5nskiva<br \/>\nStorlek: 24 x 105,5 x 82,7 cm (D x B x H)<br \/>\nVikt: 24,7 kg<br \/>\nMax. statisk belastningskapacitet f\u00f6r \u00f6verplattan: 55 kg<br \/>\nMax. statisk belastningskapacitet per lucka: 6 kg<\/p>\n","protected":false},"excerpt":{"rendered":"<p>VASAGLE Skosk\u00e5pa 4 luckor, skokorg, skohylla, skof\u00f6rvaring, justerbar skiljev\u00e4gg, f\u00f6r 16\u201328 par skor, hall, 24 x 105,5 x 82,7 cm, ebenholts svart LBC035B01<\/p>\n","protected":false},"featured_media":41454,"comment_status":"open","ping_status":"closed","template":"","meta":[],"product_brand":[],"product_cat":[33],"product_tag":[],"class_list":{"0":"post-13291","1":"product","2":"type-product","3":"status-publish","4":"has-post-thumbnail","6":"product_cat-okategoriserad","8":"first","9":"instock","10":"shipping-taxable","11":"purchasable","12":"product-type-simple"},"_links":{"self":[{"href":"https:\/\/nordicmart.andreevmaster.com\/sv\/wp-json\/wp\/v2\/product\/13291","targetHints":{"allow":["GET"]}}],"collection":[{"href":"https:\/\/nordicmart.andreevmaster.com\/sv\/wp-json\/wp\/v2\/product"}],"about":[{"href":"https:\/\/nordicmart.andreevmaster.com\/sv\/wp-json\/wp\/v2\/types\/product"}],"replies":[{"embeddable":true,"href":"https:\/\/nordicmart.andreevmaster.com\/sv\/wp-json\/wp\/v2\/comments?post=13291"}],"wp:featuredmedia":[{"embeddable":true,"href":"https:\/\/nordicmart.andreevmaster.com\/sv\/wp-json\/wp\/v2\/media\/41454"}],"wp:attachment":[{"href":"https:\/\/nordicmart.andreevmaster.com\/sv\/wp-json\/wp\/v2\/media?parent=13291"}],"wp:term":[{"taxonomy":"product_brand","embeddable":true,"href":"https:\/\/nordicmart.andreevmaster.com\/sv\/wp-json\/wp\/v2\/product_brand?post=13291"},{"taxonomy":"product_cat","embeddable":true,"href":"https:\/\/nordicmart.andreevmaster.com\/sv\/wp-json\/wp\/v2\/product_cat?post=13291"},{"taxonomy":"product_tag","embeddable":true,"href":"https:\/\/nordicmart.andreevmaster.com\/sv\/wp-json\/wp\/v2\/product_tag?post=13291"}],"curies":[{"name":"wp","href":"https:\/\/api.w.org\/{rel}","templated":true}]}}