{"id":13289,"date":"2026-02-27T00:17:18","date_gmt":"2026-02-27T00:17:18","guid":{"rendered":"https:\/\/nordicmart.andreevmaster.com\/product\/vasagle-bokhylla-med-dorrar-vit\/"},"modified":"2026-02-27T08:10:38","modified_gmt":"2026-02-27T08:10:38","slug":"vasagle-bokhylla-med-dorrar-vit","status":"publish","type":"product","link":"https:\/\/nordicmart.andreevmaster.com\/sv\/produkt\/vasagle-bokhylla-med-dorrar-vit\/","title":{"rendered":"VASAGLE bokhylla med d\u00f6rrar Vit"},"content":{"rendered":"<p>F\u00f6rdelarna \u00e4r uppenbara: &#8211; 9 fack (3 med d\u00f6rrar) f\u00f6r att visa upp eller f\u00f6rvara dina saker &#8211; Den \u00f6versta hyllan \u00e4r perfekt f\u00f6r fotoramar, h\u00f6gtalare och liknande. &#8211; Kombinationen av vit yta och naturf\u00e4rgade handtag p\u00e5 d\u00f6rrarna ger ditt rum mer stil &#8211; Anv\u00e4nd den i hallen, vardagsrummet, barnrummet och p\u00e5 alla andra platser &#8211; Tillverkad av sp\u00e5nskivor, erbjuder denna hylla h\u00f6g stabilitet &#8211; F\u00e4st denna hylla p\u00e5 v\u00e4ggen med den medf\u00f6ljande tippskyddet f\u00f6r att garantera s\u00e4ker anv\u00e4ndning  Produktdetaljer: &#8211; F\u00e4rg: Vit &#8211; Material: Sp\u00e5nskiva &#8211; Storlek: 97,5 x 29 x 97,5 cm (L x B x H) &#8211; Vikt: 28,3 kg &#8211; Max. statisk belastningskapacitet per fack: 10 kg &#8211; Max. statisk belastningskapacitet p\u00e5 ytan: 50 kg Leveransomfattning:- 1 x bokhylla &#8211; 1 x tillbeh\u00f6rspaket &#8211; 1 x tippskydd &#8211; 1 x bruksanvisning VASAGLE Anm\u00e4rkningar: &#8211; Av s\u00e4kerhetssk\u00e4l \u00e4r det f\u00f6rbjudet f\u00f6r barn att kl\u00e4ttra p\u00e5 eller leka med produkten. &#8211; F\u00e4st denna produkt p\u00e5 v\u00e4ggen med det medf\u00f6ljande tippskyddet f\u00f6r att s\u00e4kerst\u00e4lla s\u00e4ker anv\u00e4ndning.<\/p>\n","protected":false},"excerpt":{"rendered":"<p>VASAGLE bokhylla, stativhylla med 3 d\u00f6rrar, f\u00f6rvaringshylla med 9 kuber, f\u00f6r kontor, arbetsrum, vardagsrum, barnrum, modern, vit LBC034W01<\/p>\n","protected":false},"featured_media":41452,"comment_status":"open","ping_status":"closed","template":"","meta":[],"product_brand":[],"product_cat":[33],"product_tag":[],"class_list":{"0":"post-13289","1":"product","2":"type-product","3":"status-publish","4":"has-post-thumbnail","6":"product_cat-okategoriserad","8":"first","9":"instock","10":"shipping-taxable","11":"purchasable","12":"product-type-simple"},"_links":{"self":[{"href":"https:\/\/nordicmart.andreevmaster.com\/sv\/wp-json\/wp\/v2\/product\/13289","targetHints":{"allow":["GET"]}}],"collection":[{"href":"https:\/\/nordicmart.andreevmaster.com\/sv\/wp-json\/wp\/v2\/product"}],"about":[{"href":"https:\/\/nordicmart.andreevmaster.com\/sv\/wp-json\/wp\/v2\/types\/product"}],"replies":[{"embeddable":true,"href":"https:\/\/nordicmart.andreevmaster.com\/sv\/wp-json\/wp\/v2\/comments?post=13289"}],"wp:featuredmedia":[{"embeddable":true,"href":"https:\/\/nordicmart.andreevmaster.com\/sv\/wp-json\/wp\/v2\/media\/41452"}],"wp:attachment":[{"href":"https:\/\/nordicmart.andreevmaster.com\/sv\/wp-json\/wp\/v2\/media?parent=13289"}],"wp:term":[{"taxonomy":"product_brand","embeddable":true,"href":"https:\/\/nordicmart.andreevmaster.com\/sv\/wp-json\/wp\/v2\/product_brand?post=13289"},{"taxonomy":"product_cat","embeddable":true,"href":"https:\/\/nordicmart.andreevmaster.com\/sv\/wp-json\/wp\/v2\/product_cat?post=13289"},{"taxonomy":"product_tag","embeddable":true,"href":"https:\/\/nordicmart.andreevmaster.com\/sv\/wp-json\/wp\/v2\/product_tag?post=13289"}],"curies":[{"name":"wp","href":"https:\/\/api.w.org\/{rel}","templated":true}]}}