{"id":13288,"date":"2026-02-27T00:17:17","date_gmt":"2026-02-27T00:17:17","guid":{"rendered":"https:\/\/nordicmart.andreevmaster.com\/product\/vasagle-barstolar-2-pack-ebenholts-svart-ekbeige-vit\/"},"modified":"2026-02-27T08:10:38","modified_gmt":"2026-02-27T08:10:38","slug":"vasagle-barstolar-2-pack-ebenholts-svart-ekbeige-vit","status":"publish","type":"product","link":"https:\/\/nordicmart.andreevmaster.com\/sv\/produkt\/vasagle-barstolar-2-pack-ebenholts-svart-ekbeige-vit\/","title":{"rendered":"VASAGLE barstolar, 2-pack, ebenholts-svart-ekbeige-vit"},"content":{"rendered":"<p>VASAGLE barstolar, 2-pack barstolar, k\u00f6ksstolar med stabil st\u00e5lram, h\u00f6jd 65 cm, runda, enkel montering, industriell stil, greige-svart LBC032B02<br \/>\nF\u00e4rg: Eikbeige-vit<br \/>\nMaterial: sp\u00e5nskiva, st\u00e5l<br \/>\nStorlek per pall: 32 x 65 cm (\u00d8 x H)<br \/>\nTotalvikt: 7,5 kg<br \/>\nMax. statisk belastningskapacitet per pall: 100 kg<\/p>\n","protected":false},"excerpt":{"rendered":"<p>VASAGLE barstolar, 2-pack barstolar, k\u00f6ksstolar med stabil st\u00e5lram, h\u00f6jd 65 cm, runda, enkel montering, industriell stil, greige-svart LBC032B02<\/p>\n","protected":false},"featured_media":0,"comment_status":"open","ping_status":"closed","template":"","meta":[],"product_brand":[],"product_cat":[33],"product_tag":[],"class_list":{"0":"post-13288","1":"product","2":"type-product","3":"status-publish","5":"product_cat-okategoriserad","7":"first","8":"instock","9":"shipping-taxable","10":"purchasable","11":"product-type-simple"},"_links":{"self":[{"href":"https:\/\/nordicmart.andreevmaster.com\/sv\/wp-json\/wp\/v2\/product\/13288","targetHints":{"allow":["GET"]}}],"collection":[{"href":"https:\/\/nordicmart.andreevmaster.com\/sv\/wp-json\/wp\/v2\/product"}],"about":[{"href":"https:\/\/nordicmart.andreevmaster.com\/sv\/wp-json\/wp\/v2\/types\/product"}],"replies":[{"embeddable":true,"href":"https:\/\/nordicmart.andreevmaster.com\/sv\/wp-json\/wp\/v2\/comments?post=13288"}],"wp:attachment":[{"href":"https:\/\/nordicmart.andreevmaster.com\/sv\/wp-json\/wp\/v2\/media?parent=13288"}],"wp:term":[{"taxonomy":"product_brand","embeddable":true,"href":"https:\/\/nordicmart.andreevmaster.com\/sv\/wp-json\/wp\/v2\/product_brand?post=13288"},{"taxonomy":"product_cat","embeddable":true,"href":"https:\/\/nordicmart.andreevmaster.com\/sv\/wp-json\/wp\/v2\/product_cat?post=13288"},{"taxonomy":"product_tag","embeddable":true,"href":"https:\/\/nordicmart.andreevmaster.com\/sv\/wp-json\/wp\/v2\/product_tag?post=13288"}],"curies":[{"name":"wp","href":"https:\/\/api.w.org\/{rel}","templated":true}]}}