{"id":13285,"date":"2026-02-27T00:17:17","date_gmt":"2026-02-27T00:17:17","guid":{"rendered":"https:\/\/nordicmart.andreevmaster.com\/product\/vasagle-skoskap-med-3-luckor\/"},"modified":"2026-02-27T08:10:38","modified_gmt":"2026-02-27T08:10:38","slug":"vasagle-skoskap-med-3-luckor","status":"publish","type":"product","link":"https:\/\/nordicmart.andreevmaster.com\/sv\/produkt\/vasagle-skoskap-med-3-luckor\/","title":{"rendered":"VASAGLE skosk\u00e5p med 3 luckor"},"content":{"rendered":"<p>H\u00f6jdpunkterna i denna skosk\u00e5p:<br \/>\n&#8211; De 3 stora luckorna erbjuder tillr\u00e4ckligt med plats f\u00f6r 18 par damskor eller 12 par herrskor<br \/>\n&#8211; Tar liten plats i hallen tack vare sin smala form<br \/>\n&#8211; Skor upp till storlek 46 f\u00e5r plats i detta sk\u00e5p; du kan ta bort skiljev\u00e4ggarna f\u00f6r att f\u00e5 plats med ankelskor eller h\u00f6gklackade skor<br \/>\n&#8211; Kombinationen av den enkla silhuetten och den vintagebruna f\u00e4rgen ger ditt hem en unik touch.<br \/>\n&#8211; Tiltsskyddet ger extra s\u00e4kerhet.<br \/>\n&#8211; De medf\u00f6ljande f\u00f6tterna skyddar ditt golv fr\u00e5n repor<\/p>\n<p>Produktdetaljer:<br \/>\n&#8211; F\u00e4rg: Vintagebrun<br \/>\n&#8211; Material: sp\u00e5nskiva<br \/>\n&#8211; Storlek: 60 x 24 x 120 cm (L x B x H)<br \/>\n&#8211; Vikt: 19,6 kg<br \/>\n&#8211; Max. statisk belastningskapacitet per fack: 10 kg<\/p>\n<p>Leveransomfattning: <\/p>\n<p>&#8211; 1 x skosk\u00e5p<br \/>\n&#8211; 1 x tillbeh\u00f6rspaket<br \/>\n&#8211; 1 x bruksanvisning (DE, EN, FR, ES, IT)<\/p>\n<p>VASAGLE Anm\u00e4rkningar: <\/p>\n<p>&#8211; F\u00e4st denna produkt p\u00e5 v\u00e4ggen med den medf\u00f6ljande tippskyddet f\u00f6r att s\u00e4kerst\u00e4lla s\u00e4ker anv\u00e4ndning.<br \/>\n&#8211; Ej l\u00e4mplig f\u00f6r st\u00f6vlar!<br \/>\n&#8211; Lyft sk\u00e5pet om du vill flytta det. Dra det inte \u00f6ver golvet.<\/p>\n","protected":false},"excerpt":{"rendered":"<p>VASAGLE skosk\u00e5p med 3 luckor, skohylla med 3 niv\u00e5er, f\u00f6rvaringssk\u00e5p, perfekt f\u00f6r smala hallar, vardagsrum, sovrum, 60 x 24 x 120 cm (L x B x H), vintagebrunt LBC030X01<\/p>\n","protected":false},"featured_media":41451,"comment_status":"open","ping_status":"closed","template":"","meta":[],"product_brand":[],"product_cat":[33],"product_tag":[],"class_list":{"0":"post-13285","1":"product","2":"type-product","3":"status-publish","4":"has-post-thumbnail","6":"product_cat-okategoriserad","8":"first","9":"instock","10":"shipping-taxable","11":"purchasable","12":"product-type-simple"},"_links":{"self":[{"href":"https:\/\/nordicmart.andreevmaster.com\/sv\/wp-json\/wp\/v2\/product\/13285","targetHints":{"allow":["GET"]}}],"collection":[{"href":"https:\/\/nordicmart.andreevmaster.com\/sv\/wp-json\/wp\/v2\/product"}],"about":[{"href":"https:\/\/nordicmart.andreevmaster.com\/sv\/wp-json\/wp\/v2\/types\/product"}],"replies":[{"embeddable":true,"href":"https:\/\/nordicmart.andreevmaster.com\/sv\/wp-json\/wp\/v2\/comments?post=13285"}],"wp:featuredmedia":[{"embeddable":true,"href":"https:\/\/nordicmart.andreevmaster.com\/sv\/wp-json\/wp\/v2\/media\/41451"}],"wp:attachment":[{"href":"https:\/\/nordicmart.andreevmaster.com\/sv\/wp-json\/wp\/v2\/media?parent=13285"}],"wp:term":[{"taxonomy":"product_brand","embeddable":true,"href":"https:\/\/nordicmart.andreevmaster.com\/sv\/wp-json\/wp\/v2\/product_brand?post=13285"},{"taxonomy":"product_cat","embeddable":true,"href":"https:\/\/nordicmart.andreevmaster.com\/sv\/wp-json\/wp\/v2\/product_cat?post=13285"},{"taxonomy":"product_tag","embeddable":true,"href":"https:\/\/nordicmart.andreevmaster.com\/sv\/wp-json\/wp\/v2\/product_tag?post=13285"}],"curies":[{"name":"wp","href":"https:\/\/api.w.org\/{rel}","templated":true}]}}