{"id":13283,"date":"2026-02-27T00:17:16","date_gmt":"2026-02-27T00:17:16","guid":{"rendered":"https:\/\/nordicmart.andreevmaster.com\/product\/vasagle-skoskap-med-2-luckor\/"},"modified":"2026-02-27T08:10:37","modified_gmt":"2026-02-27T08:10:37","slug":"vasagle-skoskap-med-2-luckor","status":"publish","type":"product","link":"https:\/\/nordicmart.andreevmaster.com\/sv\/produkt\/vasagle-skoskap-med-2-luckor\/","title":{"rendered":"VASAGLE skosk\u00e5p med 2 luckor"},"content":{"rendered":"<p>H\u00f6jdpunkterna i detta skosk\u00e5p: &#8211; Raka linjer, r\u00e4tvinklar och elegant m\u00f6rkbrunt; dessa element ger ditt hem en unik touch &#8211; De 2 stora luckfacken erbjuder tillr\u00e4ckligt med plats f\u00f6r 12 par damskor eller 8 par herrskor &#8211; Skor upp till storlek 46 f\u00e5r plats i detta sk\u00e5p; Du kan ta bort skiljev\u00e4ggarna f\u00f6r att f\u00e5 plats med st\u00f6vletter eller h\u00f6gklackade skor &#8211; Tippskyddet ger extra s\u00e4kerhet &#8211; Tar liten plats i entr\u00e9n tack vare sin smala form &#8211; De medf\u00f6ljande f\u00f6tterna skyddar golvet mot repor Produktdetaljer: &#8211; F\u00e4rg: M\u00f6rkbrun\/vintage &#8211; Material: E1-klassad sp\u00e5nskiva med melaminfan\u00e9r &#8211; Storlek: 60 x 24 x 83,5 cm (L x B x H) &#8211; Vikt: 15 kg &#8211; Max. statisk belastningskapacitet per fack: 10 kg Leveransomfattning: &#8211; 1 x skosk\u00e5p &#8211; 1 x tillbeh\u00f6rsp\u00e5se &#8211; 1 x bruksanvisning (DE, EN, FR, ES, IT) VASAGLE Anm\u00e4rkningar: &#8211; F\u00e4st produkten p\u00e5 v\u00e4ggen med den medf\u00f6ljande tippskyddet f\u00f6r att s\u00e4kerst\u00e4lla s\u00e4ker anv\u00e4ndning. &#8211; Ej l\u00e4mplig f\u00f6r st\u00f6vlar! &#8211; Lyft sk\u00e5pet om du vill flytta det. Dra det inte \u00f6ver golvet. &#8211; Montera produkten enligt anvisningarna.<\/p>\n","protected":false},"excerpt":{"rendered":"<p>VASAGLE Skosk\u00e5pa med 2 luckor, vit skotippare, justerbar skokommod f\u00f6r 12 par damskor eller 8 par herrskor, f\u00f6r smala hallar, 60 x 83,5 x 24 cm (B x H x D) vit LBC02WT<\/p>\n","protected":false},"featured_media":41449,"comment_status":"open","ping_status":"closed","template":"","meta":[],"product_brand":[],"product_cat":[33],"product_tag":[],"class_list":{"0":"post-13283","1":"product","2":"type-product","3":"status-publish","4":"has-post-thumbnail","6":"product_cat-okategoriserad","8":"first","9":"instock","10":"shipping-taxable","11":"purchasable","12":"product-type-simple"},"_links":{"self":[{"href":"https:\/\/nordicmart.andreevmaster.com\/sv\/wp-json\/wp\/v2\/product\/13283","targetHints":{"allow":["GET"]}}],"collection":[{"href":"https:\/\/nordicmart.andreevmaster.com\/sv\/wp-json\/wp\/v2\/product"}],"about":[{"href":"https:\/\/nordicmart.andreevmaster.com\/sv\/wp-json\/wp\/v2\/types\/product"}],"replies":[{"embeddable":true,"href":"https:\/\/nordicmart.andreevmaster.com\/sv\/wp-json\/wp\/v2\/comments?post=13283"}],"wp:featuredmedia":[{"embeddable":true,"href":"https:\/\/nordicmart.andreevmaster.com\/sv\/wp-json\/wp\/v2\/media\/41449"}],"wp:attachment":[{"href":"https:\/\/nordicmart.andreevmaster.com\/sv\/wp-json\/wp\/v2\/media?parent=13283"}],"wp:term":[{"taxonomy":"product_brand","embeddable":true,"href":"https:\/\/nordicmart.andreevmaster.com\/sv\/wp-json\/wp\/v2\/product_brand?post=13283"},{"taxonomy":"product_cat","embeddable":true,"href":"https:\/\/nordicmart.andreevmaster.com\/sv\/wp-json\/wp\/v2\/product_cat?post=13283"},{"taxonomy":"product_tag","embeddable":true,"href":"https:\/\/nordicmart.andreevmaster.com\/sv\/wp-json\/wp\/v2\/product_tag?post=13283"}],"curies":[{"name":"wp","href":"https:\/\/api.w.org\/{rel}","templated":true}]}}