{"id":13274,"date":"2026-02-27T00:17:14","date_gmt":"2026-02-27T00:17:14","guid":{"rendered":"https:\/\/nordicmart.andreevmaster.com\/product\/barstolar-koksstolar-set-med-2-hoga-barstolar-med-ryggstod-stalram-73-cm-hog-sits-enkel-montering-industriell-rustik-brun-och-svart-lbc026b01v1\/"},"modified":"2026-02-27T08:10:35","modified_gmt":"2026-02-27T08:10:35","slug":"barstolar-koksstolar-set-med-2-hoga-barstolar-med-ryggstod-stalram-73-cm-hog-sits-enkel-montering-industriell-rustik-brun-och-svart-lbc026b01v1","status":"publish","type":"product","link":"https:\/\/nordicmart.andreevmaster.com\/sv\/produkt\/barstolar-koksstolar-set-med-2-hoga-barstolar-med-ryggstod-stalram-73-cm-hog-sits-enkel-montering-industriell-rustik-brun-och-svart-lbc026b01v1\/","title":{"rendered":"Barstolar, k\u00f6ksstolar, set med 2 h\u00f6ga barstolar med ryggst\u00f6d, st\u00e5lram, 73 cm h\u00f6g sits, enkel montering, industriell, rustik brun och svart LBC026B01V1"},"content":{"rendered":"<p>Soliga i rustik charm: Med sitt varma bruna utseende, eleganta svarta st\u00e5l och knopdetaljer \u00e4r dessa h\u00f6ga pallar sinnebilden av industriell stil och ger ett unikt intryck p\u00e5 k\u00f6ks\u00f6n eller bardisken.Allt f\u00f6r din komfort: Med en stor sits p\u00e5 37 cm i diameter, ett bekv\u00e4mt ryggst\u00f6d och en fotst\u00f6d ger detta set med 2 barstolar dig den perfekta komforten f\u00f6r att tillbringa trevliga stunder vid bardisken.<\/p>\n<p>Ger dig stabilt st\u00f6d: Dessa 2 barstolar kombinerar estetik med kvalitet. Tack vare det tjocka, slitstarka st\u00e5lstativet och den robusta sp\u00e5nskivan kan du sitta s\u00e4kert och bekv\u00e4mt. Full\u00e4nda din barh\u00f6rna nu!<\/p>\n<p>St\u00e4ll tillbaka dem under! Med en kompakt design och en sitth\u00f6jd p\u00e5 73 cm vardera kan de tv\u00e5 barstolarna placeras under de flesta h\u00f6ga bord s\u00e5 att de inte tar upp plats n\u00e4r de inte anv\u00e4nds. Dra bara fram dem n\u00e4r middagen serveras!<\/p>\n<p>Montering i total avkoppling: Att montera dessa barstolar \u00e4r lika avkopplande som att njuta av ett glas bubbel. Du beh\u00f6ver bara montera de f\u00e5 delarna enligt de tydliga instruktionerna, s\u00e5 \u00e4r du klar innan du vet ordet av och kan njuta av en riktig drink p\u00e5 din bekv\u00e4ma nya barstol.<\/p>\n<p>Produktdetaljer: &#8211; F\u00e4rg: Vintage brun-svart &#8211; Material: Tr\u00e4panel, st\u00e5l &#8211; Totala m\u00e5tt: 54 x 99 cm (\u00d8 x H) &#8211; Sittdiameter: 37 cm &#8211; Sitth\u00f6jd: 73 cm &#8211; Vikt: 12,3 kg &#8211; Max. statisk belastningskapacitet pr. pall: 100 kg Leveransomfattning:- 2 x barstolar- 1 x tillbeh\u00f6rspaket- 1 x bruksanvisningVASAGLE Anm\u00e4rkningar:- Av s\u00e4kerhetssk\u00e4l f\u00e5r barn inte kl\u00e4ttra p\u00e5 eller leka med produkten.- Den maximala statiska belastningskapaciteten per pall \u00e4r 100 kg. \u00d6verskrid inte denna maximala vikt.<\/p>\n","protected":false},"excerpt":{"rendered":"<p>Soliga i rustik charm: Med sitt varma bruna utseende, eleganta svarta st\u00e5l och knopdetaljer \u00e4r dessa h\u00f6ga pallar sinnebilden av industriell stil och ger ett unikt intryck p\u00e5 k\u00f6ks\u00f6n eller bardisken.Allt f\u00f6r din komfort: Med en stor sits p\u00e5 37 cm i diameter, ett bekv\u00e4mt ryggst\u00f6d och en fotst\u00f6d ger detta set med 2 barstolar [&hellip;]<\/p>\n","protected":false},"featured_media":0,"comment_status":"open","ping_status":"closed","template":"","meta":[],"product_brand":[],"product_cat":[33],"product_tag":[],"class_list":{"0":"post-13274","1":"product","2":"type-product","3":"status-publish","5":"product_cat-okategoriserad","7":"first","8":"instock","9":"shipping-taxable","10":"product-type-simple"},"_links":{"self":[{"href":"https:\/\/nordicmart.andreevmaster.com\/sv\/wp-json\/wp\/v2\/product\/13274","targetHints":{"allow":["GET"]}}],"collection":[{"href":"https:\/\/nordicmart.andreevmaster.com\/sv\/wp-json\/wp\/v2\/product"}],"about":[{"href":"https:\/\/nordicmart.andreevmaster.com\/sv\/wp-json\/wp\/v2\/types\/product"}],"replies":[{"embeddable":true,"href":"https:\/\/nordicmart.andreevmaster.com\/sv\/wp-json\/wp\/v2\/comments?post=13274"}],"wp:attachment":[{"href":"https:\/\/nordicmart.andreevmaster.com\/sv\/wp-json\/wp\/v2\/media?parent=13274"}],"wp:term":[{"taxonomy":"product_brand","embeddable":true,"href":"https:\/\/nordicmart.andreevmaster.com\/sv\/wp-json\/wp\/v2\/product_brand?post=13274"},{"taxonomy":"product_cat","embeddable":true,"href":"https:\/\/nordicmart.andreevmaster.com\/sv\/wp-json\/wp\/v2\/product_cat?post=13274"},{"taxonomy":"product_tag","embeddable":true,"href":"https:\/\/nordicmart.andreevmaster.com\/sv\/wp-json\/wp\/v2\/product_tag?post=13274"}],"curies":[{"name":"wp","href":"https:\/\/api.w.org\/{rel}","templated":true}]}}