{"id":13272,"date":"2026-02-27T00:17:13","date_gmt":"2026-02-27T00:17:13","guid":{"rendered":"https:\/\/nordicmart.andreevmaster.com\/product\/vasagle-bokhylla-med-8-fack\/"},"modified":"2026-02-27T08:10:35","modified_gmt":"2026-02-27T08:10:35","slug":"vasagle-bokhylla-med-8-fack","status":"publish","type":"product","link":"https:\/\/nordicmart.andreevmaster.com\/sv\/produkt\/vasagle-bokhylla-med-8-fack\/","title":{"rendered":"VASAGLE bokhylla med 8 fack"},"content":{"rendered":"<p>Ge din boksamling en passande plats i ditt hem! V\u00e5r bokhylla \u00e4r det perfekta komplementet till din inredningsstil och dess vintagebruna f\u00e4rg skapar en naturlig atmosf\u00e4r. Oavsett vilken inredningsstil du har hemma, om det \u00e4r lantlig stil, vintage, industriell eller shabby chic, kommer v\u00e5r enkla och rustika frist\u00e5ende hylla definitivt att komplettera din stil. St\u00e4ll denna bokhylla i barnrummet f\u00f6r barnb\u00f6ckerna, i vardagsrummet bredvid din l\u00e4sf\u00e5t\u00f6lj eller helt enkelt i sovrummet. Den \u00e4r ocks\u00e5 utm\u00e4rkt som TV-hylla. Med den medf\u00f6ljande detaljerade monteringsanvisningen p\u00e5 flera spr\u00e5k \u00e4r denna hylla mycket enkel att montera, \u00e4ven f\u00f6r en nyb\u00f6rjare. Dessutom \u00e4r alla delar tydligt m\u00e4rkta s\u00e5 att du snabbt hittar det du beh\u00f6ver. Sidopanelerna har sp\u00e5r s\u00e5 att det \u00e4r enkelt att s\u00e4tta in bakpanelen. Kl\u00e4mmor kan f\u00e4stas p\u00e5 bakpanelen f\u00f6r \u00f6kad stabilitet. En reservskruv ing\u00e5r ocks\u00e5 i leveransen. Dessutom \u00e4r v\u00e5r bokhylla utrustad med tippskydd f\u00f6r \u00f6kad s\u00e4kerhet. Kuddarna f\u00f6r hyllplanet skyddar ditt golv fr\u00e5n repor och skador. Produktdetaljer:- F\u00e4rg: Vintagebrun &#8211; Material: Sp\u00e5nskiva &#8211; Storlek: 30 x 65,5 x 129,5 cm (D x B x H) &#8211; Vikt: 24,3 kg &#8211; Max. statisk belastningskapacitet f\u00f6r varje fack: 15 kg &#8211; Max. statisk belastningskapacitet f\u00f6r den \u00f6vre hyllan: 40 kg Leveransomfattning:- 1 x bokhylla &#8211; 1 x tillbeh\u00f6rspaket &#8211; 1 x bruksanvisning VASAGLE Anm\u00e4rkningar: &#8211; Reng\u00f6r bokhyllan med en fuktig trasa och torka den torr.<\/p>\n","protected":false},"excerpt":{"rendered":"<p>VASAGLE bokhylla, boksk\u00e5p, med 8 fack, st\u00e5ende hylla, kontorshylla, frist\u00e5ende, som dekoration, f\u00f6r kontor, vardagsrum, sovrum, barnrum, vintagebrun LBC024T01<\/p>\n","protected":false},"featured_media":41441,"comment_status":"open","ping_status":"closed","template":"","meta":[],"product_brand":[],"product_cat":[33],"product_tag":[],"class_list":{"0":"post-13272","1":"product","2":"type-product","3":"status-publish","4":"has-post-thumbnail","6":"product_cat-okategoriserad","8":"first","9":"instock","10":"shipping-taxable","11":"purchasable","12":"product-type-simple"},"_links":{"self":[{"href":"https:\/\/nordicmart.andreevmaster.com\/sv\/wp-json\/wp\/v2\/product\/13272","targetHints":{"allow":["GET"]}}],"collection":[{"href":"https:\/\/nordicmart.andreevmaster.com\/sv\/wp-json\/wp\/v2\/product"}],"about":[{"href":"https:\/\/nordicmart.andreevmaster.com\/sv\/wp-json\/wp\/v2\/types\/product"}],"replies":[{"embeddable":true,"href":"https:\/\/nordicmart.andreevmaster.com\/sv\/wp-json\/wp\/v2\/comments?post=13272"}],"wp:featuredmedia":[{"embeddable":true,"href":"https:\/\/nordicmart.andreevmaster.com\/sv\/wp-json\/wp\/v2\/media\/41441"}],"wp:attachment":[{"href":"https:\/\/nordicmart.andreevmaster.com\/sv\/wp-json\/wp\/v2\/media?parent=13272"}],"wp:term":[{"taxonomy":"product_brand","embeddable":true,"href":"https:\/\/nordicmart.andreevmaster.com\/sv\/wp-json\/wp\/v2\/product_brand?post=13272"},{"taxonomy":"product_cat","embeddable":true,"href":"https:\/\/nordicmart.andreevmaster.com\/sv\/wp-json\/wp\/v2\/product_cat?post=13272"},{"taxonomy":"product_tag","embeddable":true,"href":"https:\/\/nordicmart.andreevmaster.com\/sv\/wp-json\/wp\/v2\/product_tag?post=13272"}],"curies":[{"name":"wp","href":"https:\/\/api.w.org\/{rel}","templated":true}]}}