{"id":13270,"date":"2026-02-27T00:17:13","date_gmt":"2026-02-27T00:17:13","guid":{"rendered":"https:\/\/nordicmart.andreevmaster.com\/product\/vasagle-bokhylla-med-4-oppna-hyllplan-modern\/"},"modified":"2026-02-27T08:10:35","modified_gmt":"2026-02-27T08:10:35","slug":"vasagle-bokhylla-med-4-oppna-hyllplan-modern","status":"publish","type":"product","link":"https:\/\/nordicmart.andreevmaster.com\/sv\/produkt\/vasagle-bokhylla-med-4-oppna-hyllplan-modern\/","title":{"rendered":"VASAGLE bokhylla med 4 \u00f6ppna hyllplan modern"},"content":{"rendered":"<p>VASAGLE bokhylla, boksk\u00e5p med 4 \u00f6ppna hyllplan, rymligt vardagsrumssk\u00e5p, k\u00f6k, kontor, stabil st\u00e5lram, industriell design, vintagebrun-svart LBC022B01<br \/>\nF\u00e4rg: L\u00f6nnvit-molnvit<br \/>\nMaterial: sp\u00e5nskiva, st\u00e5l<br \/>\nStorlek: 30 x 74 x 154,5 cm (D x B x H)<br \/>\nVikt: 25,7 kg<br \/>\nMax. statisk belastningskapacitet per hyllplan: 20 kg<\/p>\n","protected":false},"excerpt":{"rendered":"<p>VASAGLE bokhylla, boksk\u00e5p med 4 \u00f6ppna hyllplan, rymligt vardagsrumssk\u00e5p, k\u00f6k, kontor, stabil st\u00e5lram, industriell design, vintagebrun-svart LBC022B01<\/p>\n","protected":false},"featured_media":41439,"comment_status":"open","ping_status":"closed","template":"","meta":[],"product_brand":[],"product_cat":[33],"product_tag":[],"class_list":{"0":"post-13270","1":"product","2":"type-product","3":"status-publish","4":"has-post-thumbnail","6":"product_cat-okategoriserad","8":"first","9":"instock","10":"shipping-taxable","11":"purchasable","12":"product-type-simple"},"_links":{"self":[{"href":"https:\/\/nordicmart.andreevmaster.com\/sv\/wp-json\/wp\/v2\/product\/13270","targetHints":{"allow":["GET"]}}],"collection":[{"href":"https:\/\/nordicmart.andreevmaster.com\/sv\/wp-json\/wp\/v2\/product"}],"about":[{"href":"https:\/\/nordicmart.andreevmaster.com\/sv\/wp-json\/wp\/v2\/types\/product"}],"replies":[{"embeddable":true,"href":"https:\/\/nordicmart.andreevmaster.com\/sv\/wp-json\/wp\/v2\/comments?post=13270"}],"wp:featuredmedia":[{"embeddable":true,"href":"https:\/\/nordicmart.andreevmaster.com\/sv\/wp-json\/wp\/v2\/media\/41439"}],"wp:attachment":[{"href":"https:\/\/nordicmart.andreevmaster.com\/sv\/wp-json\/wp\/v2\/media?parent=13270"}],"wp:term":[{"taxonomy":"product_brand","embeddable":true,"href":"https:\/\/nordicmart.andreevmaster.com\/sv\/wp-json\/wp\/v2\/product_brand?post=13270"},{"taxonomy":"product_cat","embeddable":true,"href":"https:\/\/nordicmart.andreevmaster.com\/sv\/wp-json\/wp\/v2\/product_cat?post=13270"},{"taxonomy":"product_tag","embeddable":true,"href":"https:\/\/nordicmart.andreevmaster.com\/sv\/wp-json\/wp\/v2\/product_tag?post=13270"}],"curies":[{"name":"wp","href":"https:\/\/api.w.org\/{rel}","templated":true}]}}