{"id":13266,"date":"2026-02-27T00:17:12","date_gmt":"2026-02-27T00:17:12","guid":{"rendered":"https:\/\/nordicmart.andreevmaster.com\/product\/vasagle-hornhylla-greige\/"},"modified":"2026-02-27T08:10:34","modified_gmt":"2026-02-27T08:10:34","slug":"vasagle-hornhylla-greige","status":"publish","type":"product","link":"https:\/\/nordicmart.andreevmaster.com\/sv\/produkt\/vasagle-hornhylla-greige\/","title":{"rendered":"VASAGLE h\u00f6rnhylla greige"},"content":{"rendered":"<p>Chic och praktiskDenna h\u00f6rnhylla erbjuder gott om plats f\u00f6r dekorationsf\u00f6rem\u00e5l, hush\u00e5llsartiklar och b\u00f6cker och passar perfekt in i ditt hem.Unik lookDen konstn\u00e4rliga formen \u00e4r det som g\u00f6r denna h\u00f6rnhylla s\u00e5 speciell. Alla kanter \u00e4r dessutom f\u00f6rseglade s\u00e5 att de \u00e4r vackert sl\u00e4ta och inte splittras. Alla skruvar kan dessutom t\u00e4ckas med de medf\u00f6ljande klisterm\u00e4rkena s\u00e5 att de inte st\u00f6r det unika utseendet p\u00e5 det sv\u00e4vande hyllan. Mycket f\u00f6rvaringsutrymme Anv\u00e4nd bokhyllan f\u00f6r leksaker eller b\u00f6cker i barnrummet, h\u00e4ng den bredvid din l\u00e4sf\u00e5t\u00f6lj i vardagsrummet eller anv\u00e4nd den i sovrummet f\u00f6r dina accessoarer. Produktdetaljer:- F\u00e4rg: Greige &#8211; Material: Sp\u00e5nskiva med melaminfan\u00e9r &#8211; Storlek: 20 x 20 x 127,5 cm (L x B x H) &#8211; Vikt: 4,5 kg &#8211; Max. statisk belastningskapacitet per hylla: 15 kg Leveransomfattning:- 1 x bokhylla &#8211; 1 x tillbeh\u00f6rspaket &#8211; 1 x instruktioner (DE, EN, FR, ES, IT) VASAGLE Anm\u00e4rkningar: &#8211; Reng\u00f6r bokhyllan med en fuktig trasa och torka sedan av den.<\/p>\n","protected":false},"excerpt":{"rendered":"<p>VASAGLE h\u00f6rnhylla, v\u00e4gghylla med 5 hyllplan, flytande hylla, f\u00f6r k\u00f6k, sovrum, vardagsrum, arbetsrum, kontor, greige LBC020M01<\/p>\n","protected":false},"featured_media":41435,"comment_status":"open","ping_status":"closed","template":"","meta":[],"product_brand":[],"product_cat":[33],"product_tag":[],"class_list":{"0":"post-13266","1":"product","2":"type-product","3":"status-publish","4":"has-post-thumbnail","6":"product_cat-okategoriserad","8":"first","9":"instock","10":"shipping-taxable","11":"purchasable","12":"product-type-simple"},"_links":{"self":[{"href":"https:\/\/nordicmart.andreevmaster.com\/sv\/wp-json\/wp\/v2\/product\/13266","targetHints":{"allow":["GET"]}}],"collection":[{"href":"https:\/\/nordicmart.andreevmaster.com\/sv\/wp-json\/wp\/v2\/product"}],"about":[{"href":"https:\/\/nordicmart.andreevmaster.com\/sv\/wp-json\/wp\/v2\/types\/product"}],"replies":[{"embeddable":true,"href":"https:\/\/nordicmart.andreevmaster.com\/sv\/wp-json\/wp\/v2\/comments?post=13266"}],"wp:featuredmedia":[{"embeddable":true,"href":"https:\/\/nordicmart.andreevmaster.com\/sv\/wp-json\/wp\/v2\/media\/41435"}],"wp:attachment":[{"href":"https:\/\/nordicmart.andreevmaster.com\/sv\/wp-json\/wp\/v2\/media?parent=13266"}],"wp:term":[{"taxonomy":"product_brand","embeddable":true,"href":"https:\/\/nordicmart.andreevmaster.com\/sv\/wp-json\/wp\/v2\/product_brand?post=13266"},{"taxonomy":"product_cat","embeddable":true,"href":"https:\/\/nordicmart.andreevmaster.com\/sv\/wp-json\/wp\/v2\/product_cat?post=13266"},{"taxonomy":"product_tag","embeddable":true,"href":"https:\/\/nordicmart.andreevmaster.com\/sv\/wp-json\/wp\/v2\/product_tag?post=13266"}],"curies":[{"name":"wp","href":"https:\/\/api.w.org\/{rel}","templated":true}]}}