{"id":13261,"date":"2026-02-27T00:17:11","date_gmt":"2026-02-27T00:17:11","guid":{"rendered":"https:\/\/nordicmart.andreevmaster.com\/product\/vasagle-bokhylla-med-10-fack\/"},"modified":"2026-02-27T08:10:33","modified_gmt":"2026-02-27T08:10:33","slug":"vasagle-bokhylla-med-10-fack","status":"publish","type":"product","link":"https:\/\/nordicmart.andreevmaster.com\/sv\/produkt\/vasagle-bokhylla-med-10-fack\/","title":{"rendered":"VASAGLE bokhylla med 10 fack"},"content":{"rendered":"<p>VASAGLE bokhylla med 10 fack, \u00f6ppen hylla, trapphylla, f\u00f6rvaringssystem f\u00f6r dekorationer, foton, v\u00e4xter, vardagsrum, sovrum, arbetsrum, 29 x 129,5 x 129,5 cm<br \/>\nF\u00e4rg: kamelbrun<br \/>\nMaterial: sp\u00e5nskiva<br \/>\nStorlek: 29 x 129,5 x 129,5 cm (D x B x H)<br \/>\nStorlek p\u00e5 varje hyllplan: 29 x 30,5 x 30,5 cm (D x B x H)<br \/>\nVikt: 27,5 kg<br \/>\nMax. statisk belastningskapacitet per fack: 10 kg<\/p>\n","protected":false},"excerpt":{"rendered":"<p>VASAGLE bokhylla med 10 fack, \u00f6ppen hylla, trapphylla, f\u00f6rvaringssystem f\u00f6r dekorationer, foton, v\u00e4xter, vardagsrum, sovrum, arbetsrum, 29 x 129,5 x 129,5 cm<\/p>\n","protected":false},"featured_media":41430,"comment_status":"open","ping_status":"closed","template":"","meta":[],"product_brand":[],"product_cat":[33],"product_tag":[],"class_list":{"0":"post-13261","1":"product","2":"type-product","3":"status-publish","4":"has-post-thumbnail","6":"product_cat-okategoriserad","8":"first","9":"instock","10":"shipping-taxable","11":"purchasable","12":"product-type-simple"},"_links":{"self":[{"href":"https:\/\/nordicmart.andreevmaster.com\/sv\/wp-json\/wp\/v2\/product\/13261","targetHints":{"allow":["GET"]}}],"collection":[{"href":"https:\/\/nordicmart.andreevmaster.com\/sv\/wp-json\/wp\/v2\/product"}],"about":[{"href":"https:\/\/nordicmart.andreevmaster.com\/sv\/wp-json\/wp\/v2\/types\/product"}],"replies":[{"embeddable":true,"href":"https:\/\/nordicmart.andreevmaster.com\/sv\/wp-json\/wp\/v2\/comments?post=13261"}],"wp:featuredmedia":[{"embeddable":true,"href":"https:\/\/nordicmart.andreevmaster.com\/sv\/wp-json\/wp\/v2\/media\/41430"}],"wp:attachment":[{"href":"https:\/\/nordicmart.andreevmaster.com\/sv\/wp-json\/wp\/v2\/media?parent=13261"}],"wp:term":[{"taxonomy":"product_brand","embeddable":true,"href":"https:\/\/nordicmart.andreevmaster.com\/sv\/wp-json\/wp\/v2\/product_brand?post=13261"},{"taxonomy":"product_cat","embeddable":true,"href":"https:\/\/nordicmart.andreevmaster.com\/sv\/wp-json\/wp\/v2\/product_cat?post=13261"},{"taxonomy":"product_tag","embeddable":true,"href":"https:\/\/nordicmart.andreevmaster.com\/sv\/wp-json\/wp\/v2\/product_tag?post=13261"}],"curies":[{"name":"wp","href":"https:\/\/api.w.org\/{rel}","templated":true}]}}