{"id":13260,"date":"2026-02-27T00:17:11","date_gmt":"2026-02-27T00:17:11","guid":{"rendered":"https:\/\/nordicmart.andreevmaster.com\/product\/songmics-konstgjorda-suckulenter-i-kruka\/"},"modified":"2026-02-27T08:10:33","modified_gmt":"2026-02-27T08:10:33","slug":"songmics-konstgjorda-suckulenter-i-kruka","status":"publish","type":"product","link":"https:\/\/nordicmart.andreevmaster.com\/sv\/produkt\/songmics-konstgjorda-suckulenter-i-kruka\/","title":{"rendered":"SONGMICS Konstgjorda suckulenter i kruka"},"content":{"rendered":"<p>\u00c4kta krukv\u00e4xter kr\u00e4ver mycket sk\u00f6tsel f\u00f6r att inte vissna. Varf\u00f6r inte dekorera din l\u00e4genhet med dessa konstgjorda v\u00e4xter ist\u00e4llet?<\/p>\n<p>Tack vare de fr\u00e4scha och naturliga f\u00e4rgerna ser de v\u00e4ldigt verklighetstrogna ut och kan, precis som riktiga v\u00e4xter, ge dina rum en touch av natur och berika dem med gr\u00f6n vitalitet. Produktdetaljer:<br \/>\nF\u00e4rg: betonggr\u00e5 (kruka), gr\u00f6n<br \/>\nMaterial: PE, PVC, pappmach\u00e9<br \/>\nStorlek:<br \/>\nV\u00e4xter totalt: 7\u201314 cm<br \/>\nKruka: 6,6 x 6 cm (\u00d8 x H)<br \/>\nVikt: 0,3 kg<\/p>\n<p>Leveransomfattning:<br \/>\n5 x konstgjord suckulent i blomkruka<\/p>\n<p>SONGMICS Anm\u00e4rkningar:<br \/>\nDra eller riv inte i v\u00e4xterna, eftersom de annars kan deformeras.<br \/>\nVattna inte dessa v\u00e4xter. Krukan f\u00e5r inte heller komma i kontakt med vatten, eftersom den annars kan skadas.<\/p>\n","protected":false},"excerpt":{"rendered":"<p>SONGMICS Konstgjorda suckulenter i kruka, 5 olika konstgjorda v\u00e4xter, konstgjorda krukv\u00e4xter, dekorativa v\u00e4xter f\u00f6r vardagsrummet, kontoret, bokhyllan, bordsdekoration LAP202GN<\/p>\n","protected":false},"featured_media":41429,"comment_status":"open","ping_status":"closed","template":"","meta":[],"product_brand":[],"product_cat":[33],"product_tag":[],"class_list":{"0":"post-13260","1":"product","2":"type-product","3":"status-publish","4":"has-post-thumbnail","6":"product_cat-okategoriserad","8":"first","9":"instock","10":"shipping-taxable","11":"purchasable","12":"product-type-simple"},"_links":{"self":[{"href":"https:\/\/nordicmart.andreevmaster.com\/sv\/wp-json\/wp\/v2\/product\/13260","targetHints":{"allow":["GET"]}}],"collection":[{"href":"https:\/\/nordicmart.andreevmaster.com\/sv\/wp-json\/wp\/v2\/product"}],"about":[{"href":"https:\/\/nordicmart.andreevmaster.com\/sv\/wp-json\/wp\/v2\/types\/product"}],"replies":[{"embeddable":true,"href":"https:\/\/nordicmart.andreevmaster.com\/sv\/wp-json\/wp\/v2\/comments?post=13260"}],"wp:featuredmedia":[{"embeddable":true,"href":"https:\/\/nordicmart.andreevmaster.com\/sv\/wp-json\/wp\/v2\/media\/41429"}],"wp:attachment":[{"href":"https:\/\/nordicmart.andreevmaster.com\/sv\/wp-json\/wp\/v2\/media?parent=13260"}],"wp:term":[{"taxonomy":"product_brand","embeddable":true,"href":"https:\/\/nordicmart.andreevmaster.com\/sv\/wp-json\/wp\/v2\/product_brand?post=13260"},{"taxonomy":"product_cat","embeddable":true,"href":"https:\/\/nordicmart.andreevmaster.com\/sv\/wp-json\/wp\/v2\/product_cat?post=13260"},{"taxonomy":"product_tag","embeddable":true,"href":"https:\/\/nordicmart.andreevmaster.com\/sv\/wp-json\/wp\/v2\/product_tag?post=13260"}],"curies":[{"name":"wp","href":"https:\/\/api.w.org\/{rel}","templated":true}]}}