{"id":13259,"date":"2026-02-27T00:17:10","date_gmt":"2026-02-27T00:17:10","guid":{"rendered":"https:\/\/nordicmart.andreevmaster.com\/product\/songmics-modernt-datorbord-vitt-naturfargat\/"},"modified":"2026-02-27T08:10:33","modified_gmt":"2026-02-27T08:10:33","slug":"songmics-modernt-datorbord-vitt-naturfargat","status":"publish","type":"product","link":"https:\/\/nordicmart.andreevmaster.com\/sv\/produkt\/songmics-modernt-datorbord-vitt-naturfargat\/","title":{"rendered":"SONGMICS Modernt datorbord Vitt-naturf\u00e4rgat"},"content":{"rendered":"<p>Anledningar till varf\u00f6r du b\u00f6r v\u00e4lja SONGMICS: &#8211; V\u00e5ra st\u00e5bord \u00e4r utformade f\u00f6r att f\u00f6r\u00e4ndra dina d\u00e5liga vanor n\u00e4r det g\u00e4ller kroppsh\u00e5llning under arbetet. De \u00e4r utrustade med en h\u00f6gkvalitativ metallram och en stabil MDF-skiva, som inte bara \u00e4r praktiska att anv\u00e4nda utan ocks\u00e5 ser estetiskt tilltalande ut. &#8211; H\u00f6jdjusteringen minskar belastningen p\u00e5 nacke och rygg efter l\u00e4ngre arbetsperioder. Om du inte \u00e4r den enda som anv\u00e4nder bordet \u00e4r justeringsfunktionen precis r\u00e4tt f\u00f6r dig. Justerbara st\u00e5bord fr\u00e5n SONGMICS blir den nya arbetsplatsen f\u00f6r m\u00e4nniskor av olika l\u00e4ngd och med olika utrymmesbehov. &#8211; Det l\u00e4ttanv\u00e4nda pneumatiska lyftsystemet m\u00f6jligg\u00f6r enkel och ljudl\u00f6s h\u00f6jdjustering med ett handgrepp. Stilfullt utseende och intelligent design k\u00e4nnetecknar kontoret. Produktdetaljer: &#8211; F\u00e4rg: naturlig \u00e5dring &#8211; Material: MDF-skiva, j\u00e4rnram &#8211; M\u00e5tt bordsskiva: 120 x 60 cm &#8211; H\u00f6jd: 72\u2013112 cm \u2013 Vikt: 29,5 kg \u2013 Max. statisk belastningskapacitet: 50 kg Leveransomfattning: \u2013 1 x st\u00e5bord \u2013 1 x beslagsp\u00e5se \u2013 1 x bruksanvisning (DE, EN, FR, ES, IT) SONGMICS Anm\u00e4rkningar: \u2013 \u00d6verbelasta inte produkten.<\/p>\n","protected":false},"excerpt":{"rendered":"<p>SONGMICS h\u00f6j- och s\u00e4nkbart skrivbord, sitt- och st\u00e5bord med justerbara ben, h\u00f6j- och s\u00e4nkbar arbetsplats f\u00f6r datorer, bildsk\u00e4rmar och b\u00e4rbara datorer, naturlig \u00e5dring, LAD08NW<\/p>\n","protected":false},"featured_media":41428,"comment_status":"open","ping_status":"closed","template":"","meta":[],"product_brand":[],"product_cat":[33],"product_tag":[],"class_list":{"0":"post-13259","1":"product","2":"type-product","3":"status-publish","4":"has-post-thumbnail","6":"product_cat-okategoriserad","8":"first","9":"instock","10":"shipping-taxable","11":"purchasable","12":"product-type-simple"},"_links":{"self":[{"href":"https:\/\/nordicmart.andreevmaster.com\/sv\/wp-json\/wp\/v2\/product\/13259","targetHints":{"allow":["GET"]}}],"collection":[{"href":"https:\/\/nordicmart.andreevmaster.com\/sv\/wp-json\/wp\/v2\/product"}],"about":[{"href":"https:\/\/nordicmart.andreevmaster.com\/sv\/wp-json\/wp\/v2\/types\/product"}],"replies":[{"embeddable":true,"href":"https:\/\/nordicmart.andreevmaster.com\/sv\/wp-json\/wp\/v2\/comments?post=13259"}],"wp:featuredmedia":[{"embeddable":true,"href":"https:\/\/nordicmart.andreevmaster.com\/sv\/wp-json\/wp\/v2\/media\/41428"}],"wp:attachment":[{"href":"https:\/\/nordicmart.andreevmaster.com\/sv\/wp-json\/wp\/v2\/media?parent=13259"}],"wp:term":[{"taxonomy":"product_brand","embeddable":true,"href":"https:\/\/nordicmart.andreevmaster.com\/sv\/wp-json\/wp\/v2\/product_brand?post=13259"},{"taxonomy":"product_cat","embeddable":true,"href":"https:\/\/nordicmart.andreevmaster.com\/sv\/wp-json\/wp\/v2\/product_cat?post=13259"},{"taxonomy":"product_tag","embeddable":true,"href":"https:\/\/nordicmart.andreevmaster.com\/sv\/wp-json\/wp\/v2\/product_tag?post=13259"}],"curies":[{"name":"wp","href":"https:\/\/api.w.org\/{rel}","templated":true}]}}