{"id":13258,"date":"2026-02-27T00:17:10","date_gmt":"2026-02-27T00:17:10","guid":{"rendered":"https:\/\/nordicmart.andreevmaster.com\/product\/songmics-rullbar-laptoptabell-vit\/"},"modified":"2026-02-27T08:10:33","modified_gmt":"2026-02-27T08:10:33","slug":"songmics-rullbar-laptoptabell-vit","status":"publish","type":"product","link":"https:\/\/nordicmart.andreevmaster.com\/sv\/produkt\/songmics-rullbar-laptoptabell-vit\/","title":{"rendered":"SONGMICS rullbar laptoptabell vit"},"content":{"rendered":"<p>Varf\u00f6r ska du v\u00e4lja SONGMICS? Sitt eller st\u00e5 efter \u00f6nskem\u00e5l Det rullande multifunktionella laptopfotbordet fr\u00e5n SONGMICS g\u00f6r att du fritt kan anpassa det fr\u00e5n sittande till st\u00e5ende och s\u00e4kerst\u00e4ller d\u00e4rmed optimal produktivitet, oavsett om du h\u00e5ller en presentation eller arbetar hemifr\u00e5n. Ergonomisk h\u00f6jdjustering Med det pneumatiska lyftsystemet kan bordsskivan justeras exakt till \u00f6nskad h\u00f6jd med ett l\u00e4ttanv\u00e4nt sidohandtag, s\u00e5 att du \u00e4ntligen kan avlasta nacke och rygg fr\u00e5n felaktig sitt- eller st\u00e5st\u00e4llning. L\u00e4tt att flytta &#038; utrymmesbesparande Mobila skrivbord fr\u00e5n SONGMICS \u00e4r utrustade med 4 tunga hjul s\u00e5 att du kan ta med dem \u00f6verallt utan att beh\u00f6va oroa dig f\u00f6r att det saknas ett podium. Detta \u00e4r en idealisk b\u00e4rbar arbetsplats f\u00f6r hemmet eller kontoret! Produktdetaljer: &#8211; F\u00e4rg: vit &#8211; Material: MDF-skiva, aluminium &#8211; M\u00e5tt bordsskiva: 71,5 x 47,5 cm &#8211; H\u00f6jd: 75\u2013105 cm &#8211; Vikt: 12,2 kg &#8211; Max. belastningskapacitet: 50 kg Leveransomfattning: &#8211; 1 x st\u00e5bord &#8211; 1 x beslagsp\u00e5se &#8211; 1 x bruksanvisning (DE, EN, FR, ES, IT) SONGMICS Anm\u00e4rkningar: &#8211; \u00d6verbelasta inte produkten.<\/p>\n","protected":false},"excerpt":{"rendered":"<p>SONGMICS h\u00f6j- och s\u00e4nkbart st\u00e5bord, b\u00e4rbart bord f\u00f6r b\u00e4rbar dator, mobilt med hjul, \u00e4ven l\u00e4mpligt som sittbord, vitt LAD02WT<\/p>\n","protected":false},"featured_media":41427,"comment_status":"open","ping_status":"closed","template":"","meta":[],"product_brand":[],"product_cat":[33],"product_tag":[],"class_list":{"0":"post-13258","1":"product","2":"type-product","3":"status-publish","4":"has-post-thumbnail","6":"product_cat-okategoriserad","8":"first","9":"instock","10":"shipping-taxable","11":"purchasable","12":"product-type-simple"},"_links":{"self":[{"href":"https:\/\/nordicmart.andreevmaster.com\/sv\/wp-json\/wp\/v2\/product\/13258","targetHints":{"allow":["GET"]}}],"collection":[{"href":"https:\/\/nordicmart.andreevmaster.com\/sv\/wp-json\/wp\/v2\/product"}],"about":[{"href":"https:\/\/nordicmart.andreevmaster.com\/sv\/wp-json\/wp\/v2\/types\/product"}],"replies":[{"embeddable":true,"href":"https:\/\/nordicmart.andreevmaster.com\/sv\/wp-json\/wp\/v2\/comments?post=13258"}],"wp:featuredmedia":[{"embeddable":true,"href":"https:\/\/nordicmart.andreevmaster.com\/sv\/wp-json\/wp\/v2\/media\/41427"}],"wp:attachment":[{"href":"https:\/\/nordicmart.andreevmaster.com\/sv\/wp-json\/wp\/v2\/media?parent=13258"}],"wp:term":[{"taxonomy":"product_brand","embeddable":true,"href":"https:\/\/nordicmart.andreevmaster.com\/sv\/wp-json\/wp\/v2\/product_brand?post=13258"},{"taxonomy":"product_cat","embeddable":true,"href":"https:\/\/nordicmart.andreevmaster.com\/sv\/wp-json\/wp\/v2\/product_cat?post=13258"},{"taxonomy":"product_tag","embeddable":true,"href":"https:\/\/nordicmart.andreevmaster.com\/sv\/wp-json\/wp\/v2\/product_tag?post=13258"}],"curies":[{"name":"wp","href":"https:\/\/api.w.org\/{rel}","templated":true}]}}