{"id":13255,"date":"2026-02-27T00:17:09","date_gmt":"2026-02-27T00:17:09","guid":{"rendered":"https:\/\/nordicmart.andreevmaster.com\/product\/vasagle-ekho-armstolsstol-med-metallram\/"},"modified":"2026-02-27T08:10:32","modified_gmt":"2026-02-27T08:10:32","slug":"vasagle-ekho-armstolsstol-med-metallram","status":"publish","type":"product","link":"https:\/\/nordicmart.andreevmaster.com\/sv\/produkt\/vasagle-ekho-armstolsstol-med-metallram\/","title":{"rendered":"VASAGLE EKHO armstolsstol med metallram"},"content":{"rendered":"<p>VASAGLE EKHO-kollektion \u2013 loungestol, armstolsstol med metallram, konstl\u00e4der, med s\u00f6mmar, mid-century modern stil, f\u00f6r vardagsrum, sovrum, arbetsrum, lounge<br \/>\nF\u00e4rg: Bl\u00e4ksvart<br \/>\nMaterial: St\u00e5l, polyesterfiber, PU-konstl\u00e4der (polyuretan)<br \/>\nStorlek: 90 x 74,2 x 90 cm (D x B x H\uff09<br \/>\nVikt: 10,8 kg<br \/>\nMax. total statisk belastningskapacitet: 136 kg<\/p>\n","protected":false},"excerpt":{"rendered":"<p>VASAGLE EKHO-kollektion \u2013 loungestol, armstolsstol med metallram, konstl\u00e4der, med s\u00f6mmar, mid-century modern stil, f\u00f6r vardagsrum, sovrum, arbetsrum, lounge<\/p>\n","protected":false},"featured_media":41424,"comment_status":"open","ping_status":"closed","template":"","meta":[],"product_brand":[],"product_cat":[33],"product_tag":[],"class_list":{"0":"post-13255","1":"product","2":"type-product","3":"status-publish","4":"has-post-thumbnail","6":"product_cat-okategoriserad","8":"first","9":"instock","10":"shipping-taxable","11":"purchasable","12":"product-type-simple"},"_links":{"self":[{"href":"https:\/\/nordicmart.andreevmaster.com\/sv\/wp-json\/wp\/v2\/product\/13255","targetHints":{"allow":["GET"]}}],"collection":[{"href":"https:\/\/nordicmart.andreevmaster.com\/sv\/wp-json\/wp\/v2\/product"}],"about":[{"href":"https:\/\/nordicmart.andreevmaster.com\/sv\/wp-json\/wp\/v2\/types\/product"}],"replies":[{"embeddable":true,"href":"https:\/\/nordicmart.andreevmaster.com\/sv\/wp-json\/wp\/v2\/comments?post=13255"}],"wp:featuredmedia":[{"embeddable":true,"href":"https:\/\/nordicmart.andreevmaster.com\/sv\/wp-json\/wp\/v2\/media\/41424"}],"wp:attachment":[{"href":"https:\/\/nordicmart.andreevmaster.com\/sv\/wp-json\/wp\/v2\/media?parent=13255"}],"wp:term":[{"taxonomy":"product_brand","embeddable":true,"href":"https:\/\/nordicmart.andreevmaster.com\/sv\/wp-json\/wp\/v2\/product_brand?post=13255"},{"taxonomy":"product_cat","embeddable":true,"href":"https:\/\/nordicmart.andreevmaster.com\/sv\/wp-json\/wp\/v2\/product_cat?post=13255"},{"taxonomy":"product_tag","embeddable":true,"href":"https:\/\/nordicmart.andreevmaster.com\/sv\/wp-json\/wp\/v2\/product_tag?post=13255"}],"curies":[{"name":"wp","href":"https:\/\/api.w.org\/{rel}","templated":true}]}}