{"id":13254,"date":"2026-02-27T00:17:09","date_gmt":"2026-02-27T00:17:09","guid":{"rendered":"https:\/\/nordicmart.andreevmaster.com\/product\/vasagle-loungestol-i-tyg-med-vadderat-sittdynor\/"},"modified":"2026-02-27T08:10:32","modified_gmt":"2026-02-27T08:10:32","slug":"vasagle-loungestol-i-tyg-med-vadderat-sittdynor","status":"publish","type":"product","link":"https:\/\/nordicmart.andreevmaster.com\/sv\/produkt\/vasagle-loungestol-i-tyg-med-vadderat-sittdynor\/","title":{"rendered":"VASAGLE loungestol i tyg med vadderat sittdynor"},"content":{"rendered":"<p>VASAGLE f\u00e5t\u00f6lj, relaxf\u00e5t\u00f6lj, TV-f\u00e5t\u00f6lj, loungef\u00e5t\u00f6lj, i tyg, med stoppat sittdynor, ben i massivt tr\u00e4, modern, f\u00f6r vardagsrum, matsal, g\u00e4strum, kontor, gr\u00e5 LAC005G01<br \/>\nF\u00e4rg: Beige<br \/>\nMaterial: Massivt tr\u00e4, bomulls-linne-blandv\u00e4v, skumplast<br \/>\nTotal storlek: 69 x 68,5 x 77 cm (L x B x H)<br \/>\nSitsens storlek: 51 x 52 cm (L x B)<br \/>\nRyggst\u00f6dets h\u00f6jd (fr\u00e5n sittytan): 41 cm<br \/>\nArmst\u00f6dets h\u00f6jd (fr\u00e5n golvet): 62,5 cm<br \/>\nVikt: 11,7 kg<br \/>\nMax. total statisk belastningskapacitet: 110 kg<\/p>\n","protected":false},"excerpt":{"rendered":"<p>VASAGLE f\u00e5t\u00f6lj, relaxf\u00e5t\u00f6lj, TV-f\u00e5t\u00f6lj, loungef\u00e5t\u00f6lj, i tyg, med stoppat sittdynor, ben i massivt tr\u00e4, modern, f\u00f6r vardagsrum, matsal, g\u00e4strum, kontor, gr\u00e5 LAC005G01<\/p>\n","protected":false},"featured_media":41423,"comment_status":"open","ping_status":"closed","template":"","meta":[],"product_brand":[],"product_cat":[33],"product_tag":[],"class_list":{"0":"post-13254","1":"product","2":"type-product","3":"status-publish","4":"has-post-thumbnail","6":"product_cat-okategoriserad","8":"first","9":"instock","10":"shipping-taxable","11":"purchasable","12":"product-type-simple"},"_links":{"self":[{"href":"https:\/\/nordicmart.andreevmaster.com\/sv\/wp-json\/wp\/v2\/product\/13254","targetHints":{"allow":["GET"]}}],"collection":[{"href":"https:\/\/nordicmart.andreevmaster.com\/sv\/wp-json\/wp\/v2\/product"}],"about":[{"href":"https:\/\/nordicmart.andreevmaster.com\/sv\/wp-json\/wp\/v2\/types\/product"}],"replies":[{"embeddable":true,"href":"https:\/\/nordicmart.andreevmaster.com\/sv\/wp-json\/wp\/v2\/comments?post=13254"}],"wp:featuredmedia":[{"embeddable":true,"href":"https:\/\/nordicmart.andreevmaster.com\/sv\/wp-json\/wp\/v2\/media\/41423"}],"wp:attachment":[{"href":"https:\/\/nordicmart.andreevmaster.com\/sv\/wp-json\/wp\/v2\/media?parent=13254"}],"wp:term":[{"taxonomy":"product_brand","embeddable":true,"href":"https:\/\/nordicmart.andreevmaster.com\/sv\/wp-json\/wp\/v2\/product_brand?post=13254"},{"taxonomy":"product_cat","embeddable":true,"href":"https:\/\/nordicmart.andreevmaster.com\/sv\/wp-json\/wp\/v2\/product_cat?post=13254"},{"taxonomy":"product_tag","embeddable":true,"href":"https:\/\/nordicmart.andreevmaster.com\/sv\/wp-json\/wp\/v2\/product_tag?post=13254"}],"curies":[{"name":"wp","href":"https:\/\/api.w.org\/{rel}","templated":true}]}}