{"id":13251,"date":"2026-02-27T00:17:08","date_gmt":"2026-02-27T00:17:08","guid":{"rendered":"https:\/\/nordicmart.andreevmaster.com\/product\/vasagle-fatoljskydd-i-imiterat-linne-modernt-gratt\/"},"modified":"2026-02-27T08:10:31","modified_gmt":"2026-02-27T08:10:31","slug":"vasagle-fatoljskydd-i-imiterat-linne-modernt-gratt","status":"publish","type":"product","link":"https:\/\/nordicmart.andreevmaster.com\/sv\/produkt\/vasagle-fatoljskydd-i-imiterat-linne-modernt-gratt\/","title":{"rendered":"VASAGLE f\u00e5t\u00f6ljskydd i imiterat linne, modernt gr\u00e5tt"},"content":{"rendered":"<p>VASAGLE Relaxf\u00e5t\u00f6lj TV-f\u00e5t\u00f6lj, stoppat sittdynor, loungef\u00e5t\u00f6lj<br \/>\n&#8211; F\u00e4rg: Gr\u00e5<br \/>\n&#8211; Material: plywood, imiterat linne, skumplast, plastben<br \/>\n&#8211; Total storlek: 67,5 x 67 x 71 cm (D x B x H)<br \/>\n&#8211; Sittbredd: 47 cm<br \/>\n&#8211; Sittdjup: 52 cm<br \/>\n&#8211; Ryggst\u00f6dets h\u00f6jd: 33 cm<br \/>\n&#8211; Sitth\u00f6jd: 38 cm<br \/>\n&#8211; Armst\u00f6dens h\u00f6jd (fr\u00e5n golvet): 56 cm<br \/>\n&#8211; Vikt: 10,8 kg<br \/>\n&#8211; Max. statisk belastningskapacitet: 110 kg<\/p>\n","protected":false},"excerpt":{"rendered":"<p>VASAGLE Relaxf\u00e5t\u00f6lj TV-f\u00e5t\u00f6lj, stoppat sittdynor, loungef\u00e5t\u00f6lj<\/p>\n","protected":false},"featured_media":41420,"comment_status":"open","ping_status":"closed","template":"","meta":[],"product_brand":[],"product_cat":[33],"product_tag":[],"class_list":{"0":"post-13251","1":"product","2":"type-product","3":"status-publish","4":"has-post-thumbnail","6":"product_cat-okategoriserad","8":"first","9":"instock","10":"shipping-taxable","11":"purchasable","12":"product-type-simple"},"_links":{"self":[{"href":"https:\/\/nordicmart.andreevmaster.com\/sv\/wp-json\/wp\/v2\/product\/13251","targetHints":{"allow":["GET"]}}],"collection":[{"href":"https:\/\/nordicmart.andreevmaster.com\/sv\/wp-json\/wp\/v2\/product"}],"about":[{"href":"https:\/\/nordicmart.andreevmaster.com\/sv\/wp-json\/wp\/v2\/types\/product"}],"replies":[{"embeddable":true,"href":"https:\/\/nordicmart.andreevmaster.com\/sv\/wp-json\/wp\/v2\/comments?post=13251"}],"wp:featuredmedia":[{"embeddable":true,"href":"https:\/\/nordicmart.andreevmaster.com\/sv\/wp-json\/wp\/v2\/media\/41420"}],"wp:attachment":[{"href":"https:\/\/nordicmart.andreevmaster.com\/sv\/wp-json\/wp\/v2\/media?parent=13251"}],"wp:term":[{"taxonomy":"product_brand","embeddable":true,"href":"https:\/\/nordicmart.andreevmaster.com\/sv\/wp-json\/wp\/v2\/product_brand?post=13251"},{"taxonomy":"product_cat","embeddable":true,"href":"https:\/\/nordicmart.andreevmaster.com\/sv\/wp-json\/wp\/v2\/product_cat?post=13251"},{"taxonomy":"product_tag","embeddable":true,"href":"https:\/\/nordicmart.andreevmaster.com\/sv\/wp-json\/wp\/v2\/product_tag?post=13251"}],"curies":[{"name":"wp","href":"https:\/\/api.w.org\/{rel}","templated":true}]}}