{"id":13250,"date":"2026-02-27T00:17:08","date_gmt":"2026-02-27T00:17:08","guid":{"rendered":"https:\/\/nordicmart.andreevmaster.com\/product\/songmics-fatolj-relaxfatolj-tv-fatolj-armstod-och-ben-i-massivt-tra\/"},"modified":"2026-02-27T08:10:31","modified_gmt":"2026-02-27T08:10:31","slug":"songmics-fatolj-relaxfatolj-tv-fatolj-armstod-och-ben-i-massivt-tra","status":"publish","type":"product","link":"https:\/\/nordicmart.andreevmaster.com\/sv\/produkt\/songmics-fatolj-relaxfatolj-tv-fatolj-armstod-och-ben-i-massivt-tra\/","title":{"rendered":"SONGMICS f\u00e5t\u00f6lj, relaxf\u00e5t\u00f6lj, TV-f\u00e5t\u00f6lj, armst\u00f6d och ben i massivt tr\u00e4"},"content":{"rendered":"<p>SONGMICS f\u00e5t\u00f6lj, relaxf\u00e5t\u00f6lj, TV-f\u00e5t\u00f6lj, armst\u00f6d och ben i massivt tr\u00e4, loungef\u00e5t\u00f6lj f\u00f6r vardagsrum, sovrum, balkong, ljusgr\u00e5 LAC001G01<br \/>\n&#8211; F\u00e4rg: Ljusgr\u00e5<br \/>\n&#8211; Material: Kautschuktr\u00e4, polyester, skumplast<br \/>\n&#8211; Total storlek: 78 x 70 x 75,5 cm (D x B x H)<br \/>\n&#8211; Sitsbredd: 56 cm<br \/>\n&#8211; Ryggst\u00f6dets h\u00f6jd: 46 cm<br \/>\n&#8211; Armst\u00f6dens h\u00f6jd (fr\u00e5n golvet): 60 cm<br \/>\n&#8211; Kuddens tjocklek: 13 cm<br \/>\n&#8211; Vikt: 11,2 kg<br \/>\n&#8211; Max. total statisk belastningskapacitet: 110 kg<\/p>\n","protected":false},"excerpt":{"rendered":"<p>SONGMICS f\u00e5t\u00f6lj, relaxf\u00e5t\u00f6lj, TV-f\u00e5t\u00f6lj, armst\u00f6d och ben i massivt tr\u00e4, loungef\u00e5t\u00f6lj f\u00f6r vardagsrum, sovrum, balkong, ljusgr\u00e5 LAC001G01<\/p>\n","protected":false},"featured_media":41419,"comment_status":"open","ping_status":"closed","template":"","meta":[],"product_brand":[],"product_cat":[33],"product_tag":[],"class_list":{"0":"post-13250","1":"product","2":"type-product","3":"status-publish","4":"has-post-thumbnail","6":"product_cat-okategoriserad","8":"first","9":"instock","10":"shipping-taxable","11":"purchasable","12":"product-type-simple"},"_links":{"self":[{"href":"https:\/\/nordicmart.andreevmaster.com\/sv\/wp-json\/wp\/v2\/product\/13250","targetHints":{"allow":["GET"]}}],"collection":[{"href":"https:\/\/nordicmart.andreevmaster.com\/sv\/wp-json\/wp\/v2\/product"}],"about":[{"href":"https:\/\/nordicmart.andreevmaster.com\/sv\/wp-json\/wp\/v2\/types\/product"}],"replies":[{"embeddable":true,"href":"https:\/\/nordicmart.andreevmaster.com\/sv\/wp-json\/wp\/v2\/comments?post=13250"}],"wp:featuredmedia":[{"embeddable":true,"href":"https:\/\/nordicmart.andreevmaster.com\/sv\/wp-json\/wp\/v2\/media\/41419"}],"wp:attachment":[{"href":"https:\/\/nordicmart.andreevmaster.com\/sv\/wp-json\/wp\/v2\/media?parent=13250"}],"wp:term":[{"taxonomy":"product_brand","embeddable":true,"href":"https:\/\/nordicmart.andreevmaster.com\/sv\/wp-json\/wp\/v2\/product_brand?post=13250"},{"taxonomy":"product_cat","embeddable":true,"href":"https:\/\/nordicmart.andreevmaster.com\/sv\/wp-json\/wp\/v2\/product_cat?post=13250"},{"taxonomy":"product_tag","embeddable":true,"href":"https:\/\/nordicmart.andreevmaster.com\/sv\/wp-json\/wp\/v2\/product_tag?post=13250"}],"curies":[{"name":"wp","href":"https:\/\/api.w.org\/{rel}","templated":true}]}}