{"id":13249,"date":"2026-02-27T00:17:08","date_gmt":"2026-02-27T00:17:08","guid":{"rendered":"https:\/\/nordicmart.andreevmaster.com\/product\/songmics-vinstall-med-7-nivaer-for-upp-till-42-flaskor\/"},"modified":"2026-02-27T08:10:31","modified_gmt":"2026-02-27T08:10:31","slug":"songmics-vinstall-med-7-nivaer-for-upp-till-42-flaskor","status":"publish","type":"product","link":"https:\/\/nordicmart.andreevmaster.com\/sv\/produkt\/songmics-vinstall-med-7-nivaer-for-upp-till-42-flaskor\/","title":{"rendered":"SONGMICS vinst\u00e4ll med 7 niv\u00e5er f\u00f6r upp till 42 flaskor"},"content":{"rendered":"<p>SONGMICS vinst\u00e4ll, f\u00f6r upp till 42 flaskor, flaskst\u00e4ll med 7 niv\u00e5er, flaskh\u00e5llare, av bambu, hylla, f\u00f6rvaring av vinflaskor, h\u00f6g kapacitet, 29 x 66 x 99,5 cm, naturf\u00e4rgad KWR27NL<br \/>\nF\u00e4rg: Naturf\u00e4rgad<br \/>\nMaterial: Bambu<br \/>\nStorlek: 29 x 66 x 99,5 cm (D x B x H)<br \/>\nVikt: 8,3 kg<\/p>\n","protected":false},"excerpt":{"rendered":"<p>SONGMICS vinst\u00e4ll, f\u00f6r upp till 42 flaskor, flaskst\u00e4ll med 7 niv\u00e5er, flaskh\u00e5llare, av bambu, hylla, f\u00f6rvaring av vinflaskor, h\u00f6g kapacitet, 29 x 66 x 99,5 cm, naturf\u00e4rgad KWR27NL<\/p>\n","protected":false},"featured_media":41418,"comment_status":"open","ping_status":"closed","template":"","meta":[],"product_brand":[],"product_cat":[33],"product_tag":[],"class_list":{"0":"post-13249","1":"product","2":"type-product","3":"status-publish","4":"has-post-thumbnail","6":"product_cat-okategoriserad","8":"first","9":"instock","10":"shipping-taxable","11":"purchasable","12":"product-type-simple"},"_links":{"self":[{"href":"https:\/\/nordicmart.andreevmaster.com\/sv\/wp-json\/wp\/v2\/product\/13249","targetHints":{"allow":["GET"]}}],"collection":[{"href":"https:\/\/nordicmart.andreevmaster.com\/sv\/wp-json\/wp\/v2\/product"}],"about":[{"href":"https:\/\/nordicmart.andreevmaster.com\/sv\/wp-json\/wp\/v2\/types\/product"}],"replies":[{"embeddable":true,"href":"https:\/\/nordicmart.andreevmaster.com\/sv\/wp-json\/wp\/v2\/comments?post=13249"}],"wp:featuredmedia":[{"embeddable":true,"href":"https:\/\/nordicmart.andreevmaster.com\/sv\/wp-json\/wp\/v2\/media\/41418"}],"wp:attachment":[{"href":"https:\/\/nordicmart.andreevmaster.com\/sv\/wp-json\/wp\/v2\/media?parent=13249"}],"wp:term":[{"taxonomy":"product_brand","embeddable":true,"href":"https:\/\/nordicmart.andreevmaster.com\/sv\/wp-json\/wp\/v2\/product_brand?post=13249"},{"taxonomy":"product_cat","embeddable":true,"href":"https:\/\/nordicmart.andreevmaster.com\/sv\/wp-json\/wp\/v2\/product_cat?post=13249"},{"taxonomy":"product_tag","embeddable":true,"href":"https:\/\/nordicmart.andreevmaster.com\/sv\/wp-json\/wp\/v2\/product_tag?post=13249"}],"curies":[{"name":"wp","href":"https:\/\/api.w.org\/{rel}","templated":true}]}}