{"id":13248,"date":"2026-02-27T00:17:08","date_gmt":"2026-02-27T00:17:08","guid":{"rendered":"https:\/\/nordicmart.andreevmaster.com\/product\/songmics-vinrack-med-5-hyllplan-i-bambu\/"},"modified":"2026-02-27T08:10:31","modified_gmt":"2026-02-27T08:10:31","slug":"songmics-vinrack-med-5-hyllplan-i-bambu","status":"publish","type":"product","link":"https:\/\/nordicmart.andreevmaster.com\/sv\/produkt\/songmics-vinrack-med-5-hyllplan-i-bambu\/","title":{"rendered":"SONGMICS vinrack med 5 hyllplan i bambu"},"content":{"rendered":"<p>SONGMICS vinst\u00e4ll, flaskst\u00e4ll med 5 niv\u00e5er, f\u00f6r upp till 30 flaskor, flaskh\u00e5llare av bambu, frist\u00e5ende<br \/>\nF\u00e4rg: espressobrun<br \/>\nMaterial: Bambu<br \/>\nStorlek: 24,5 x 63,3 x 73 cm (D x B x H)<br \/>\nVikt: 3,7 kg<br \/>\nMax. statisk belastningskapacitet per hylla: 15 kg<\/p>\n","protected":false},"excerpt":{"rendered":"<p>SONGMICS vinst\u00e4ll, flaskst\u00e4ll med 5 niv\u00e5er, f\u00f6r upp till 30 flaskor, flaskh\u00e5llare av bambu, frist\u00e5ende<\/p>\n","protected":false},"featured_media":41417,"comment_status":"open","ping_status":"closed","template":"","meta":[],"product_brand":[],"product_cat":[33],"product_tag":[],"class_list":{"0":"post-13248","1":"product","2":"type-product","3":"status-publish","4":"has-post-thumbnail","6":"product_cat-okategoriserad","8":"first","9":"instock","10":"shipping-taxable","11":"purchasable","12":"product-type-simple"},"_links":{"self":[{"href":"https:\/\/nordicmart.andreevmaster.com\/sv\/wp-json\/wp\/v2\/product\/13248","targetHints":{"allow":["GET"]}}],"collection":[{"href":"https:\/\/nordicmart.andreevmaster.com\/sv\/wp-json\/wp\/v2\/product"}],"about":[{"href":"https:\/\/nordicmart.andreevmaster.com\/sv\/wp-json\/wp\/v2\/types\/product"}],"replies":[{"embeddable":true,"href":"https:\/\/nordicmart.andreevmaster.com\/sv\/wp-json\/wp\/v2\/comments?post=13248"}],"wp:featuredmedia":[{"embeddable":true,"href":"https:\/\/nordicmart.andreevmaster.com\/sv\/wp-json\/wp\/v2\/media\/41417"}],"wp:attachment":[{"href":"https:\/\/nordicmart.andreevmaster.com\/sv\/wp-json\/wp\/v2\/media?parent=13248"}],"wp:term":[{"taxonomy":"product_brand","embeddable":true,"href":"https:\/\/nordicmart.andreevmaster.com\/sv\/wp-json\/wp\/v2\/product_brand?post=13248"},{"taxonomy":"product_cat","embeddable":true,"href":"https:\/\/nordicmart.andreevmaster.com\/sv\/wp-json\/wp\/v2\/product_cat?post=13248"},{"taxonomy":"product_tag","embeddable":true,"href":"https:\/\/nordicmart.andreevmaster.com\/sv\/wp-json\/wp\/v2\/product_tag?post=13248"}],"curies":[{"name":"wp","href":"https:\/\/api.w.org\/{rel}","templated":true}]}}