{"id":13246,"date":"2026-02-27T00:17:07","date_gmt":"2026-02-27T00:17:07","guid":{"rendered":"https:\/\/nordicmart.andreevmaster.com\/product\/songmics-industriellt-designat-vinstall-med-glashallare\/"},"modified":"2026-02-27T08:10:30","modified_gmt":"2026-02-27T08:10:30","slug":"songmics-industriellt-designat-vinstall-med-glashallare","status":"publish","type":"product","link":"https:\/\/nordicmart.andreevmaster.com\/sv\/produkt\/songmics-industriellt-designat-vinstall-med-glashallare\/","title":{"rendered":"SONGMICS industriellt designat vinst\u00e4ll med glash\u00e5llare"},"content":{"rendered":"<p>SONGMICS vinst\u00e4ll \u00e4r ett m\u00e5ste f\u00f6r alla vin\u00e4lskare. Det \u00e4r ett vinst\u00e4ll som f\u00f6renar stil och funktion s\u00e5 att du kan njuta av mysiga stunder med ett glas vin. Mer f\u00f6rvaringsutrymme: Vinst\u00e4llet levereras med glash\u00e5llare och en bordsskiva. Med detta unika 3-i-1-vinst\u00e4ll kan du b\u00e4ttre serva dina g\u00e4ster. F\u00f6rvaringsutrymme i \u00f6verfl\u00f6d: Detta 4-v\u00e5ningsst\u00e4ll med glash\u00e5llare rymmer 24 flaskor och \u00e4r en idealisk plats att visa upp din vinsamling. Dina g\u00e4ster kommer att bli imponerade! Dessutom ger det medf\u00f6ljande tippskyddet extra stabilitet. Produktdetaljer: &#8211; F\u00e4rg: Vintagebrun-svart &#8211; Material: Bambu, MDF (medeldensitetsfiberplatta), st\u00e5l &#8211; Storlek: 66 x 30 x 100 cm (L x B x H) &#8211; Vikt: 9 kg &#8211; Max. statisk belastningskapacitet per hylla: 15 kg  Leveransomfattning: &#8211; 1 x vinst\u00e4ll &#8211; 1 x tillbeh\u00f6rspaket &#8211; 1 x tippskydd &#8211; 1 x instruktioner SONGMICS Anvisningar: &#8211; Placera inte produkten i en fuktig milj\u00f6.- H\u00e5ll produkten borta fr\u00e5n vassa och spetsiga f\u00f6rem\u00e5l. &#8211; Av s\u00e4kerhetssk\u00e4l \u00e4r det f\u00f6rbjudet f\u00f6r barn att kl\u00e4ttra p\u00e5 eller leka med produkten. &#8211; F\u00e4st produkten p\u00e5 v\u00e4ggen med det medf\u00f6ljande tippskyddet f\u00f6r att garantera s\u00e4ker anv\u00e4ndning.<\/p>\n","protected":false},"excerpt":{"rendered":"<p>SONGMICS vinst\u00e4ll, f\u00f6r 24 vinflaskor, frist\u00e5ende, flaskst\u00e4ll med glash\u00e5llare, f\u00f6r k\u00f6k, bar, matsal, vintagebrun-svart KWR028B01<\/p>\n","protected":false},"featured_media":41415,"comment_status":"open","ping_status":"closed","template":"","meta":[],"product_brand":[],"product_cat":[33],"product_tag":[],"class_list":{"0":"post-13246","1":"product","2":"type-product","3":"status-publish","4":"has-post-thumbnail","6":"product_cat-okategoriserad","8":"first","9":"instock","10":"shipping-taxable","11":"purchasable","12":"product-type-simple"},"_links":{"self":[{"href":"https:\/\/nordicmart.andreevmaster.com\/sv\/wp-json\/wp\/v2\/product\/13246","targetHints":{"allow":["GET"]}}],"collection":[{"href":"https:\/\/nordicmart.andreevmaster.com\/sv\/wp-json\/wp\/v2\/product"}],"about":[{"href":"https:\/\/nordicmart.andreevmaster.com\/sv\/wp-json\/wp\/v2\/types\/product"}],"replies":[{"embeddable":true,"href":"https:\/\/nordicmart.andreevmaster.com\/sv\/wp-json\/wp\/v2\/comments?post=13246"}],"wp:featuredmedia":[{"embeddable":true,"href":"https:\/\/nordicmart.andreevmaster.com\/sv\/wp-json\/wp\/v2\/media\/41415"}],"wp:attachment":[{"href":"https:\/\/nordicmart.andreevmaster.com\/sv\/wp-json\/wp\/v2\/media?parent=13246"}],"wp:term":[{"taxonomy":"product_brand","embeddable":true,"href":"https:\/\/nordicmart.andreevmaster.com\/sv\/wp-json\/wp\/v2\/product_brand?post=13246"},{"taxonomy":"product_cat","embeddable":true,"href":"https:\/\/nordicmart.andreevmaster.com\/sv\/wp-json\/wp\/v2\/product_cat?post=13246"},{"taxonomy":"product_tag","embeddable":true,"href":"https:\/\/nordicmart.andreevmaster.com\/sv\/wp-json\/wp\/v2\/product_tag?post=13246"}],"curies":[{"name":"wp","href":"https:\/\/api.w.org\/{rel}","templated":true}]}}