{"id":13244,"date":"2026-02-27T00:17:07","date_gmt":"2026-02-27T00:17:07","guid":{"rendered":"https:\/\/nordicmart.andreevmaster.com\/product\/songmics-vinrack-for-12-flaskor\/"},"modified":"2026-02-27T08:10:30","modified_gmt":"2026-02-27T08:10:30","slug":"songmics-vinrack-for-12-flaskor","status":"publish","type":"product","link":"https:\/\/nordicmart.andreevmaster.com\/sv\/produkt\/songmics-vinrack-for-12-flaskor\/","title":{"rendered":"SONGMICS vinrack f\u00f6r 12 flaskor"},"content":{"rendered":"<p>Planerar du en fest? Med detta flaskst\u00e4ll \u00e4r din hembar alltid redo. Detta vinst\u00e4ll har 12 \u00f6ppna fack d\u00e4r du kan visa upp din vinsamling. F\u00f6rutom att det \u00e4r ett bra f\u00f6rvaringsalternativ \u00e4r detta vinst\u00e4ll ocks\u00e5 en fantastisk dekoration som f\u00f6rh\u00f6jer din vinsamling. Genomt\u00e4nkta detaljer: &#8211; Retrodesign i lantlig stil. &#8211; Tillverkad av MDF och bambu. &#8211; Enkel att anv\u00e4nda och montera. &#8211; 3 hyllor som rymmer 12 flaskor. &#8211; Kompakt design f\u00f6r effektiv och utrymmeseffektiv f\u00f6rvaring. &#8211; Unik v\u00e5gformad design f\u00f6r att f\u00f6rhindra vickning. Produktdetaljer: &#8211; F\u00e4rg: Vintagebrun-svart &#8211; Material: Bambu, MDF (medeldensitetsfiberplatta) &#8211; Storlek: 20,3 x 44,8 x 38 cm (D x B x H) &#8211; Vikt: 1,5 kg &#8211; Max. statisk belastningskapacitet per hylla: 15 kg Leveransomfattning:- 1 x vinst\u00e4ll &#8211; 1 x tillbeh\u00f6rspaket &#8211; 1 x bruksanvisning SONGMICS Anm\u00e4rkningar: &#8211; Undvik att uts\u00e4tta produkten f\u00f6r fukt under l\u00e4ngre tid. &#8211; R\u00f6r aldrig produkten med vassa f\u00f6rem\u00e5l som kan skada ytan. &#8211; Barn f\u00e5r inte kl\u00e4ttra p\u00e5 eller leka med produkten.<\/p>\n","protected":false},"excerpt":{"rendered":"<p>SONGMICS Countertop vinst\u00e4ll, flaskst\u00e4ll med 3 hyllor, f\u00f6r upp till 12 flaskor, flaskh\u00e5llare av bambu, f\u00f6r k\u00f6k, bar, matsal, vardagsrum, vintagebrun-svart KWR011B01<\/p>\n","protected":false},"featured_media":41413,"comment_status":"open","ping_status":"closed","template":"","meta":[],"product_brand":[],"product_cat":[33],"product_tag":[],"class_list":{"0":"post-13244","1":"product","2":"type-product","3":"status-publish","4":"has-post-thumbnail","6":"product_cat-okategoriserad","8":"first","9":"instock","10":"shipping-taxable","11":"purchasable","12":"product-type-simple"},"_links":{"self":[{"href":"https:\/\/nordicmart.andreevmaster.com\/sv\/wp-json\/wp\/v2\/product\/13244","targetHints":{"allow":["GET"]}}],"collection":[{"href":"https:\/\/nordicmart.andreevmaster.com\/sv\/wp-json\/wp\/v2\/product"}],"about":[{"href":"https:\/\/nordicmart.andreevmaster.com\/sv\/wp-json\/wp\/v2\/types\/product"}],"replies":[{"embeddable":true,"href":"https:\/\/nordicmart.andreevmaster.com\/sv\/wp-json\/wp\/v2\/comments?post=13244"}],"wp:featuredmedia":[{"embeddable":true,"href":"https:\/\/nordicmart.andreevmaster.com\/sv\/wp-json\/wp\/v2\/media\/41413"}],"wp:attachment":[{"href":"https:\/\/nordicmart.andreevmaster.com\/sv\/wp-json\/wp\/v2\/media?parent=13244"}],"wp:term":[{"taxonomy":"product_brand","embeddable":true,"href":"https:\/\/nordicmart.andreevmaster.com\/sv\/wp-json\/wp\/v2\/product_brand?post=13244"},{"taxonomy":"product_cat","embeddable":true,"href":"https:\/\/nordicmart.andreevmaster.com\/sv\/wp-json\/wp\/v2\/product_cat?post=13244"},{"taxonomy":"product_tag","embeddable":true,"href":"https:\/\/nordicmart.andreevmaster.com\/sv\/wp-json\/wp\/v2\/product_tag?post=13244"}],"curies":[{"name":"wp","href":"https:\/\/api.w.org\/{rel}","templated":true}]}}