{"id":13243,"date":"2026-02-27T00:17:07","date_gmt":"2026-02-27T00:17:07","guid":{"rendered":"https:\/\/nordicmart.andreevmaster.com\/product\/songmics-stapelbar-vinstall-i-bambu\/"},"modified":"2026-02-27T08:10:30","modified_gmt":"2026-02-27T08:10:30","slug":"songmics-stapelbar-vinstall-i-bambu","status":"publish","type":"product","link":"https:\/\/nordicmart.andreevmaster.com\/sv\/produkt\/songmics-stapelbar-vinstall-i-bambu\/","title":{"rendered":"SONGMICS stapelbar vinst\u00e4ll i bambu"},"content":{"rendered":"<p>Om du vill lagra dina viner under en l\u00e4ngre tid b\u00f6r de alltid st\u00e5 i kontakt med korken<br \/>\n och h\u00e5lla den fuktig. D\u00e4rf\u00f6r b\u00f6r du f\u00f6rvara vinflaskorna liggande. Annars krymper korken med tiden n\u00e4r den torkar ut och mer syre kommer in i flaskan, vilket l\u00e5ngsamt f\u00f6rvandlar vinet till vin\u00e4ger. SONGMICS vinst\u00e4ll har en l\u00e4tt lutande design s\u00e5 att alla vinflaskor ligger l\u00e4tt p\u00e5 sned och korkarna alltid kan h\u00e5llas fuktiga, vilket skyddar vinerna.<br \/>\nProduktdetaljer:<br \/>\nF\u00e4rg: naturlig \u00e5dring<br \/>\nMaterial: bambu<br \/>\nM\u00e5tt: 85 x 30 x 24 cm (B x H x D)<br \/>\nVikt: 2,8 kg<br \/>\nMax. belastningskapacitet: 15 kg<\/p>\n<p>Leveransomfattning:<br \/>\n1 x vinst\u00e4ll<br \/>\n1 x bruksanvisning (DE, EN, FR, ES, IT)<\/p>\n<p>SONGMICS Obs!<br \/>\nUts\u00e4tt inte produkten f\u00f6r fukt och direkt solljus.<br \/>\nAv s\u00e4kerhetssk\u00e4l kan produkten f\u00f6rvaras upp till 2<\/p>\n","protected":false},"excerpt":{"rendered":"<p>SONGMICS stapelbar vinst\u00e4ll i bambu f\u00f6r 18 vinflaskor, flaskst\u00e4ll med 2 niv\u00e5er, naturlig \u00e5dring KWR002NL<\/p>\n","protected":false},"featured_media":41412,"comment_status":"open","ping_status":"closed","template":"","meta":[],"product_brand":[],"product_cat":[33],"product_tag":[],"class_list":{"0":"post-13243","1":"product","2":"type-product","3":"status-publish","4":"has-post-thumbnail","6":"product_cat-okategoriserad","8":"first","9":"instock","10":"shipping-taxable","11":"purchasable","12":"product-type-simple"},"_links":{"self":[{"href":"https:\/\/nordicmart.andreevmaster.com\/sv\/wp-json\/wp\/v2\/product\/13243","targetHints":{"allow":["GET"]}}],"collection":[{"href":"https:\/\/nordicmart.andreevmaster.com\/sv\/wp-json\/wp\/v2\/product"}],"about":[{"href":"https:\/\/nordicmart.andreevmaster.com\/sv\/wp-json\/wp\/v2\/types\/product"}],"replies":[{"embeddable":true,"href":"https:\/\/nordicmart.andreevmaster.com\/sv\/wp-json\/wp\/v2\/comments?post=13243"}],"wp:featuredmedia":[{"embeddable":true,"href":"https:\/\/nordicmart.andreevmaster.com\/sv\/wp-json\/wp\/v2\/media\/41412"}],"wp:attachment":[{"href":"https:\/\/nordicmart.andreevmaster.com\/sv\/wp-json\/wp\/v2\/media?parent=13243"}],"wp:term":[{"taxonomy":"product_brand","embeddable":true,"href":"https:\/\/nordicmart.andreevmaster.com\/sv\/wp-json\/wp\/v2\/product_brand?post=13243"},{"taxonomy":"product_cat","embeddable":true,"href":"https:\/\/nordicmart.andreevmaster.com\/sv\/wp-json\/wp\/v2\/product_cat?post=13243"},{"taxonomy":"product_tag","embeddable":true,"href":"https:\/\/nordicmart.andreevmaster.com\/sv\/wp-json\/wp\/v2\/product_tag?post=13243"}],"curies":[{"name":"wp","href":"https:\/\/api.w.org\/{rel}","templated":true}]}}