{"id":13242,"date":"2026-02-27T00:17:06","date_gmt":"2026-02-27T00:17:06","guid":{"rendered":"https:\/\/nordicmart.andreevmaster.com\/product\/songmics-smalt-stativ-med-3-fack-pa-hjul\/"},"modified":"2026-02-27T08:10:30","modified_gmt":"2026-02-27T08:10:30","slug":"songmics-smalt-stativ-med-3-fack-pa-hjul","status":"publish","type":"product","link":"https:\/\/nordicmart.andreevmaster.com\/sv\/produkt\/songmics-smalt-stativ-med-3-fack-pa-hjul\/","title":{"rendered":"SONGMICS smalt stativ med 3 fack p\u00e5 hjul"},"content":{"rendered":"<p>S\u00e4tt stopp f\u00f6r r\u00f6ran \u00c4r du alltid irriterad \u00f6ver r\u00f6ran i ditt k\u00f6k eller badrum, men har inte tillr\u00e4ckligt med plats f\u00f6r ett stort sk\u00e5p? D\u00e5 \u00e4r denna nischhylla fr\u00e5n SONGMICS den perfekta l\u00f6sningen. Det passar perfekt i tr\u00e5nga nischer och erbjuder 3 praktiska hyllplan d\u00e4r du kan f\u00f6rvara k\u00f6ksredskap eller hygienartiklar p\u00e5 ett snyggt s\u00e4tt. Flaskor, snacks, reng\u00f6rings- eller diskmedel, kryddor, sopp\u00e5sar, schampo \u2013 f\u00f6rvara dina vardagsartiklar p\u00e5 ett snyggt s\u00e4tt. Produktdetaljer: &#8211; F\u00e4rg: Vit &#8211; Material: PP-plast &#8211; M\u00e5tt: 54,5 x 12,7 x 72,5 cm (L x B x H) &#8211; Vikt: 1,41 kg &#8211; V\u00e4ggtjocklek: 2,44 mm Leveransomfattning: &#8211; 1 x plasthylla<\/p>\n","protected":false},"excerpt":{"rendered":"<p>SONGMICS nischhylla, k\u00f6kshylla med 3 hyllplan, badrumshylla, stativhylla, universalvagn med hjul, vit KTR03W<\/p>\n","protected":false},"featured_media":41411,"comment_status":"open","ping_status":"closed","template":"","meta":[],"product_brand":[],"product_cat":[33],"product_tag":[],"class_list":{"0":"post-13242","1":"product","2":"type-product","3":"status-publish","4":"has-post-thumbnail","6":"product_cat-okategoriserad","8":"first","9":"instock","10":"shipping-taxable","11":"purchasable","12":"product-type-simple"},"_links":{"self":[{"href":"https:\/\/nordicmart.andreevmaster.com\/sv\/wp-json\/wp\/v2\/product\/13242","targetHints":{"allow":["GET"]}}],"collection":[{"href":"https:\/\/nordicmart.andreevmaster.com\/sv\/wp-json\/wp\/v2\/product"}],"about":[{"href":"https:\/\/nordicmart.andreevmaster.com\/sv\/wp-json\/wp\/v2\/types\/product"}],"replies":[{"embeddable":true,"href":"https:\/\/nordicmart.andreevmaster.com\/sv\/wp-json\/wp\/v2\/comments?post=13242"}],"wp:featuredmedia":[{"embeddable":true,"href":"https:\/\/nordicmart.andreevmaster.com\/sv\/wp-json\/wp\/v2\/media\/41411"}],"wp:attachment":[{"href":"https:\/\/nordicmart.andreevmaster.com\/sv\/wp-json\/wp\/v2\/media?parent=13242"}],"wp:term":[{"taxonomy":"product_brand","embeddable":true,"href":"https:\/\/nordicmart.andreevmaster.com\/sv\/wp-json\/wp\/v2\/product_brand?post=13242"},{"taxonomy":"product_cat","embeddable":true,"href":"https:\/\/nordicmart.andreevmaster.com\/sv\/wp-json\/wp\/v2\/product_cat?post=13242"},{"taxonomy":"product_tag","embeddable":true,"href":"https:\/\/nordicmart.andreevmaster.com\/sv\/wp-json\/wp\/v2\/product_tag?post=13242"}],"curies":[{"name":"wp","href":"https:\/\/api.w.org\/{rel}","templated":true}]}}