{"id":13241,"date":"2026-02-27T00:17:06","date_gmt":"2026-02-27T00:17:06","guid":{"rendered":"https:\/\/nordicmart.andreevmaster.com\/product\/vasagle-matbankar-2-pack-bankar-for-matbord-koksbankar\/"},"modified":"2026-02-27T08:10:30","modified_gmt":"2026-02-27T08:10:30","slug":"vasagle-matbankar-2-pack-bankar-for-matbord-koksbankar","status":"publish","type":"product","link":"https:\/\/nordicmart.andreevmaster.com\/sv\/produkt\/vasagle-matbankar-2-pack-bankar-for-matbord-koksbankar\/","title":{"rendered":"VASAGLE Matb\u00e4nkar, 2-pack, b\u00e4nkar f\u00f6r matbord, k\u00f6ksb\u00e4nkar"},"content":{"rendered":"<p>Produktdetaljer: &#8211; F\u00e4rg: Vintage\/m\u00f6rkbrun &#8211; Material: Sp\u00e5nskiva, j\u00e4rn &#8211; Storlek per b\u00e4nk: 108 x 32,5 x 50 cm (L x B x H) &#8211; M\u00e5tt p\u00e5 sittytan: 108 x 32,5 x 15 cm (L x B x H) &#8211; Vikt: 13,4 kg Leveransomfattning:- 2 x matb\u00e4nk &#8211; 1 x tillbeh\u00f6rsp\u00e5se &#8211; 1 x bruksanvisning (DE, EN, ES, FR, IT) VASAGLE Anvisningar: &#8211; Placera produkten s\u00e5 att den inte uts\u00e4tts f\u00f6r v\u00e4rmek\u00e4llor, direkt solljus eller fukt. &#8211; H\u00e5ll produkten borta fr\u00e5n vassa och spetsiga f\u00f6rem\u00e5l samt fr\u00e4tande \u00e4mnen.- Barn f\u00e5r inte kl\u00e4ttra p\u00e5 eller leka med produkten. &#8211; H\u00e5ll barn borta fr\u00e5n arbetsomr\u00e5det under montering och f\u00f6rvara f\u00f6rpackningsmaterial utom r\u00e4ckh\u00e5ll f\u00f6r barn. Leveransen inneh\u00e5ller m\u00e5nga sm\u00e5delar som kan utg\u00f6ra en h\u00e4lsorisk om de sv\u00e4ljs eller inhaleras.<\/p>\n","protected":false},"excerpt":{"rendered":"<p>Matb\u00e4nkar, 2-pack, b\u00e4nkar f\u00f6r matbord, k\u00f6ksb\u00e4nkar, f\u00f6r k\u00f6k, matsal, industriell design, vintagebrun-svart<\/p>\n","protected":false},"featured_media":41410,"comment_status":"open","ping_status":"closed","template":"","meta":[],"product_brand":[],"product_cat":[33],"product_tag":[],"class_list":{"0":"post-13241","1":"product","2":"type-product","3":"status-publish","4":"has-post-thumbnail","6":"product_cat-okategoriserad","8":"first","9":"instock","10":"shipping-taxable","11":"purchasable","12":"product-type-simple"},"_links":{"self":[{"href":"https:\/\/nordicmart.andreevmaster.com\/sv\/wp-json\/wp\/v2\/product\/13241","targetHints":{"allow":["GET"]}}],"collection":[{"href":"https:\/\/nordicmart.andreevmaster.com\/sv\/wp-json\/wp\/v2\/product"}],"about":[{"href":"https:\/\/nordicmart.andreevmaster.com\/sv\/wp-json\/wp\/v2\/types\/product"}],"replies":[{"embeddable":true,"href":"https:\/\/nordicmart.andreevmaster.com\/sv\/wp-json\/wp\/v2\/comments?post=13241"}],"wp:featuredmedia":[{"embeddable":true,"href":"https:\/\/nordicmart.andreevmaster.com\/sv\/wp-json\/wp\/v2\/media\/41410"}],"wp:attachment":[{"href":"https:\/\/nordicmart.andreevmaster.com\/sv\/wp-json\/wp\/v2\/media?parent=13241"}],"wp:term":[{"taxonomy":"product_brand","embeddable":true,"href":"https:\/\/nordicmart.andreevmaster.com\/sv\/wp-json\/wp\/v2\/product_brand?post=13241"},{"taxonomy":"product_cat","embeddable":true,"href":"https:\/\/nordicmart.andreevmaster.com\/sv\/wp-json\/wp\/v2\/product_cat?post=13241"},{"taxonomy":"product_tag","embeddable":true,"href":"https:\/\/nordicmart.andreevmaster.com\/sv\/wp-json\/wp\/v2\/product_tag?post=13241"}],"curies":[{"name":"wp","href":"https:\/\/api.w.org\/{rel}","templated":true}]}}