{"id":13237,"date":"2026-02-27T00:17:05","date_gmt":"2026-02-27T00:17:05","guid":{"rendered":"https:\/\/nordicmart.andreevmaster.com\/product\/songmics-shoppingvagn-med-hjul\/"},"modified":"2026-02-27T08:10:29","modified_gmt":"2026-02-27T08:10:29","slug":"songmics-shoppingvagn-med-hjul","status":"publish","type":"product","link":"https:\/\/nordicmart.andreevmaster.com\/sv\/produkt\/songmics-shoppingvagn-med-hjul\/","title":{"rendered":"SONGMICS shoppingvagn med hjul"},"content":{"rendered":"<p>Monteringen \u2013 en barnlek! Allt du beh\u00f6ver g\u00f6ra \u00e4r att montera de tv\u00e5 hjulen och f\u00e4sta v\u00e4skan p\u00e5 ramen med kardborreband \u2013 klart! P\u00e5 bara n\u00e5gra minuter \u00e4r denna vagn redo att f\u00f6lja med dig till marknaden f\u00f6r att k\u00f6pa f\u00e4rsk fisk och knapriga gr\u00f6nsaker.En stilfull f\u00f6ljeslagare: Du beh\u00f6ver inte sk\u00e4mmas f\u00f6r att dra denna shoppingvagn efter dig n\u00e4r du g\u00e5r till snabbk\u00f6pet \u2013 tack vare det moderna h\u00f6nstegsm\u00f6nstret ser den n\u00e4mligen v\u00e4ldigt stilfull ut! Kanske kommer dina v\u00e4nner som du m\u00f6ter p\u00e5 v\u00e4gen till och med fr\u00e5ga dig var du har k\u00f6pt denna vagn, eftersom de ocks\u00e5 vill best\u00e4lla en! Ett m\u00e5ste f\u00f6r dina utflykter: Mer \u00e4n bara en shoppingvagn! Du kan anv\u00e4nda den inte bara n\u00e4r du handlar, utan ocks\u00e5 vid utomhusaktiviteter f\u00f6r att ta med picknickfiltar och spel. Varf\u00f6r inte anv\u00e4nda denna vagn \u00e4ven p\u00e5 campingen? Produktdetaljer: F\u00e4rg: Svart, h\u00f6nstegsm\u00f6nster Material: 600D Oxford-tyg, aluminiumstruktur, EVA-hjul Storlek: 47 x 33 x 97 cm (L x B x H)Vikt: 2 kgMax. statisk belastningskapacitet: 25 kgLeveransomfattning:1 x shoppingvagn1 x bruksanvisning (DE, EN, FR, ES, IT)SONGMICS Anvisningar:H\u00e5ll produkten borta fr\u00e5n \u00f6ppen eld och vassa f\u00f6rem\u00e5l.Uts\u00e4tt inte produkten f\u00f6r direkt solljus. St\u00e4ll inte produkten i en fuktig milj\u00f6 f\u00f6r att undvika m\u00f6gel. Produktens max. statiska belastningskapacitet \u00e4r 25 kg. Demontera inte hjulen eller andra delar med v\u00e5ld, utan g\u00f6r det f\u00f6rsiktigt och l\u00e5ngsamt.<\/p>\n","protected":false},"excerpt":{"rendered":"<p>SONGMICS shoppingvagn, kundvagn, med hjul, volym 40 l, med fickor, tysta hjul och krokar, 47 x 33 x 97 cm, stabil och robust, hanefotm\u00f6nster, svart KST06BF<\/p>\n","protected":false},"featured_media":41406,"comment_status":"open","ping_status":"closed","template":"","meta":[],"product_brand":[],"product_cat":[33],"product_tag":[],"class_list":{"0":"post-13237","1":"product","2":"type-product","3":"status-publish","4":"has-post-thumbnail","6":"product_cat-okategoriserad","8":"first","9":"instock","10":"shipping-taxable","11":"purchasable","12":"product-type-simple"},"_links":{"self":[{"href":"https:\/\/nordicmart.andreevmaster.com\/sv\/wp-json\/wp\/v2\/product\/13237","targetHints":{"allow":["GET"]}}],"collection":[{"href":"https:\/\/nordicmart.andreevmaster.com\/sv\/wp-json\/wp\/v2\/product"}],"about":[{"href":"https:\/\/nordicmart.andreevmaster.com\/sv\/wp-json\/wp\/v2\/types\/product"}],"replies":[{"embeddable":true,"href":"https:\/\/nordicmart.andreevmaster.com\/sv\/wp-json\/wp\/v2\/comments?post=13237"}],"wp:featuredmedia":[{"embeddable":true,"href":"https:\/\/nordicmart.andreevmaster.com\/sv\/wp-json\/wp\/v2\/media\/41406"}],"wp:attachment":[{"href":"https:\/\/nordicmart.andreevmaster.com\/sv\/wp-json\/wp\/v2\/media?parent=13237"}],"wp:term":[{"taxonomy":"product_brand","embeddable":true,"href":"https:\/\/nordicmart.andreevmaster.com\/sv\/wp-json\/wp\/v2\/product_brand?post=13237"},{"taxonomy":"product_cat","embeddable":true,"href":"https:\/\/nordicmart.andreevmaster.com\/sv\/wp-json\/wp\/v2\/product_cat?post=13237"},{"taxonomy":"product_tag","embeddable":true,"href":"https:\/\/nordicmart.andreevmaster.com\/sv\/wp-json\/wp\/v2\/product_tag?post=13237"}],"curies":[{"name":"wp","href":"https:\/\/api.w.org\/{rel}","templated":true}]}}