{"id":13236,"date":"2026-02-27T00:17:05","date_gmt":"2026-02-27T00:17:05","guid":{"rendered":"https:\/\/nordicmart.andreevmaster.com\/product\/songmics-shoppingvagn-med-en-40-liters-vaska\/"},"modified":"2026-02-27T08:10:28","modified_gmt":"2026-02-27T08:10:28","slug":"songmics-shoppingvagn-med-en-40-liters-vaska","status":"publish","type":"product","link":"https:\/\/nordicmart.andreevmaster.com\/sv\/produkt\/songmics-shoppingvagn-med-en-40-liters-vaska\/","title":{"rendered":"SONGMICS shoppingvagn med en 40-liters v\u00e4ska"},"content":{"rendered":"<p>Om du alltid l\u00e4mnar snabbk\u00f6pet med tunga kassar \u00e4r det h\u00f6g tid att skaffa en shoppingvagn. Vad g\u00f6r shoppingvagnen fr\u00e5n SONGMICS s\u00e5 unik? Produkten fr\u00e5n SONGMICS \u00f6vertygar med sin multifunktionalitet: Den gr\u00e5 v\u00e4skan kan enkelt tas av och anv\u00e4ndas som en snygg axelv\u00e4ska f\u00f6r f\u00f6rem\u00e5l upp till 10 kg. N\u00e4r den \u00e4r monterad p\u00e5 aluminiumramen kan den rymma upp till 25 kg. Tack vare den smarta designen f\u00f6rblir vagnen stabil och stadig \u00e4ven n\u00e4r den \u00e4r fullastad. V\u00e4skan har dessutom extrafack d\u00e4r du kan f\u00f6rvara till exempel din paraply. Det isolerade kylfacket \u00e4r s\u00e4rskilt praktiskt. Dessutom kan vagnen f\u00e4stas p\u00e5 kundvagnen med tv\u00e5 krokar. Det justerbara handtaget skonsar dina handleder och g\u00f6r det l\u00e4ttare att flytta vagnen. Reflektorer s\u00e4kerst\u00e4ller s\u00e4kerheten i trafiken. Enkel montering tack vare kardborreband N\u00e4r du har mottagit paketet beh\u00f6ver du bara f\u00e4lla upp vagnens stativ och montera hjulen och v\u00e4skan. En skruvdragare beh\u00f6vs inte, eftersom hjulen kan f\u00e4stas med ett &#8221;klick&#8221; och v\u00e4skan med kardborreband.L\u00e4gg i varukorgen med kundvagnen Om du nu \u00e4r \u00f6vertygad om v\u00e5r shoppingvagn, klicka p\u00e5 &#8221;l\u00e4gg i varukorgen&#8221; s\u00e5 kommer den att rulla fram till dig. Produktdetaljer F\u00e4rg: Gr\u00e5 Material: 600D polyester + aluminiumr\u00f6r + hjul av EVA-skum Storlek p\u00e5 st\u00e4llet: 44x27x100 cm Storlek p\u00e5 tygv\u00e4skan: 31x24x54 cm Vikt: 2,8 kg Total lastkapacitet f\u00f6r stativ: 25 kg Lastkapacitet f\u00f6r axelremsv\u00e4ska: 10 kg Leveransomfattning 1x shoppingvagn 1x bruksanvisning (DE, EN, FA, ES, IT)<\/p>\n","protected":false},"excerpt":{"rendered":"<p>SONGMICS hopf\u00e4llbar shoppingvagn, med hjul, l\u00e4tt shoppingvagn med isolerat kylfack, 40 l, gr\u00e5 KST04GY<\/p>\n","protected":false},"featured_media":41405,"comment_status":"open","ping_status":"closed","template":"","meta":[],"product_brand":[],"product_cat":[33],"product_tag":[],"class_list":{"0":"post-13236","1":"product","2":"type-product","3":"status-publish","4":"has-post-thumbnail","6":"product_cat-okategoriserad","8":"first","9":"instock","10":"shipping-taxable","11":"purchasable","12":"product-type-simple"},"_links":{"self":[{"href":"https:\/\/nordicmart.andreevmaster.com\/sv\/wp-json\/wp\/v2\/product\/13236","targetHints":{"allow":["GET"]}}],"collection":[{"href":"https:\/\/nordicmart.andreevmaster.com\/sv\/wp-json\/wp\/v2\/product"}],"about":[{"href":"https:\/\/nordicmart.andreevmaster.com\/sv\/wp-json\/wp\/v2\/types\/product"}],"replies":[{"embeddable":true,"href":"https:\/\/nordicmart.andreevmaster.com\/sv\/wp-json\/wp\/v2\/comments?post=13236"}],"wp:featuredmedia":[{"embeddable":true,"href":"https:\/\/nordicmart.andreevmaster.com\/sv\/wp-json\/wp\/v2\/media\/41405"}],"wp:attachment":[{"href":"https:\/\/nordicmart.andreevmaster.com\/sv\/wp-json\/wp\/v2\/media?parent=13236"}],"wp:term":[{"taxonomy":"product_brand","embeddable":true,"href":"https:\/\/nordicmart.andreevmaster.com\/sv\/wp-json\/wp\/v2\/product_brand?post=13236"},{"taxonomy":"product_cat","embeddable":true,"href":"https:\/\/nordicmart.andreevmaster.com\/sv\/wp-json\/wp\/v2\/product_cat?post=13236"},{"taxonomy":"product_tag","embeddable":true,"href":"https:\/\/nordicmart.andreevmaster.com\/sv\/wp-json\/wp\/v2\/product_tag?post=13236"}],"curies":[{"name":"wp","href":"https:\/\/api.w.org\/{rel}","templated":true}]}}