{"id":13235,"date":"2026-02-27T00:17:05","date_gmt":"2026-02-27T00:17:05","guid":{"rendered":"https:\/\/nordicmart.andreevmaster.com\/product\/songmics-shoppingvagn-med-stor-kapacitet\/"},"modified":"2026-02-27T08:10:28","modified_gmt":"2026-02-27T08:10:28","slug":"songmics-shoppingvagn-med-stor-kapacitet","status":"publish","type":"product","link":"https:\/\/nordicmart.andreevmaster.com\/sv\/produkt\/songmics-shoppingvagn-med-stor-kapacitet\/","title":{"rendered":"SONGMICS shoppingvagn med stor kapacitet"},"content":{"rendered":"<p>Kommer du alltid hem fr\u00e5n aff\u00e4ren med flera tunga plastkassar? Med denna praktiska shoppingvagn fr\u00e5n SONGMICS beh\u00f6ver du inte l\u00e4ngre sl\u00e4pa p\u00e5 tunga kassar. Allt-i-ett-shoppingvagn: Med en 40-liters v\u00e4ska och ett extra kylfack r\u00e4cker det med en enda shoppingvagn f\u00f6r din veckohandling. Du beh\u00f6ver inte ens en extra v\u00e4ska f\u00f6r din mobiltelefon, nycklar och pengar \u2013 ett dolt fack p\u00e5 baksidan erbjuder ett s\u00e4kert g\u00f6mst\u00e4lle f\u00f6r dina v\u00e4rdesaker. Enkel att montera: F\u00e4ll upp aluminiumramen och f\u00e4st hjulen och v\u00e4skan f\u00f6r att f\u00e5 en stilren shoppingvagn. Du beh\u00f6ver inga verktyg f\u00f6r att montera den, eftersom hjulen kan monteras med ett enkelt \u201dklick\u201d. V\u00e4skan f\u00e4sts med kardborreband. Dessutom kan vagnen f\u00e4stas p\u00e5 en kundvagn i snabbk\u00f6pet med tv\u00e5 krokar. Produktdetaljer: F\u00e4rg: svart Material: 600D polyester, aluminium, EVA-skumhjul Produktstorlek: 47 x 33 x 97 cm V\u00e4skans storlek: 35 x 23,5 x 59 cm Vikt: 2,3 kg Kapacitet: 25 kg Leveransomfattning: 1 x vagn 1 x bruksanvisning (DE, EN, FR, ES, IT)<\/p>\n","protected":false},"excerpt":{"rendered":"<p>SONGMICS hopf\u00e4llbar shoppingvagn, med hjul, l\u00e4tt shoppingvagn med isolerat kylfack, 40 l, gr\u00e5 KST04GY<\/p>\n","protected":false},"featured_media":41404,"comment_status":"open","ping_status":"closed","template":"","meta":[],"product_brand":[],"product_cat":[33],"product_tag":[],"class_list":{"0":"post-13235","1":"product","2":"type-product","3":"status-publish","4":"has-post-thumbnail","6":"product_cat-okategoriserad","8":"first","9":"instock","10":"shipping-taxable","11":"purchasable","12":"product-type-simple"},"_links":{"self":[{"href":"https:\/\/nordicmart.andreevmaster.com\/sv\/wp-json\/wp\/v2\/product\/13235","targetHints":{"allow":["GET"]}}],"collection":[{"href":"https:\/\/nordicmart.andreevmaster.com\/sv\/wp-json\/wp\/v2\/product"}],"about":[{"href":"https:\/\/nordicmart.andreevmaster.com\/sv\/wp-json\/wp\/v2\/types\/product"}],"replies":[{"embeddable":true,"href":"https:\/\/nordicmart.andreevmaster.com\/sv\/wp-json\/wp\/v2\/comments?post=13235"}],"wp:featuredmedia":[{"embeddable":true,"href":"https:\/\/nordicmart.andreevmaster.com\/sv\/wp-json\/wp\/v2\/media\/41404"}],"wp:attachment":[{"href":"https:\/\/nordicmart.andreevmaster.com\/sv\/wp-json\/wp\/v2\/media?parent=13235"}],"wp:term":[{"taxonomy":"product_brand","embeddable":true,"href":"https:\/\/nordicmart.andreevmaster.com\/sv\/wp-json\/wp\/v2\/product_brand?post=13235"},{"taxonomy":"product_cat","embeddable":true,"href":"https:\/\/nordicmart.andreevmaster.com\/sv\/wp-json\/wp\/v2\/product_cat?post=13235"},{"taxonomy":"product_tag","embeddable":true,"href":"https:\/\/nordicmart.andreevmaster.com\/sv\/wp-json\/wp\/v2\/product_tag?post=13235"}],"curies":[{"name":"wp","href":"https:\/\/api.w.org\/{rel}","templated":true}]}}