{"id":13232,"date":"2026-02-27T00:17:04","date_gmt":"2026-02-27T00:17:04","guid":{"rendered":"https:\/\/nordicmart.andreevmaster.com\/product\/songmics-kundvagn-35-l\/"},"modified":"2026-02-27T08:10:28","modified_gmt":"2026-02-27T08:10:28","slug":"songmics-kundvagn-35-l","status":"publish","type":"product","link":"https:\/\/nordicmart.andreevmaster.com\/sv\/produkt\/songmics-kundvagn-35-l\/","title":{"rendered":"SONGMICS kundvagn 35 L"},"content":{"rendered":"<p>Om du alltid l\u00e4mnar snabbk\u00f6pet med tunga kassar \u00e4r det h\u00f6g tid att skaffa en shoppingvagn. Vad g\u00f6r shoppingvagnen fr\u00e5n SONGMICS s\u00e5 unik? Produkten fr\u00e5n SONGMICS \u00f6vertygar med sin multifunktionalitet: Den bl\u00e5 v\u00e4skan kan enkelt tas av och anv\u00e4ndas som en snygg axelv\u00e4ska f\u00f6r f\u00f6rem\u00e5l upp till 10 kg. N\u00e4r den \u00e4r monterad p\u00e5 aluminiumramen kan den rymma upp till 25 kg. Tack vare den smarta designen f\u00f6rblir vagnen stabil och stadig \u00e4ven n\u00e4r den \u00e4r fullastad. V\u00e4skan har dessutom extrafack d\u00e4r du kan f\u00f6rvara till exempel din paraply. Det isolerade kylfacket \u00e4r s\u00e4rskilt praktiskt. Dessutom kan vagnen f\u00e4stas p\u00e5 kundvagnen med tv\u00e5 krokar. Det justerbara handtaget skonsar dina handleder och g\u00f6r det l\u00e4ttare att flytta vagnen. Reflektorer s\u00e4kerst\u00e4ller s\u00e4kerheten i trafiken. Enkel montering tack vare kardborreband N\u00e4r du har mottagit paketet beh\u00f6ver du bara f\u00e4lla upp vagnens stativ och montera hjulen och v\u00e4skan. Det beh\u00f6vs ingen skruvdragare, eftersom hjulen kan f\u00e4stas med ett &#8221;klick&#8221; och v\u00e4skan med kardborreband. Produktdetaljer: &#8211; F\u00e4rg: Bl\u00e5 &#8211; Material: 600D polyester, aluminiumr\u00f6r, hjul av EVA-skum &#8211; St\u00e4llets storlek: 44 x 27 x 100 cm (L x B x H) &#8211; Storlek p\u00e5 tygv\u00e4skan: 31 x 24 x 54 cm (L x B x H) &#8211; Vikt: 2,8 kg &#8211; Max. statisk belastningskapacitet f\u00f6r hela stativet: 25 kg &#8211; Max. statisk belastningskapacitet f\u00f6r axelremsv\u00e4ska: 10 kg Leveransomfattning: &#8211; 1 x shoppingvagn &#8211; 1 x bruksanvisning (DE, EN, FR, ES, IT)<\/p>\n","protected":false},"excerpt":{"rendered":"<p>SONGMICS shoppingvagn, hopf\u00e4llbar, stabil kundvagn, med kylfack, stor kapacitet 35 l, multifunktionell, handvagn med hjul, avtagbar v\u00e4ska, gr\u00e5 KST02GY<\/p>\n","protected":false},"featured_media":41401,"comment_status":"open","ping_status":"closed","template":"","meta":[],"product_brand":[],"product_cat":[33],"product_tag":[],"class_list":{"0":"post-13232","1":"product","2":"type-product","3":"status-publish","4":"has-post-thumbnail","6":"product_cat-okategoriserad","8":"first","9":"instock","10":"shipping-taxable","11":"purchasable","12":"product-type-simple"},"_links":{"self":[{"href":"https:\/\/nordicmart.andreevmaster.com\/sv\/wp-json\/wp\/v2\/product\/13232","targetHints":{"allow":["GET"]}}],"collection":[{"href":"https:\/\/nordicmart.andreevmaster.com\/sv\/wp-json\/wp\/v2\/product"}],"about":[{"href":"https:\/\/nordicmart.andreevmaster.com\/sv\/wp-json\/wp\/v2\/types\/product"}],"replies":[{"embeddable":true,"href":"https:\/\/nordicmart.andreevmaster.com\/sv\/wp-json\/wp\/v2\/comments?post=13232"}],"wp:featuredmedia":[{"embeddable":true,"href":"https:\/\/nordicmart.andreevmaster.com\/sv\/wp-json\/wp\/v2\/media\/41401"}],"wp:attachment":[{"href":"https:\/\/nordicmart.andreevmaster.com\/sv\/wp-json\/wp\/v2\/media?parent=13232"}],"wp:term":[{"taxonomy":"product_brand","embeddable":true,"href":"https:\/\/nordicmart.andreevmaster.com\/sv\/wp-json\/wp\/v2\/product_brand?post=13232"},{"taxonomy":"product_cat","embeddable":true,"href":"https:\/\/nordicmart.andreevmaster.com\/sv\/wp-json\/wp\/v2\/product_cat?post=13232"},{"taxonomy":"product_tag","embeddable":true,"href":"https:\/\/nordicmart.andreevmaster.com\/sv\/wp-json\/wp\/v2\/product_tag?post=13232"}],"curies":[{"name":"wp","href":"https:\/\/api.w.org\/{rel}","templated":true}]}}