{"id":13229,"date":"2026-02-27T00:17:03","date_gmt":"2026-02-27T00:17:03","guid":{"rendered":"https:\/\/nordicmart.andreevmaster.com\/product\/songmics-hopfallbar-shoppingvagn\/"},"modified":"2026-02-27T08:10:27","modified_gmt":"2026-02-27T08:10:27","slug":"songmics-hopfallbar-shoppingvagn","status":"publish","type":"product","link":"https:\/\/nordicmart.andreevmaster.com\/sv\/produkt\/songmics-hopfallbar-shoppingvagn\/","title":{"rendered":"SONGMICS hopf\u00e4llbar shoppingvagn"},"content":{"rendered":"<p>Ingen bil, ingen hj\u00e4lpare och ingen hiss&#8230; Har din annars s\u00e5 trevliga shopping blivit en m\u00f6dosam uppgift? D\u00e5 \u00e4r det dags f\u00f6r denna shoppingvagn! Varf\u00f6r ska du v\u00e4lja denna shoppingvagn? &#8211; Hjulen med 3-i-1-design g\u00f6r det enkelt att ta sig uppf\u00f6r trappor &#8211; Tack vare det l\u00e4tta st\u00e5let i aluminiumlegering \u00e4r shoppingvagnen l\u00e4tt att flytta &#8211; Den rymliga 35-litersv\u00e4skan g\u00f6r denna shoppingvagn perfekt f\u00f6r veckohandlingen- Ett kylfack h\u00e5ller dina kylda livsmedel eller \u00f6l kalla. &#8211; Du kan ocks\u00e5 anv\u00e4nda den avtagbara v\u00e4skan separat med en axelrem. &#8211; Det tar bara n\u00e5gra minuter att montera ihop shoppingvagnen. &#8211; Stommen \u00e4r hopf\u00e4llbar och l\u00e4tt att f\u00f6rvara. Produktdetaljer:- F\u00e4rg: svart &#8211; Material: polyester, aluminiumlegering, hjul av EVA-skum &#8211; Storlek: 47 x 35 x 97 cm (L x B x H) &#8211; Vikt: 2,2 kg &#8211; Max. statisk belastningskapacitet: 20 kg Leveransomfattning: &#8211; 1 x shoppingvagn &#8211; 1 x axelrem &#8211; 1 x bruksanvisning<\/p>\n","protected":false},"excerpt":{"rendered":"<p>SONGMICS shoppingvagn, hopf\u00e4llbar kundvagn, med trappkl\u00e4ttrare, med kylfack, stor kapacitet 35 l, avtagbar v\u00e4ska, svart KST007B01<\/p>\n","protected":false},"featured_media":41398,"comment_status":"open","ping_status":"closed","template":"","meta":[],"product_brand":[],"product_cat":[33],"product_tag":[],"class_list":{"0":"post-13229","1":"product","2":"type-product","3":"status-publish","4":"has-post-thumbnail","6":"product_cat-okategoriserad","8":"first","9":"instock","10":"shipping-taxable","11":"purchasable","12":"product-type-simple"},"_links":{"self":[{"href":"https:\/\/nordicmart.andreevmaster.com\/sv\/wp-json\/wp\/v2\/product\/13229","targetHints":{"allow":["GET"]}}],"collection":[{"href":"https:\/\/nordicmart.andreevmaster.com\/sv\/wp-json\/wp\/v2\/product"}],"about":[{"href":"https:\/\/nordicmart.andreevmaster.com\/sv\/wp-json\/wp\/v2\/types\/product"}],"replies":[{"embeddable":true,"href":"https:\/\/nordicmart.andreevmaster.com\/sv\/wp-json\/wp\/v2\/comments?post=13229"}],"wp:featuredmedia":[{"embeddable":true,"href":"https:\/\/nordicmart.andreevmaster.com\/sv\/wp-json\/wp\/v2\/media\/41398"}],"wp:attachment":[{"href":"https:\/\/nordicmart.andreevmaster.com\/sv\/wp-json\/wp\/v2\/media?parent=13229"}],"wp:term":[{"taxonomy":"product_brand","embeddable":true,"href":"https:\/\/nordicmart.andreevmaster.com\/sv\/wp-json\/wp\/v2\/product_brand?post=13229"},{"taxonomy":"product_cat","embeddable":true,"href":"https:\/\/nordicmart.andreevmaster.com\/sv\/wp-json\/wp\/v2\/product_cat?post=13229"},{"taxonomy":"product_tag","embeddable":true,"href":"https:\/\/nordicmart.andreevmaster.com\/sv\/wp-json\/wp\/v2\/product_tag?post=13229"}],"curies":[{"name":"wp","href":"https:\/\/api.w.org\/{rel}","templated":true}]}}