{"id":13225,"date":"2026-02-27T00:17:02","date_gmt":"2026-02-27T00:17:02","guid":{"rendered":"https:\/\/nordicmart.andreevmaster.com\/product\/songmics-platssparande-kokshylla\/"},"modified":"2026-02-27T08:10:26","modified_gmt":"2026-02-27T08:10:26","slug":"songmics-platssparande-kokshylla","status":"publish","type":"product","link":"https:\/\/nordicmart.andreevmaster.com\/sv\/produkt\/songmics-platssparande-kokshylla\/","title":{"rendered":"SONGMICS Platssparande k\u00f6kshylla"},"content":{"rendered":"<p>Produktdetaljer: F\u00e4rg: Vit Material: PP (polypropen), j\u00e4rnr\u00f6r Total storlek: 40 x 22 x 86 cm (L x B x H) Vikt: 1,95 kg Max. statisk belastningskapacitet: 20 kg (5 kg per niv\u00e5) Leveransomfattning: 1 x rullvagn 3 x krokar 1 x bruksanvisning (DE, EN, DE, FR, ES, IT) SONGMICS Anm\u00e4rkningar: Montera produkten endast enligt beskrivningen i denna bruksanvisning. Demontera den inte med v\u00e5ld. Varje hylla t\u00e5l en belastning p\u00e5 upp till 5 kg. F\u00f6rvara inte tyngre f\u00f6rem\u00e5l p\u00e5 produkten.<\/p>\n","protected":false},"excerpt":{"rendered":"<p>SONGMICS rullvagn med 4 hyllplan, k\u00f6ksvagn, p\u00e5 hjul, platsbesparande k\u00f6kshylla och badrumshylla, f\u00f6r k\u00f6k, kontor och badrum, 40 x 22 x 86 cm, vit KSC10WT<\/p>\n","protected":false},"featured_media":41394,"comment_status":"open","ping_status":"closed","template":"","meta":[],"product_brand":[],"product_cat":[33],"product_tag":[],"class_list":{"0":"post-13225","1":"product","2":"type-product","3":"status-publish","4":"has-post-thumbnail","6":"product_cat-okategoriserad","8":"first","9":"instock","10":"shipping-taxable","11":"purchasable","12":"product-type-simple"},"_links":{"self":[{"href":"https:\/\/nordicmart.andreevmaster.com\/sv\/wp-json\/wp\/v2\/product\/13225","targetHints":{"allow":["GET"]}}],"collection":[{"href":"https:\/\/nordicmart.andreevmaster.com\/sv\/wp-json\/wp\/v2\/product"}],"about":[{"href":"https:\/\/nordicmart.andreevmaster.com\/sv\/wp-json\/wp\/v2\/types\/product"}],"replies":[{"embeddable":true,"href":"https:\/\/nordicmart.andreevmaster.com\/sv\/wp-json\/wp\/v2\/comments?post=13225"}],"wp:featuredmedia":[{"embeddable":true,"href":"https:\/\/nordicmart.andreevmaster.com\/sv\/wp-json\/wp\/v2\/media\/41394"}],"wp:attachment":[{"href":"https:\/\/nordicmart.andreevmaster.com\/sv\/wp-json\/wp\/v2\/media?parent=13225"}],"wp:term":[{"taxonomy":"product_brand","embeddable":true,"href":"https:\/\/nordicmart.andreevmaster.com\/sv\/wp-json\/wp\/v2\/product_brand?post=13225"},{"taxonomy":"product_cat","embeddable":true,"href":"https:\/\/nordicmart.andreevmaster.com\/sv\/wp-json\/wp\/v2\/product_cat?post=13225"},{"taxonomy":"product_tag","embeddable":true,"href":"https:\/\/nordicmart.andreevmaster.com\/sv\/wp-json\/wp\/v2\/product_tag?post=13225"}],"curies":[{"name":"wp","href":"https:\/\/api.w.org\/{rel}","templated":true}]}}