{"id":13224,"date":"2026-02-27T00:17:02","date_gmt":"2026-02-27T00:17:02","guid":{"rendered":"https:\/\/nordicmart.andreevmaster.com\/product\/songmics-nischhylla-pa-hjul\/"},"modified":"2026-02-27T08:10:26","modified_gmt":"2026-02-27T08:10:26","slug":"songmics-nischhylla-pa-hjul","status":"publish","type":"product","link":"https:\/\/nordicmart.andreevmaster.com\/sv\/produkt\/songmics-nischhylla-pa-hjul\/","title":{"rendered":"SONGMICS nischhylla p\u00e5 hjul"},"content":{"rendered":"<p>Allt inom r\u00e4ckh\u00e5ll: Utrustad med 4 h\u00f6gkvalitativa PP-plasthyllor och st\u00f6dd av robusta j\u00e4rnr\u00f6r erbjuder denna rullvagn tillr\u00e4ckligt med utrymme f\u00f6r alla f\u00f6rem\u00e5l som \u00e4nnu inte har hittat en fast plats i ditt hem. Denna m\u00e5ngsidiga vagn klarar ocks\u00e5 deras vikt utan problem. Dessutom passar serveringsvagnen tack vare sin kompakta storlek (40 x 13,5 x 86 cm) perfekt i badrummet f\u00f6r f\u00f6rvaring av sk\u00f6nhetsprodukter, i k\u00f6ket f\u00f6r f\u00f6rvaring av k\u00f6ksredskap eller p\u00e5 kontoret f\u00f6r f\u00f6rvaring av dokument.Produktdetaljer: F\u00e4rg: Vit Material: PP (polypropen), j\u00e4rnr\u00f6r Total storlek: 40 x 13,5 x 86 cm (L x B x H) Vikt: 1,3 kg Max. statisk belastningskapacitet: 20 kg (5 kg per niv\u00e5) Leveransomfattning: 1 x rullvagn 3 x krokar 1 x bruksanvisning (DE, EN, DE, FR, ES, IT)SONGMICS Anm\u00e4rkningar:Montera produkten endast enligt beskrivningen i denna bruksanvisning. Demontera den inte med v\u00e5ld.Varje hylla har en belastningskapacitet p\u00e5 upp till 5 kg. F\u00f6rvara inte tyngre f\u00f6rem\u00e5l p\u00e5 produkten.<\/p>\n","protected":false},"excerpt":{"rendered":"<p>SONGMICS rullvagn, k\u00f6ksvagn med 4 niv\u00e5er, k\u00f6kshylla, nischhylla p\u00e5 hjul, badrumshylla, platsbesparande, 40 x 13,5 x 86 cm, vit KSC08WT<\/p>\n","protected":false},"featured_media":41393,"comment_status":"open","ping_status":"closed","template":"","meta":[],"product_brand":[],"product_cat":[33],"product_tag":[],"class_list":{"0":"post-13224","1":"product","2":"type-product","3":"status-publish","4":"has-post-thumbnail","6":"product_cat-okategoriserad","8":"first","9":"instock","10":"shipping-taxable","11":"purchasable","12":"product-type-simple"},"_links":{"self":[{"href":"https:\/\/nordicmart.andreevmaster.com\/sv\/wp-json\/wp\/v2\/product\/13224","targetHints":{"allow":["GET"]}}],"collection":[{"href":"https:\/\/nordicmart.andreevmaster.com\/sv\/wp-json\/wp\/v2\/product"}],"about":[{"href":"https:\/\/nordicmart.andreevmaster.com\/sv\/wp-json\/wp\/v2\/types\/product"}],"replies":[{"embeddable":true,"href":"https:\/\/nordicmart.andreevmaster.com\/sv\/wp-json\/wp\/v2\/comments?post=13224"}],"wp:featuredmedia":[{"embeddable":true,"href":"https:\/\/nordicmart.andreevmaster.com\/sv\/wp-json\/wp\/v2\/media\/41393"}],"wp:attachment":[{"href":"https:\/\/nordicmart.andreevmaster.com\/sv\/wp-json\/wp\/v2\/media?parent=13224"}],"wp:term":[{"taxonomy":"product_brand","embeddable":true,"href":"https:\/\/nordicmart.andreevmaster.com\/sv\/wp-json\/wp\/v2\/product_brand?post=13224"},{"taxonomy":"product_cat","embeddable":true,"href":"https:\/\/nordicmart.andreevmaster.com\/sv\/wp-json\/wp\/v2\/product_cat?post=13224"},{"taxonomy":"product_tag","embeddable":true,"href":"https:\/\/nordicmart.andreevmaster.com\/sv\/wp-json\/wp\/v2\/product_tag?post=13224"}],"curies":[{"name":"wp","href":"https:\/\/api.w.org\/{rel}","templated":true}]}}